{"id":574,"date":"2023-10-12T20:49:57","date_gmt":"2023-10-12T20:49:57","guid":{"rendered":"https:\/\/sitetemp.inforabreu.pt\/aefp\/?page_id=574"},"modified":"2025-10-17T14:35:40","modified_gmt":"2025-10-17T14:35:40","slug":"associacao-de-pais","status":"publish","type":"page","link":"https:\/\/aefernandopessoa.edu.pt\/index.php\/associacao-de-pais\/","title":{"rendered":"Associa\u00e7\u00e3o de Pais"},"content":{"rendered":"\t\t<div data-elementor-type=\"wp-page\" data-elementor-id=\"574\" class=\"elementor elementor-574\">\n\t\t\t\t\t\t<section class=\"elementor-section elementor-top-section elementor-element elementor-element-441948bb elementor-section-boxed elementor-section-height-default elementor-section-height-default\" data-id=\"441948bb\" data-element_type=\"section\" data-settings=\"{&quot;background_background&quot;:&quot;classic&quot;}\">\n\t\t\t\t\t\t\t<div class=\"elementor-background-overlay\"><\/div>\n\t\t\t\t\t\t\t<div class=\"elementor-container elementor-column-gap-default\">\n\t\t\t\t\t<div class=\"elementor-column elementor-col-100 elementor-top-column elementor-element elementor-element-6621002c\" data-id=\"6621002c\" data-element_type=\"column\">\n\t\t\t<div class=\"elementor-widget-wrap elementor-element-populated\">\n\t\t\t\t\t\t<div class=\"elementor-element elementor-element-372914db elementor-widget elementor-widget-heading\" data-id=\"372914db\" data-element_type=\"widget\" data-widget_type=\"heading.default\">\n\t\t\t\t<div class=\"elementor-widget-container\">\n\t\t\t\t\t<h2 class=\"elementor-heading-title elementor-size-default\">Associa\u00e7\u00e3o de Pais<\/h2>\t\t\t\t<\/div>\n\t\t\t\t<\/div>\n\t\t\t\t\t<\/div>\n\t\t<\/div>\n\t\t\t\t\t<\/div>\n\t\t<\/section>\n\t\t\t\t<section class=\"elementor-section elementor-top-section elementor-element elementor-element-5a286a87 elementor-section-boxed elementor-section-height-default elementor-section-height-default\" data-id=\"5a286a87\" data-element_type=\"section\">\n\t\t\t\t\t\t<div class=\"elementor-container elementor-column-gap-default\">\n\t\t\t\t\t<div class=\"elementor-column elementor-col-100 elementor-top-column elementor-element elementor-element-5be65c2\" data-id=\"5be65c2\" data-element_type=\"column\">\n\t\t\t<div class=\"elementor-widget-wrap elementor-element-populated\">\n\t\t\t\t\t\t<div class=\"elementor-element elementor-element-c940436 elementor-widget elementor-widget-text-editor\" data-id=\"c940436\" data-element_type=\"widget\" data-widget_type=\"text-editor.default\">\n\t\t\t\t<div class=\"elementor-widget-container\">\n\t\t\t\t\t\t\t\t\t<p><strong>Associa\u00e7\u00e3o de Pais da Escola B\u00e1sica 2,3 Fernando Pessoa<\/strong><\/p><p>Site: <a href=\"https:\/\/apfp.pt\/\">https:\/\/apfp.pt\/<\/a><\/p><p>Email: <a href=\"mailto:info@apfp.pt\">info@apfp.pt<\/a><\/p><p>Email ATL Cogumelo: <a href=\"mailto:geral@cogumelo.pt\">geral@cogumelo.pt<\/a><\/p><p><strong>Associa\u00e7\u00e3o de Pais da EB1 com JI Arco \u00cdris<\/strong><\/p><p>Email: <a href=\"mailto:ap.arcoirisolivais@gmail.com\">ap.arcoirisolivais@gmail.com<\/a><\/p><p><b>Associa\u00e7\u00e3o de Pais da EB1 com JI Adriano Correia de oliveira<\/b><\/p><p>Email: <a href=\"mailto:associacaodepaisdaaco.pt@gmail.com\">associacaodepaisdaaco.pt@gmail.com\u00a0<\/a><\/p>\t\t\t\t\t\t\t\t<\/div>\n\t\t\t\t<\/div>\n\t\t\t\t\t<\/div>\n\t\t<\/div>\n\t\t\t\t\t<\/div>\n\t\t<\/section>\n\t\t\t\t<\/div>\n\t\t","protected":false},"excerpt":{"rendered":"<p>Associa\u00e7\u00e3o de Pais Associa\u00e7\u00e3o de Pais da Escola B\u00e1sica 2,3 Fernando Pessoa Site: https:\/\/apfp.pt\/ Email: info@apfp.pt Email ATL Cogumelo: geral@cogumelo.pt Associa\u00e7\u00e3o de Pais da EB1 com JI Arco \u00cdris Email: ap.arcoirisolivais@gmail.com Associa\u00e7\u00e3o de Pais da EB1 com JI Adriano Correia de oliveira Email: associacaodepaisdaaco.pt@gmail.com\u00a0<\/p>\n","protected":false},"author":2,"featured_media":0,"parent":0,"menu_order":0,"comment_status":"closed","ping_status":"closed","template":"elementor_header_footer","meta":{"_seopress_robots_primary_cat":"","_seopress_titles_title":"","_seopress_titles_desc":"","_seopress_robots_index":"","footnotes":""},"class_list":["post-574","page","type-page","status-publish","hentry"],"_links":{"self":[{"href":"https:\/\/aefernandopessoa.edu.pt\/index.php\/wp-json\/wp\/v2\/pages\/574","targetHints":{"allow":["GET"]}}],"collection":[{"href":"https:\/\/aefernandopessoa.edu.pt\/index.php\/wp-json\/wp\/v2\/pages"}],"about":[{"href":"https:\/\/aefernandopessoa.edu.pt\/index.php\/wp-json\/wp\/v2\/types\/page"}],"author":[{"embeddable":true,"href":"https:\/\/aefernandopessoa.edu.pt\/index.php\/wp-json\/wp\/v2\/users\/2"}],"replies":[{"embeddable":true,"href":"https:\/\/aefernandopessoa.edu.pt\/index.php\/wp-json\/wp\/v2\/comments?post=574"}],"version-history":[{"count":70,"href":"https:\/\/aefernandopessoa.edu.pt\/index.php\/wp-json\/wp\/v2\/pages\/574\/revisions"}],"predecessor-version":[{"id":3182,"href":"https:\/\/aefernandopessoa.edu.pt\/index.php\/wp-json\/wp\/v2\/pages\/574\/revisions\/3182"}],"wp:attachment":[{"href":"https:\/\/aefernandopessoa.edu.pt\/index.php\/wp-json\/wp\/v2\/media?parent=574"}],"curies":[{"name":"wp","href":"https:\/\/api.w.org\/{rel}","templated":true}]}}