{"id":408,"date":"2023-09-20T10:59:43","date_gmt":"2023-09-20T10:59:43","guid":{"rendered":"https:\/\/sitetemp.inforabreu.pt\/aefp\/?page_id=408"},"modified":"2025-11-17T21:13:59","modified_gmt":"2025-11-17T21:13:59","slug":"escola-eb1-ji-arco-iris","status":"publish","type":"page","link":"https:\/\/aefernandopessoa.edu.pt\/index.php\/escola-eb1-ji-arco-iris\/","title":{"rendered":"Escola EB1 c\/ JI Arco-\u00cdris"},"content":{"rendered":"\t\t<div data-elementor-type=\"wp-page\" data-elementor-id=\"408\" class=\"elementor elementor-408\">\n\t\t\t\t\t\t<section class=\"elementor-section elementor-top-section elementor-element elementor-element-6c814056 elementor-section-boxed elementor-section-height-default elementor-section-height-default\" data-id=\"6c814056\" data-element_type=\"section\" data-settings=\"{&quot;background_background&quot;:&quot;classic&quot;}\">\n\t\t\t\t\t\t\t<div class=\"elementor-background-overlay\"><\/div>\n\t\t\t\t\t\t\t<div class=\"elementor-container elementor-column-gap-default\">\n\t\t\t\t\t<div class=\"elementor-column elementor-col-100 elementor-top-column elementor-element elementor-element-7ff27ec9\" data-id=\"7ff27ec9\" data-element_type=\"column\">\n\t\t\t<div class=\"elementor-widget-wrap elementor-element-populated\">\n\t\t\t\t\t\t<div class=\"elementor-element elementor-element-68b4929 elementor-widget elementor-widget-heading\" data-id=\"68b4929\" data-element_type=\"widget\" data-widget_type=\"heading.default\">\n\t\t\t\t<div class=\"elementor-widget-container\">\n\t\t\t\t\t<h2 class=\"elementor-heading-title elementor-size-default\">Escola EB1 c\/ JI Arco-\u00cdris<\/h2>\t\t\t\t<\/div>\n\t\t\t\t<\/div>\n\t\t\t\t\t<\/div>\n\t\t<\/div>\n\t\t\t\t\t<\/div>\n\t\t<\/section>\n\t\t\t\t<section class=\"elementor-section elementor-top-section elementor-element elementor-element-31899b2 elementor-section-boxed elementor-section-height-default elementor-section-height-default\" data-id=\"31899b2\" data-element_type=\"section\">\n\t\t\t\t\t\t<div class=\"elementor-container elementor-column-gap-default\">\n\t\t\t\t\t<div class=\"elementor-column elementor-col-100 elementor-top-column elementor-element elementor-element-351f6f3\" data-id=\"351f6f3\" data-element_type=\"column\">\n\t\t\t<div class=\"elementor-widget-wrap elementor-element-populated\">\n\t\t\t\t\t\t<div class=\"elementor-element elementor-element-4240ad5 elementor-widget elementor-widget-text-editor\" data-id=\"4240ad5\" data-element_type=\"widget\" data-widget_type=\"text-editor.default\">\n\t\t\t\t<div class=\"elementor-widget-container\">\n\t\t\t\t\t\t\t\t\t<p class=\"p1\"><span style=\"color: #000000;\">A Escola EB1 C\/ JI Arco-\u00cdris localiza-se na Rua Cidade de Nampula, Freguesia dos Olivais. No edif\u00edcio funcionam o 1.\u00ba ciclo e o pr\u00e9-escolar.<\/span><\/p><p class=\"p1\"><span style=\"color: #000000;\">A escola foi requalificada e apresenta um polivalente amplo, \u00e0 volta do qual se situam as salas de aula, distribu\u00eddas por dois pisos. A escola tem 15 salas de aula: 4 do JI e 11 do 1.\u00ba ciclo (8 com turmas, uma com o Centro de Apoio \u00e0 Aprendizagem, uma para sala de Express\u00f5es\/Apoios e Terapias e uma sala para a Matem\u00e1tica\/Apoios e Terapias). As instala\u00e7\u00f5es integram ainda um refeit\u00f3rio com copa e cozinha, uma biblioteca, uma sala de inform\u00e1tica, sala de professores, sala de Assistentes Operacionais e dois gabinetes. O espa\u00e7o exterior,\u00a0 \u00e9 composto por dois telheiros, um parque infantil e um campo de basquetebol.<\/span><\/p>\t\t\t\t\t\t\t\t<\/div>\n\t\t\t\t<\/div>\n\t\t\t\t<div class=\"elementor-element elementor-element-a8254d2 elementor-align-center elementor-widget elementor-widget-button\" data-id=\"a8254d2\" data-element_type=\"widget\" data-widget_type=\"button.default\">\n\t\t\t\t<div class=\"elementor-widget-container\">\n\t\t\t\t\t\t\t\t\t<div class=\"elementor-button-wrapper\">\n\t\t\t\t\t<a class=\"elementor-button elementor-button-link elementor-size-lg\" href=\"#\">\n\t\t\t\t\t\t<span class=\"elementor-button-content-wrapper\">\n\t\t\t\t\t\t<span class=\"elementor-button-icon\">\n\t\t\t\t<i aria-hidden=\"true\" class=\"far fa-star\"><\/i>\t\t\t<\/span>\n\t\t\t\t\t\t\t\t\t<span class=\"elementor-button-text\">ATIVIDADES<\/span>\n\t\t\t\t\t<\/span>\n\t\t\t\t\t<\/a>\n\t\t\t\t<\/div>\n\t\t\t\t\t\t\t\t<\/div>\n\t\t\t\t<\/div>\n\t\t\t\t\t<\/div>\n\t\t<\/div>\n\t\t\t\t\t<\/div>\n\t\t<\/section>\n\t\t\t\t<section class=\"elementor-section elementor-top-section elementor-element elementor-element-5121d06 elementor-section-boxed elementor-section-height-default elementor-section-height-default\" data-id=\"5121d06\" data-element_type=\"section\">\n\t\t\t\t\t\t<div class=\"elementor-container elementor-column-gap-default\">\n\t\t\t\t\t<div class=\"elementor-column elementor-col-100 elementor-top-column elementor-element elementor-element-28644a1\" data-id=\"28644a1\" data-element_type=\"column\">\n\t\t\t<div class=\"elementor-widget-wrap elementor-element-populated\">\n\t\t\t\t\t\t<div class=\"elementor-element elementor-element-a20ba95 elementor-widget elementor-widget-image-carousel\" data-id=\"a20ba95\" data-element_type=\"widget\" data-settings=\"{&quot;navigation&quot;:&quot;none&quot;,&quot;autoplay&quot;:&quot;yes&quot;,&quot;pause_on_hover&quot;:&quot;yes&quot;,&quot;pause_on_interaction&quot;:&quot;yes&quot;,&quot;autoplay_speed&quot;:5000,&quot;infinite&quot;:&quot;yes&quot;,&quot;speed&quot;:500}\" data-widget_type=\"image-carousel.default\">\n\t\t\t\t<div class=\"elementor-widget-container\">\n\t\t\t\t\t\t\t<div class=\"elementor-image-carousel-wrapper swiper\" role=\"region\" aria-roledescription=\"carousel\" aria-label=\"Image Carousel\" dir=\"ltr\">\n\t\t\t<div class=\"elementor-image-carousel swiper-wrapper swiper-image-stretch\" aria-live=\"off\">\n\t\t\t\t\t\t\t\t<div class=\"swiper-slide\" role=\"group\" aria-roledescription=\"slide\" aria-label=\"1 of 4\"><figure class=\"swiper-slide-inner\"><img decoding=\"async\" class=\"swiper-slide-image\" src=\"https:\/\/aefernandopessoa.edu.pt\/wp-content\/uploads\/2025\/11\/eb_arco_iris.jpeg\" alt=\"eb_arco_iris\" \/><\/figure><\/div><div class=\"swiper-slide\" role=\"group\" aria-roledescription=\"slide\" aria-label=\"2 of 4\"><figure class=\"swiper-slide-inner\"><img decoding=\"async\" class=\"swiper-slide-image\" src=\"https:\/\/aefernandopessoa.edu.pt\/wp-content\/uploads\/2025\/11\/IMG-20251117-WA0001-1.jpg\" alt=\"IMG-20251117-WA0001\" \/><\/figure><\/div><div class=\"swiper-slide\" role=\"group\" aria-roledescription=\"slide\" aria-label=\"3 of 4\"><figure class=\"swiper-slide-inner\"><img decoding=\"async\" class=\"swiper-slide-image\" src=\"https:\/\/aefernandopessoa.edu.pt\/wp-content\/uploads\/2023\/10\/Arco-i\u0301ris-5.jpeg\" alt=\"Arco-i\u0301ris 5\" \/><\/figure><\/div><div class=\"swiper-slide\" role=\"group\" aria-roledescription=\"slide\" aria-label=\"4 of 4\"><figure class=\"swiper-slide-inner\"><img decoding=\"async\" class=\"swiper-slide-image\" src=\"https:\/\/aefernandopessoa.edu.pt\/wp-content\/uploads\/2025\/11\/ProjetoCidadania-2.jpg\" alt=\"ProjetoCidadania (2)\" \/><\/figure><\/div>\t\t\t<\/div>\n\t\t\t\t\t\t\t\n\t\t\t\t\t\t\t\t\t<\/div>\n\t\t\t\t\t\t<\/div>\n\t\t\t\t<\/div>\n\t\t\t\t\t<\/div>\n\t\t<\/div>\n\t\t\t\t\t<\/div>\n\t\t<\/section>\n\t\t\t\t<section class=\"elementor-section elementor-top-section elementor-element elementor-element-254a010 elementor-section-boxed elementor-section-height-default elementor-section-height-default\" data-id=\"254a010\" data-element_type=\"section\">\n\t\t\t\t\t\t<div class=\"elementor-container elementor-column-gap-default\">\n\t\t\t\t\t<div class=\"elementor-column elementor-col-100 elementor-top-column elementor-element elementor-element-6ea506a\" data-id=\"6ea506a\" data-element_type=\"column\">\n\t\t\t<div class=\"elementor-widget-wrap elementor-element-populated\">\n\t\t\t\t\t\t<div class=\"elementor-element elementor-element-241b2da elementor-grid-eael-col-1 elementor-grid-tablet-eael-col-2 elementor-grid-mobile-eael-col-1 elementor-widget elementor-widget-eael-post-grid\" data-id=\"241b2da\" data-element_type=\"widget\" data-settings=\"{&quot;eael_post_grid_columns&quot;:&quot;eael-col-1&quot;,&quot;eael_post_grid_columns_tablet&quot;:&quot;eael-col-2&quot;,&quot;eael_post_grid_columns_mobile&quot;:&quot;eael-col-1&quot;}\" data-widget_type=\"eael-post-grid.default\">\n\t\t\t\t<div class=\"elementor-widget-container\">\n\t\t\t\t\t<div id=\"eael-post-grid-241b2da\" class=\"eael-post-grid-container\">\n            <div class=\"eael-post-grid eael-post-appender eael-post-appender-241b2da eael-post-grid-style-three\" data-layout-mode=\"masonry\"><article class=\"eael-grid-post eael-post-grid-column\" data-id=\"3871\">\n        <div class=\"eael-grid-post-holder\">\n            <div class=\"eael-grid-post-holder-inner\"><div class=\"eael-entry-wrapper\"><header class=\"eael-entry-header\"><h2 class=\"eael-entry-title\"><a class=\"eael-grid-post-link\" href=\"https:\/\/aefernandopessoa.edu.pt\/index.php\/2026\/04\/24\/ensino-articulado-matriculas\/\" title=\"Ensino Articulado &#8211; Matr\u00edculas\">Ensino Articulado &#8211; Matr\u00edculas<\/a><\/h2><\/header><div class=\"eael-entry-meta\"><span class=\"eael-posted-by\"><a href=\"https:\/\/aefernandopessoa.edu.pt\/index.php\/author\/direcaoaefp\/\" title=\"Posts by Dire\u00e7\u00e3o AEFP\" rel=\"author\">Dire\u00e7\u00e3o AEFP<\/a><\/span><span class=\"eael-posted-on\"><time datetime=\"April 24, 2026\">April 24, 2026<\/time><\/span><\/div><div class=\"eael-entry-content\">\n                        <div class=\"eael-grid-post-excerpt\"><p>Encontra-se a decorrer o per\u00edodo de inscri\u00e7\u00f5es para provas de...<\/p><a href=\"https:\/\/aefernandopessoa.edu.pt\/index.php\/2026\/04\/24\/ensino-articulado-matriculas\/\" class=\"eael-post-elements-readmore-btn\">Read More<\/a><\/div>\n                    <\/div><\/div><\/div>\n        <\/div>\n    <\/article><article class=\"eael-grid-post eael-post-grid-column\" data-id=\"3863\">\n        <div class=\"eael-grid-post-holder\">\n            <div class=\"eael-grid-post-holder-inner\"><div class=\"eael-entry-wrapper\"><header class=\"eael-entry-header\"><h2 class=\"eael-entry-title\"><a class=\"eael-grid-post-link\" href=\"https:\/\/aefernandopessoa.edu.pt\/index.php\/2026\/04\/16\/matriculas-2026-2027\/\" title=\"Matr\u00edculas 2026\/2027\">Matr\u00edculas 2026\/2027<\/a><\/h2><\/header><div class=\"eael-entry-meta\"><span class=\"eael-posted-by\"><a href=\"https:\/\/aefernandopessoa.edu.pt\/index.php\/author\/direcaoaefp\/\" title=\"Posts by Dire\u00e7\u00e3o AEFP\" rel=\"author\">Dire\u00e7\u00e3o AEFP<\/a><\/span><span class=\"eael-posted-on\"><time datetime=\"April 16, 2026\">April 16, 2026<\/time><\/span><\/div><div class=\"eael-entry-content\">\n                        <div class=\"eael-grid-post-excerpt\"><p>Est\u00e3o j\u00e1 dispon\u00edveis informa\u00e7\u00f5es e o calend\u00e1rio das matr\u00edculas para...<\/p><a href=\"https:\/\/aefernandopessoa.edu.pt\/index.php\/2026\/04\/16\/matriculas-2026-2027\/\" class=\"eael-post-elements-readmore-btn\">Read More<\/a><\/div>\n                    <\/div><\/div><\/div>\n        <\/div>\n    <\/article><article class=\"eael-grid-post eael-post-grid-column\" data-id=\"3834\">\n        <div class=\"eael-grid-post-holder\">\n            <div class=\"eael-grid-post-holder-inner\"><div class=\"eael-entry-wrapper\"><header class=\"eael-entry-header\"><h2 class=\"eael-entry-title\"><a class=\"eael-grid-post-link\" href=\"https:\/\/aefernandopessoa.edu.pt\/index.php\/2026\/04\/09\/projeto-de-cidadania-reflorestar-portugal-a-partir-de-rolhas-de-cortica-2\/\" title=\"Projeto de Cidadania &#8211; Reflorestar Portugal a partir de rolhas de corti\u00e7a&#8221;\">Projeto de Cidadania &#8211; Reflorestar Portugal a partir de rolhas de corti\u00e7a&#8221;<\/a><\/h2><\/header><div class=\"eael-entry-meta\"><span class=\"eael-posted-by\"><a href=\"https:\/\/aefernandopessoa.edu.pt\/index.php\/author\/direcaoaefp\/\" title=\"Posts by Dire\u00e7\u00e3o AEFP\" rel=\"author\">Dire\u00e7\u00e3o AEFP<\/a><\/span><span class=\"eael-posted-on\"><time datetime=\"April 9, 2026\">April 9, 2026<\/time><\/span><\/div><div class=\"eael-entry-content\">\n                        <div class=\"eael-grid-post-excerpt\"><p>A recolha de rolhas no \u00e2mbito deste projeto terminou em...<\/p><a href=\"https:\/\/aefernandopessoa.edu.pt\/index.php\/2026\/04\/09\/projeto-de-cidadania-reflorestar-portugal-a-partir-de-rolhas-de-cortica-2\/\" class=\"eael-post-elements-readmore-btn\">Read More<\/a><\/div>\n                    <\/div><\/div><\/div>\n        <\/div>\n    <\/article><article class=\"eael-grid-post eael-post-grid-column\" data-id=\"3806\">\n        <div class=\"eael-grid-post-holder\">\n            <div class=\"eael-grid-post-holder-inner\"><div class=\"eael-entry-wrapper\"><header class=\"eael-entry-header\"><h2 class=\"eael-entry-title\"><a class=\"eael-grid-post-link\" href=\"https:\/\/aefernandopessoa.edu.pt\/index.php\/2026\/04\/08\/avaliacoes-2-o-periodo-2025-2026\/\" title=\"Avalia\u00e7\u00f5es 2.\u00ba Per\u00edodo 2025\/2026\">Avalia\u00e7\u00f5es 2.\u00ba Per\u00edodo 2025\/2026<\/a><\/h2><\/header><div class=\"eael-entry-meta\"><span class=\"eael-posted-by\"><a href=\"https:\/\/aefernandopessoa.edu.pt\/index.php\/author\/direcaoaefp\/\" title=\"Posts by Dire\u00e7\u00e3o AEFP\" rel=\"author\">Dire\u00e7\u00e3o AEFP<\/a><\/span><span class=\"eael-posted-on\"><time datetime=\"April 8, 2026\">April 8, 2026<\/time><\/span><\/div><div class=\"eael-entry-content\">\n                        <div class=\"eael-grid-post-excerpt\"><p>Informamos que as avalia\u00e7\u00f5es do 2.\u00ba per\u00edodo do presente ano...<\/p><a href=\"https:\/\/aefernandopessoa.edu.pt\/index.php\/2026\/04\/08\/avaliacoes-2-o-periodo-2025-2026\/\" class=\"eael-post-elements-readmore-btn\">Read More<\/a><\/div>\n                    <\/div><\/div><\/div>\n        <\/div>\n    <\/article><article class=\"eael-grid-post eael-post-grid-column\" data-id=\"3766\">\n        <div class=\"eael-grid-post-holder\">\n            <div class=\"eael-grid-post-holder-inner\"><div class=\"eael-entry-wrapper\"><header class=\"eael-entry-header\"><h2 class=\"eael-entry-title\"><a class=\"eael-grid-post-link\" href=\"https:\/\/aefernandopessoa.edu.pt\/index.php\/2026\/03\/24\/provas-ensaio-provas-moda-provas-finais\/\" title=\"Provas Ensaio, Provas ModA, Provas Finais\">Provas Ensaio, Provas ModA, Provas Finais<\/a><\/h2><\/header><div class=\"eael-entry-meta\"><span class=\"eael-posted-by\"><a href=\"https:\/\/aefernandopessoa.edu.pt\/index.php\/author\/direcaoaefp\/\" title=\"Posts by Dire\u00e7\u00e3o AEFP\" rel=\"author\">Dire\u00e7\u00e3o AEFP<\/a><\/span><span class=\"eael-posted-on\"><time datetime=\"March 24, 2026\">March 24, 2026<\/time><\/span><\/div><div class=\"eael-entry-content\">\n                        <div class=\"eael-grid-post-excerpt\"><p>Informa\u00e7\u00f5es sobre Provas Ensaio, Provas MoDA e Provas finais (9,\u00ba...<\/p><a href=\"https:\/\/aefernandopessoa.edu.pt\/index.php\/2026\/03\/24\/provas-ensaio-provas-moda-provas-finais\/\" class=\"eael-post-elements-readmore-btn\">Read More<\/a><\/div>\n                    <\/div><\/div><\/div>\n        <\/div>\n    <\/article><article class=\"eael-grid-post eael-post-grid-column\" data-id=\"3590\">\n        <div class=\"eael-grid-post-holder\">\n            <div class=\"eael-grid-post-holder-inner\"><div class=\"eael-entry-wrapper\"><header class=\"eael-entry-header\"><h2 class=\"eael-entry-title\"><a class=\"eael-grid-post-link\" href=\"https:\/\/aefernandopessoa.edu.pt\/index.php\/2026\/02\/26\/entrega-dos-quadros-de-excelencia-2024-2025\/\" title=\"Entrega dos Quadros de Excel\u00eancia 2024\/2025\">Entrega dos Quadros de Excel\u00eancia 2024\/2025<\/a><\/h2><\/header><div class=\"eael-entry-meta\"><span class=\"eael-posted-by\"><a href=\"https:\/\/aefernandopessoa.edu.pt\/index.php\/author\/direcaoaefp\/\" title=\"Posts by Dire\u00e7\u00e3o AEFP\" rel=\"author\">Dire\u00e7\u00e3o AEFP<\/a><\/span><span class=\"eael-posted-on\"><time datetime=\"February 26, 2026\">February 26, 2026<\/time><\/span><\/div><div class=\"eael-entry-content\">\n                        <div class=\"eael-grid-post-excerpt\"><p>No passado dia 5 de fevereiro de 2026, realizou-se na...<\/p><a href=\"https:\/\/aefernandopessoa.edu.pt\/index.php\/2026\/02\/26\/entrega-dos-quadros-de-excelencia-2024-2025\/\" class=\"eael-post-elements-readmore-btn\">Read More<\/a><\/div>\n                    <\/div><\/div><\/div>\n        <\/div>\n    <\/article><article class=\"eael-grid-post eael-post-grid-column\" data-id=\"3519\">\n        <div class=\"eael-grid-post-holder\">\n            <div class=\"eael-grid-post-holder-inner\"><div class=\"eael-entry-wrapper\"><header class=\"eael-entry-header\"><h2 class=\"eael-entry-title\"><a class=\"eael-grid-post-link\" href=\"https:\/\/aefernandopessoa.edu.pt\/index.php\/2026\/01\/23\/jornal-escolar-heternonimos\/\" title=\"Jornal Escolar &#8211; Heter\u00f3nimos\">Jornal Escolar &#8211; Heter\u00f3nimos<\/a><\/h2><\/header><div class=\"eael-entry-meta\"><span class=\"eael-posted-by\"><a href=\"https:\/\/aefernandopessoa.edu.pt\/index.php\/author\/direcaoaefp\/\" title=\"Posts by Dire\u00e7\u00e3o AEFP\" rel=\"author\">Dire\u00e7\u00e3o AEFP<\/a><\/span><span class=\"eael-posted-on\"><time datetime=\"January 23, 2026\">January 23, 2026<\/time><\/span><\/div><div class=\"eael-entry-content\">\n                        <div class=\"eael-grid-post-excerpt\"><p>O Jornal Heter\u00f3nimos, projeto desenvolvido pela comunidade educativa do Agrupamento,...<\/p><a href=\"https:\/\/aefernandopessoa.edu.pt\/index.php\/2026\/01\/23\/jornal-escolar-heternonimos\/\" class=\"eael-post-elements-readmore-btn\">Read More<\/a><\/div>\n                    <\/div><\/div><\/div>\n        <\/div>\n    <\/article><article class=\"eael-grid-post eael-post-grid-column\" data-id=\"3444\">\n        <div class=\"eael-grid-post-holder\">\n            <div class=\"eael-grid-post-holder-inner\"><div class=\"eael-entry-wrapper\"><header class=\"eael-entry-header\"><h2 class=\"eael-entry-title\"><a class=\"eael-grid-post-link\" href=\"https:\/\/aefernandopessoa.edu.pt\/index.php\/2025\/12\/23\/avaliacoes-1-o-periodo-2025-2026\/\" title=\"Avalia\u00e7\u00f5es 1.\u00ba Per\u00edodo 2025\/2026\">Avalia\u00e7\u00f5es 1.\u00ba Per\u00edodo 2025\/2026<\/a><\/h2><\/header><div class=\"eael-entry-meta\"><span class=\"eael-posted-by\"><a href=\"https:\/\/aefernandopessoa.edu.pt\/index.php\/author\/direcaoaefp\/\" title=\"Posts by Dire\u00e7\u00e3o AEFP\" rel=\"author\">Dire\u00e7\u00e3o AEFP<\/a><\/span><span class=\"eael-posted-on\"><time datetime=\"December 23, 2025\">December 23, 2025<\/time><\/span><\/div><div class=\"eael-entry-content\">\n                        <div class=\"eael-grid-post-excerpt\"><p>Informamos que as avalia\u00e7\u00f5es do 1.\u00ba per\u00edodo do presente ano...<\/p><a href=\"https:\/\/aefernandopessoa.edu.pt\/index.php\/2025\/12\/23\/avaliacoes-1-o-periodo-2025-2026\/\" class=\"eael-post-elements-readmore-btn\">Read More<\/a><\/div>\n                    <\/div><\/div><\/div>\n        <\/div>\n    <\/article><article class=\"eael-grid-post eael-post-grid-column\" data-id=\"3412\">\n        <div class=\"eael-grid-post-holder\">\n            <div class=\"eael-grid-post-holder-inner\"><div class=\"eael-entry-wrapper\"><header class=\"eael-entry-header\"><h2 class=\"eael-entry-title\"><a class=\"eael-grid-post-link\" href=\"https:\/\/aefernandopessoa.edu.pt\/index.php\/2025\/12\/12\/projeto-de-cidadania-reflorestar-portugal-a-partir-de-rolhas-de-cortica\/\" title=\"Projeto de Cidadania &#8211; Reflorestar Portugal a partir de rolhas de corti\u00e7a\">Projeto de Cidadania &#8211; Reflorestar Portugal a partir de rolhas de corti\u00e7a<\/a><\/h2><\/header><div class=\"eael-entry-meta\"><span class=\"eael-posted-by\"><a href=\"https:\/\/aefernandopessoa.edu.pt\/index.php\/author\/direcaoaefp\/\" title=\"Posts by Dire\u00e7\u00e3o AEFP\" rel=\"author\">Dire\u00e7\u00e3o AEFP<\/a><\/span><span class=\"eael-posted-on\"><time datetime=\"December 12, 2025\">December 12, 2025<\/time><\/span><\/div><div class=\"eael-entry-content\">\n                        <div class=\"eael-grid-post-excerpt\"><p>At\u00e9 agora, gra\u00e7as \u00e0 recolha de 10\u00a0300 rolhas entregues na...<\/p><a href=\"https:\/\/aefernandopessoa.edu.pt\/index.php\/2025\/12\/12\/projeto-de-cidadania-reflorestar-portugal-a-partir-de-rolhas-de-cortica\/\" class=\"eael-post-elements-readmore-btn\">Read More<\/a><\/div>\n                    <\/div><\/div><\/div>\n        <\/div>\n    <\/article><article class=\"eael-grid-post eael-post-grid-column\" data-id=\"3387\">\n        <div class=\"eael-grid-post-holder\">\n            <div class=\"eael-grid-post-holder-inner\"><div class=\"eael-entry-wrapper\"><header class=\"eael-entry-header\"><h2 class=\"eael-entry-title\"><a class=\"eael-grid-post-link\" href=\"https:\/\/aefernandopessoa.edu.pt\/index.php\/2025\/12\/06\/dia-mundial-da-pessoa-com-deficiencia-eb-1-c-ji-arco-iris\/\" title=\"Dia Mundial da Pessoa com Defici\u00eancia &#8211; EB 1 c\/ JI Arco \u00cdris\">Dia Mundial da Pessoa com Defici\u00eancia &#8211; EB 1 c\/ JI Arco \u00cdris<\/a><\/h2><\/header><div class=\"eael-entry-meta\"><span class=\"eael-posted-by\"><a href=\"https:\/\/aefernandopessoa.edu.pt\/index.php\/author\/direcaoaefp\/\" title=\"Posts by Dire\u00e7\u00e3o AEFP\" rel=\"author\">Dire\u00e7\u00e3o AEFP<\/a><\/span><span class=\"eael-posted-on\"><time datetime=\"December 6, 2025\">December 6, 2025<\/time><\/span><\/div><div class=\"eael-entry-content\">\n                        <div class=\"eael-grid-post-excerpt\"><p>Os alunos do 1.\u00ba ciclo da escola EB1 Arco-\u00cdris celebraram...<\/p><a href=\"https:\/\/aefernandopessoa.edu.pt\/index.php\/2025\/12\/06\/dia-mundial-da-pessoa-com-deficiencia-eb-1-c-ji-arco-iris\/\" class=\"eael-post-elements-readmore-btn\">Read More<\/a><\/div>\n                    <\/div><\/div><\/div>\n        <\/div>\n    <\/article><\/div>\n            <div class=\"clearfix\"><\/div>\n        <\/div>            <div class=\"eael-load-more-button-wrap eael-force-hide\">\n                <button class=\"eael-load-more-button\" id=\"eael-load-more-btn-241b2da\" data-widget-id=\"241b2da\" data-widget=\"241b2da\" data-page-id=\"408\" data-template=\"{&quot;dir&quot;:&quot;lite&quot;,&quot;file_name&quot;:&quot;three.php&quot;,&quot;name&quot;:&quot;Post-Grid&quot;}\" data-class=\"Essential_Addons_Elementor\\Elements\\Post_Grid\" data-layout=\"masonry\" data-page=\"1\" data-args=\"orderby=date&amp;order=desc&amp;ignore_sticky_posts=1&amp;post_status=publish&amp;posts_per_page=10&amp;offset=0&amp;post_type=post&amp;tax_query%5B0%5D%5Btaxonomy%5D=category&amp;tax_query%5B0%5D%5Bfield%5D=term_id&amp;tax_query%5B0%5D%5Bterms%5D%5B0%5D=16&amp;tax_query%5Brelation%5D=AND\" data-max-page=\"2\">\n                    <span class=\"eael-btn-loader button__loader\"><\/span>\n                    <span class=\"eael_load_more_text\">Load More<\/span>\n                <\/button>\n            <\/div>\n            \t\t\t\t<\/div>\n\t\t\t\t<\/div>\n\t\t\t\t\t<\/div>\n\t\t<\/div>\n\t\t\t\t\t<\/div>\n\t\t<\/section>\n\t\t\t\t<\/div>\n\t\t","protected":false},"excerpt":{"rendered":"<p>Escola EB1 c\/ JI Arco-\u00cdris A Escola EB1 C\/ JI Arco-\u00cdris localiza-se na Rua Cidade de Nampula, Freguesia dos Olivais. No edif\u00edcio funcionam o 1.\u00ba ciclo e o pr\u00e9-escolar. A escola foi requalificada e apresenta um polivalente amplo, \u00e0 volta do qual se situam as salas de aula, distribu\u00eddas por dois pisos. A escola tem [&hellip;]<\/p>\n","protected":false},"author":2,"featured_media":0,"parent":0,"menu_order":0,"comment_status":"closed","ping_status":"closed","template":"elementor_header_footer","meta":{"_seopress_robots_primary_cat":"","_seopress_titles_title":"","_seopress_titles_desc":"","_seopress_robots_index":"","footnotes":""},"class_list":["post-408","page","type-page","status-publish","hentry"],"_links":{"self":[{"href":"https:\/\/aefernandopessoa.edu.pt\/index.php\/wp-json\/wp\/v2\/pages\/408","targetHints":{"allow":["GET"]}}],"collection":[{"href":"https:\/\/aefernandopessoa.edu.pt\/index.php\/wp-json\/wp\/v2\/pages"}],"about":[{"href":"https:\/\/aefernandopessoa.edu.pt\/index.php\/wp-json\/wp\/v2\/types\/page"}],"author":[{"embeddable":true,"href":"https:\/\/aefernandopessoa.edu.pt\/index.php\/wp-json\/wp\/v2\/users\/2"}],"replies":[{"embeddable":true,"href":"https:\/\/aefernandopessoa.edu.pt\/index.php\/wp-json\/wp\/v2\/comments?post=408"}],"version-history":[{"count":64,"href":"https:\/\/aefernandopessoa.edu.pt\/index.php\/wp-json\/wp\/v2\/pages\/408\/revisions"}],"predecessor-version":[{"id":3351,"href":"https:\/\/aefernandopessoa.edu.pt\/index.php\/wp-json\/wp\/v2\/pages\/408\/revisions\/3351"}],"wp:attachment":[{"href":"https:\/\/aefernandopessoa.edu.pt\/index.php\/wp-json\/wp\/v2\/media?parent=408"}],"curies":[{"name":"wp","href":"https:\/\/api.w.org\/{rel}","templated":true}]}}