{"id":2870,"date":"2025-09-27T20:28:56","date_gmt":"2025-09-27T20:28:56","guid":{"rendered":"https:\/\/aefernandopessoa.edu.pt\/?page_id=2870"},"modified":"2025-10-03T13:49:03","modified_gmt":"2025-10-03T13:49:03","slug":"unicard-sige","status":"publish","type":"page","link":"https:\/\/aefernandopessoa.edu.pt\/index.php\/unicard-sige\/","title":{"rendered":"Unicard &#8211; SIGE"},"content":{"rendered":"\t\t<div data-elementor-type=\"wp-page\" data-elementor-id=\"2870\" class=\"elementor elementor-2870\">\n\t\t\t\t\t\t<section class=\"elementor-section elementor-top-section elementor-element elementor-element-45479545 elementor-section-boxed elementor-section-height-default elementor-section-height-default\" data-id=\"45479545\" data-element_type=\"section\" data-settings=\"{&quot;background_background&quot;:&quot;classic&quot;}\">\n\t\t\t\t\t\t\t<div class=\"elementor-background-overlay\"><\/div>\n\t\t\t\t\t\t\t<div class=\"elementor-container elementor-column-gap-default\">\n\t\t\t\t\t<div class=\"elementor-column elementor-col-100 elementor-top-column elementor-element elementor-element-580dcab7\" data-id=\"580dcab7\" data-element_type=\"column\">\n\t\t\t<div class=\"elementor-widget-wrap elementor-element-populated\">\n\t\t\t\t\t\t<div class=\"elementor-element elementor-element-56bca2cb elementor-widget elementor-widget-heading\" data-id=\"56bca2cb\" data-element_type=\"widget\" data-widget_type=\"heading.default\">\n\t\t\t\t<div class=\"elementor-widget-container\">\n\t\t\t\t\t<h2 class=\"elementor-heading-title elementor-size-default\">Unicard - SIGE<\/h2>\t\t\t\t<\/div>\n\t\t\t\t<\/div>\n\t\t\t\t\t<\/div>\n\t\t<\/div>\n\t\t\t\t\t<\/div>\n\t\t<\/section>\n\t\t\t\t<section class=\"elementor-section elementor-top-section elementor-element elementor-element-75597877 elementor-section-boxed elementor-section-height-default elementor-section-height-default\" data-id=\"75597877\" data-element_type=\"section\">\n\t\t\t\t\t\t<div class=\"elementor-container elementor-column-gap-default\">\n\t\t\t\t\t<div class=\"elementor-column elementor-col-50 elementor-top-column elementor-element elementor-element-1d41c4f1\" data-id=\"1d41c4f1\" data-element_type=\"column\">\n\t\t\t<div class=\"elementor-widget-wrap elementor-element-populated\">\n\t\t\t\t\t\t<div class=\"elementor-element elementor-element-44aa6ce0 elementor-widget elementor-widget-image\" data-id=\"44aa6ce0\" data-element_type=\"widget\" data-widget_type=\"image.default\">\n\t\t\t\t<div class=\"elementor-widget-container\">\n\t\t\t\t\t\t\t\t\t\t\t\t\t\t\t<img fetchpriority=\"high\" decoding=\"async\" width=\"340\" height=\"273\" src=\"https:\/\/aefernandopessoa.edu.pt\/wp-content\/uploads\/2025\/09\/Portal_Sige_340x273.jpg\" class=\"attachment-full size-full wp-image-2872\" alt=\"\" srcset=\"https:\/\/aefernandopessoa.edu.pt\/wp-content\/uploads\/2025\/09\/Portal_Sige_340x273.jpg 340w, https:\/\/aefernandopessoa.edu.pt\/wp-content\/uploads\/2025\/09\/Portal_Sige_340x273-300x241.jpg 300w\" sizes=\"(max-width: 340px) 100vw, 340px\" \/>\t\t\t\t\t\t\t\t\t\t\t\t\t\t\t<\/div>\n\t\t\t\t<\/div>\n\t\t\t\t\t<\/div>\n\t\t<\/div>\n\t\t\t\t<div class=\"elementor-column elementor-col-50 elementor-top-column elementor-element elementor-element-4999f45\" data-id=\"4999f45\" data-element_type=\"column\">\n\t\t\t<div class=\"elementor-widget-wrap elementor-element-populated\">\n\t\t\t\t\t\t<div class=\"elementor-element elementor-element-01962a3 elementor-widget elementor-widget-text-editor\" data-id=\"01962a3\" data-element_type=\"widget\" data-widget_type=\"text-editor.default\">\n\t\t\t\t<div class=\"elementor-widget-container\">\n\t\t\t\t\t\t\t\t\t<p><span style=\"color: #000000;\">Para consultar o Unicard SIGE clique no seguinte link:<\/span><\/p><p><a href=\"https:\/\/aefernandopessoa.unicard.pt\/portal\/\">https:\/\/aefernandopessoa.unicard.pt\/portal\/<\/a><\/p><p>Atrav\u00e9s deste link, \u00e9 poss\u00edvel ter acesso \u00e0s seguintes informa\u00e7\u00f5es:<\/p><ul><li>Entrada\/Sa\u00edda dos alunos;<\/li><li>Carregamentos\/Gastos do cart\u00e3o do aluno;<\/li><li>Link direto para a plataforma SIGA para marca\u00e7\u00e3o de refei\u00e7\u00f5es.<\/li><\/ul><p>Nota: N\u00e3o permite fazer o carregamento online, sendo esse realizado na papelaria da escola.<\/p><p><span style=\"color: #000000;\"><strong>Credenciais de Acesso<\/strong><\/span><\/p><p><span style=\"color: #000000;\">O Portal Sige permite entrar de duas formas:<\/span><\/p><ul><li><p><span style=\"color: #000000;\">Como <u style=\"font-weight: bold;\">Utilizador (aluno)<\/u>, utilizando o\u00a0<strong>n\u00fa<\/strong><b>mero do Cart\u00e3o\u00a0do aluno <\/b>(em cima)<strong>\u00a0e com o PIN atribu\u00eddo pelo Agrupamento para o aluno.<\/strong><\/span><\/p><\/li><li><p><span style=\"color: #000000;\">Como <u style=\"font-weight: bold;\">Encarregado de Educa\u00e7\u00e3o,<\/u> utilizando\u00a0o\u00a0<strong>\u00a0n\u00famero do Cart\u00e3o do aluno<\/strong>\u00a0(em cima) e com o\u00a0<\/span><span style=\"color: #000000; font-weight: bolder; background-color: transparent;\">PIN atribu\u00eddo pelo Agrupamento para o Encarregado de Educa\u00e7\u00e3o.<\/span><\/p><\/li><\/ul>\t\t\t\t\t\t\t\t<\/div>\n\t\t\t\t<\/div>\n\t\t\t\t\t<\/div>\n\t\t<\/div>\n\t\t\t\t\t<\/div>\n\t\t<\/section>\n\t\t\t\t<\/div>\n\t\t","protected":false},"excerpt":{"rendered":"<p>Unicard &#8211; SIGE Para consultar o Unicard SIGE clique no seguinte link: https:\/\/aefernandopessoa.unicard.pt\/portal\/ Atrav\u00e9s deste link, \u00e9 poss\u00edvel ter acesso \u00e0s seguintes informa\u00e7\u00f5es: Entrada\/Sa\u00edda dos alunos; Carregamentos\/Gastos do cart\u00e3o do aluno; Link direto para a plataforma SIGA para marca\u00e7\u00e3o de refei\u00e7\u00f5es. Nota: N\u00e3o permite fazer o carregamento online, sendo esse realizado na papelaria da escola. [&hellip;]<\/p>\n","protected":false},"author":10,"featured_media":0,"parent":0,"menu_order":0,"comment_status":"closed","ping_status":"closed","template":"elementor_header_footer","meta":{"_seopress_robots_primary_cat":"","_seopress_titles_title":"","_seopress_titles_desc":"","_seopress_robots_index":"","footnotes":""},"class_list":["post-2870","page","type-page","status-publish","hentry"],"_links":{"self":[{"href":"https:\/\/aefernandopessoa.edu.pt\/index.php\/wp-json\/wp\/v2\/pages\/2870","targetHints":{"allow":["GET"]}}],"collection":[{"href":"https:\/\/aefernandopessoa.edu.pt\/index.php\/wp-json\/wp\/v2\/pages"}],"about":[{"href":"https:\/\/aefernandopessoa.edu.pt\/index.php\/wp-json\/wp\/v2\/types\/page"}],"author":[{"embeddable":true,"href":"https:\/\/aefernandopessoa.edu.pt\/index.php\/wp-json\/wp\/v2\/users\/10"}],"replies":[{"embeddable":true,"href":"https:\/\/aefernandopessoa.edu.pt\/index.php\/wp-json\/wp\/v2\/comments?post=2870"}],"version-history":[{"count":13,"href":"https:\/\/aefernandopessoa.edu.pt\/index.php\/wp-json\/wp\/v2\/pages\/2870\/revisions"}],"predecessor-version":[{"id":3041,"href":"https:\/\/aefernandopessoa.edu.pt\/index.php\/wp-json\/wp\/v2\/pages\/2870\/revisions\/3041"}],"wp:attachment":[{"href":"https:\/\/aefernandopessoa.edu.pt\/index.php\/wp-json\/wp\/v2\/media?parent=2870"}],"curies":[{"name":"wp","href":"https:\/\/api.w.org\/{rel}","templated":true}]}}