{"id":2825,"date":"2025-09-27T17:33:22","date_gmt":"2025-09-27T17:33:22","guid":{"rendered":"https:\/\/aefernandopessoa.edu.pt\/?page_id=2825"},"modified":"2025-09-27T18:06:31","modified_gmt":"2025-09-27T18:06:31","slug":"mediadora-linguistica-e-cultural","status":"publish","type":"page","link":"https:\/\/aefernandopessoa.edu.pt\/index.php\/mediadora-linguistica-e-cultural\/","title":{"rendered":"Mediadora Lingu\u00edstica e Cultural"},"content":{"rendered":"\t\t<div data-elementor-type=\"wp-page\" data-elementor-id=\"2825\" class=\"elementor elementor-2825\">\n\t\t\t\t\t\t<section class=\"elementor-section elementor-top-section elementor-element elementor-element-441948bb elementor-section-boxed elementor-section-height-default elementor-section-height-default\" data-id=\"441948bb\" data-element_type=\"section\" data-settings=\"{&quot;background_background&quot;:&quot;classic&quot;}\">\n\t\t\t\t\t\t\t<div class=\"elementor-background-overlay\"><\/div>\n\t\t\t\t\t\t\t<div class=\"elementor-container elementor-column-gap-default\">\n\t\t\t\t\t<div class=\"elementor-column elementor-col-100 elementor-top-column elementor-element elementor-element-6621002c\" data-id=\"6621002c\" data-element_type=\"column\">\n\t\t\t<div class=\"elementor-widget-wrap elementor-element-populated\">\n\t\t\t\t\t\t<div class=\"elementor-element elementor-element-372914db elementor-widget elementor-widget-heading\" data-id=\"372914db\" data-element_type=\"widget\" data-widget_type=\"heading.default\">\n\t\t\t\t<div class=\"elementor-widget-container\">\n\t\t\t\t\t<h2 class=\"elementor-heading-title elementor-size-default\">Mediadora Lingu\u00edstica e Cultural<\/h2>\t\t\t\t<\/div>\n\t\t\t\t<\/div>\n\t\t\t\t\t<\/div>\n\t\t<\/div>\n\t\t\t\t\t<\/div>\n\t\t<\/section>\n\t\t\t\t<section class=\"elementor-section elementor-top-section elementor-element elementor-element-290c8f4 elementor-section-boxed elementor-section-height-default elementor-section-height-default\" data-id=\"290c8f4\" data-element_type=\"section\">\n\t\t\t\t\t\t<div class=\"elementor-container elementor-column-gap-default\">\n\t\t\t\t\t<div class=\"elementor-column elementor-col-100 elementor-top-column elementor-element elementor-element-d4af72d\" data-id=\"d4af72d\" data-element_type=\"column\">\n\t\t\t<div class=\"elementor-widget-wrap elementor-element-populated\">\n\t\t\t\t\t\t<div class=\"elementor-element elementor-element-2ab0728 elementor-widget elementor-widget-text-editor\" data-id=\"2ab0728\" data-element_type=\"widget\" data-widget_type=\"text-editor.default\">\n\t\t\t\t<div class=\"elementor-widget-container\">\n\t\t\t\t\t\t\t\t\t<p><span style=\"color: #000000;\">Os mediadores lingu\u00edsticos e culturais constituem um recurso importante para ajudar as escolas a dar respostas mais adequadas a alunos estrangeiros rec\u00e9m-chegados com origem em pa\u00edses onde o Portugu\u00eas n\u00e3o \u00e9 a l\u00edngua oficial.<\/span><\/p><p><span style=\"color: #000000;\">Desta forma visa-se fundamentalmente facilitar a integra\u00e7\u00e3o escolar e social dos alunos. Para tal a interven\u00e7\u00e3o realizada tem como principais objetivos:\u00a0(1) acelerar a aquisi\u00e7\u00e3o da l\u00edngua portuguesa com vista ao sucesso escolar dos alunos, e (2) promover a integra\u00e7\u00e3o dos alunos estrangeiros na cultura portuguesa e o contacto de todos os alunos com as culturas de origem dos seus colegas estrangeiros.<\/span><\/p><p><span style=\"color: #000000;\">A mediadora lingu\u00edstica cultural em fun\u00e7\u00f5es, integra um gabinete multidisciplinar onde est\u00e1 presente o servi\u00e7o de psicologia e orienta\u00e7\u00e3o, o gabinete de apoio ao aluno e \u00e0 fam\u00edlia, cuja a interven\u00e7\u00e3o abrange todo o Agrupamento.<\/span><\/p><div class=\"elementor elementor-1397\" data-elementor-type=\"wp-page\" data-elementor-id=\"1397\"><section class=\"elementor-section elementor-top-section elementor-element elementor-element-29d70c0 elementor-section-boxed elementor-section-height-default elementor-section-height-default\" data-id=\"29d70c0\" data-element_type=\"section\"><div class=\"elementor-container elementor-column-gap-default\"><div class=\"elementor-column elementor-col-100 elementor-top-column elementor-element elementor-element-fdcdd65\" data-id=\"fdcdd65\" data-element_type=\"column\"><div class=\"elementor-widget-wrap elementor-element-populated\"><div class=\"elementor-element elementor-element-cef4fd4 elementor-widget elementor-widget-text-editor\" data-id=\"cef4fd4\" data-element_type=\"widget\" data-widget_type=\"text-editor.default\"><div class=\"elementor-widget-container\"><p><span style=\"color: #000000;\">Para aceder a todas as informa\u00e7\u00f5es sobre o MLC consulte:<\/span> <a href=\"https:\/\/aefernandopessoa.edu.pt\/wp-content\/uploads\/2025\/09\/SPOGAAFMLC.pdf\">SPO:GAAF:MLC<\/a><\/p><\/div><\/div><\/div><\/div><\/div><\/section><\/div>\t\t\t\t\t\t\t\t<\/div>\n\t\t\t\t<\/div>\n\t\t\t\t\t<\/div>\n\t\t<\/div>\n\t\t\t\t\t<\/div>\n\t\t<\/section>\n\t\t\t\t<\/div>\n\t\t","protected":false},"excerpt":{"rendered":"<p>Mediadora Lingu\u00edstica e Cultural Os mediadores lingu\u00edsticos e culturais constituem um recurso importante para ajudar as escolas a dar respostas mais adequadas a alunos estrangeiros rec\u00e9m-chegados com origem em pa\u00edses onde o Portugu\u00eas n\u00e3o \u00e9 a l\u00edngua oficial. Desta forma visa-se fundamentalmente facilitar a integra\u00e7\u00e3o escolar e social dos alunos. Para tal a interven\u00e7\u00e3o realizada [&hellip;]<\/p>\n","protected":false},"author":10,"featured_media":0,"parent":0,"menu_order":0,"comment_status":"closed","ping_status":"closed","template":"elementor_header_footer","meta":{"_seopress_robots_primary_cat":"","_seopress_titles_title":"","_seopress_titles_desc":"","_seopress_robots_index":"","footnotes":""},"class_list":["post-2825","page","type-page","status-publish","hentry"],"_links":{"self":[{"href":"https:\/\/aefernandopessoa.edu.pt\/index.php\/wp-json\/wp\/v2\/pages\/2825","targetHints":{"allow":["GET"]}}],"collection":[{"href":"https:\/\/aefernandopessoa.edu.pt\/index.php\/wp-json\/wp\/v2\/pages"}],"about":[{"href":"https:\/\/aefernandopessoa.edu.pt\/index.php\/wp-json\/wp\/v2\/types\/page"}],"author":[{"embeddable":true,"href":"https:\/\/aefernandopessoa.edu.pt\/index.php\/wp-json\/wp\/v2\/users\/10"}],"replies":[{"embeddable":true,"href":"https:\/\/aefernandopessoa.edu.pt\/index.php\/wp-json\/wp\/v2\/comments?post=2825"}],"version-history":[{"count":13,"href":"https:\/\/aefernandopessoa.edu.pt\/index.php\/wp-json\/wp\/v2\/pages\/2825\/revisions"}],"predecessor-version":[{"id":2858,"href":"https:\/\/aefernandopessoa.edu.pt\/index.php\/wp-json\/wp\/v2\/pages\/2825\/revisions\/2858"}],"wp:attachment":[{"href":"https:\/\/aefernandopessoa.edu.pt\/index.php\/wp-json\/wp\/v2\/media?parent=2825"}],"curies":[{"name":"wp","href":"https:\/\/api.w.org\/{rel}","templated":true}]}}