{"id":2703,"date":"2025-09-26T22:17:20","date_gmt":"2025-09-26T22:17:20","guid":{"rendered":"https:\/\/aefernandopessoa.edu.pt\/?page_id=2703"},"modified":"2025-09-26T22:27:51","modified_gmt":"2025-09-26T22:27:51","slug":"programa-de-apoio-a-ed-fisica-curricular","status":"publish","type":"page","link":"https:\/\/aefernandopessoa.edu.pt\/index.php\/programa-de-apoio-a-ed-fisica-curricular\/","title":{"rendered":"Programa de Apoio \u00e0 Ed. F\u00edsica Curricular"},"content":{"rendered":"\t\t<div data-elementor-type=\"wp-page\" data-elementor-id=\"2703\" class=\"elementor elementor-2703\">\n\t\t\t\t\t\t<section class=\"elementor-section elementor-top-section elementor-element elementor-element-1fce7740 elementor-section-boxed elementor-section-height-default elementor-section-height-default\" data-id=\"1fce7740\" data-element_type=\"section\" data-settings=\"{&quot;background_background&quot;:&quot;classic&quot;}\">\n\t\t\t\t\t\t\t<div class=\"elementor-background-overlay\"><\/div>\n\t\t\t\t\t\t\t<div class=\"elementor-container elementor-column-gap-default\">\n\t\t\t\t\t<div class=\"elementor-column elementor-col-100 elementor-top-column elementor-element elementor-element-15d78d98\" data-id=\"15d78d98\" data-element_type=\"column\">\n\t\t\t<div class=\"elementor-widget-wrap elementor-element-populated\">\n\t\t\t\t\t\t<div class=\"elementor-element elementor-element-73180164 elementor-widget elementor-widget-heading\" data-id=\"73180164\" data-element_type=\"widget\" data-widget_type=\"heading.default\">\n\t\t\t\t<div class=\"elementor-widget-container\">\n\t\t\t\t\t<h2 class=\"elementor-heading-title elementor-size-default\">Programa de Apoio \u00e0 Ed. F\u00edsica Curricular<\/h2>\t\t\t\t<\/div>\n\t\t\t\t<\/div>\n\t\t\t\t\t<\/div>\n\t\t<\/div>\n\t\t\t\t\t<\/div>\n\t\t<\/section>\n\t\t\t\t<section class=\"elementor-section elementor-top-section elementor-element elementor-element-6fd42f4 elementor-section-boxed elementor-section-height-default elementor-section-height-default\" data-id=\"6fd42f4\" data-element_type=\"section\">\n\t\t\t\t\t\t<div class=\"elementor-container elementor-column-gap-default\">\n\t\t\t\t\t<div class=\"elementor-column elementor-col-100 elementor-top-column elementor-element elementor-element-e536814\" data-id=\"e536814\" data-element_type=\"column\">\n\t\t\t<div class=\"elementor-widget-wrap elementor-element-populated\">\n\t\t\t\t\t\t<div class=\"elementor-element elementor-element-556970b elementor-widget elementor-widget-text-editor\" data-id=\"556970b\" data-element_type=\"widget\" data-widget_type=\"text-editor.default\">\n\t\t\t\t<div class=\"elementor-widget-container\">\n\t\t\t\t\t\t\t\t\t<p><span style=\"color: #000000;\">Em parceria com a C\u00e2mara Municipal de Lisboa, s\u00e3o proporcionadas as condi\u00e7\u00f5es necess\u00e1rias para que os Professores do <strong>1\u00ba Ciclo<\/strong> possam garantir a todos os alunos, a aquisi\u00e7\u00e3o de conhecimentos e desenvolvimento das capacidades e atitudes que contribuem para alcan\u00e7ar as compet\u00eancias previstas no\u00a0Perfil dos<strong>\u00a0Alunos \u00e0 Sa\u00edda da Escolaridade Obrigat\u00f3ria<\/strong>, contribuindo assim para a valoriza\u00e7\u00e3o e implementa\u00e7\u00e3o das\u00a0Aprendizagens Essenciais de Educa\u00e7\u00e3o F\u00edsica.<\/span><\/p><p><span style=\"color: #000000;\">Com a referida parceria, \u00e9 assegurada a <strong>coadjuva\u00e7\u00e3o<\/strong> ao docente titular durante 15 aulas organizadas ao longo de 15 semanas consecutivas; s\u00e3o asseguradas 12 aulas de <strong>Nata\u00e7\u00e3o<\/strong> e ainda 6 aulas integradas no <strong>Lisboa sem Rodinhas<\/strong> em que se procura ensinar as crian\u00e7as a andar de bicicleta.<\/span><\/p><p><span style=\"color: #000000;\">No \u00e2mbito da Nata\u00e7\u00e3o, r<\/span><span style=\"color: #000000;\">espeitando os princ\u00edpios de Inclus\u00e3o e de forma a garantir nata\u00e7\u00e3o para todos, as crian\u00e7as com necessidades de acompanhamento diferenciado, beneficiam de apoio individual.<\/span><\/p>\t\t\t\t\t\t\t\t<\/div>\n\t\t\t\t<\/div>\n\t\t\t\t\t<\/div>\n\t\t<\/div>\n\t\t\t\t\t<\/div>\n\t\t<\/section>\n\t\t\t\t<\/div>\n\t\t","protected":false},"excerpt":{"rendered":"<p>Programa de Apoio \u00e0 Ed. F\u00edsica Curricular Em parceria com a C\u00e2mara Municipal de Lisboa, s\u00e3o proporcionadas as condi\u00e7\u00f5es necess\u00e1rias para que os Professores do 1\u00ba Ciclo possam garantir a todos os alunos, a aquisi\u00e7\u00e3o de conhecimentos e desenvolvimento das capacidades e atitudes que contribuem para alcan\u00e7ar as compet\u00eancias previstas no\u00a0Perfil dos\u00a0Alunos \u00e0 Sa\u00edda da [&hellip;]<\/p>\n","protected":false},"author":10,"featured_media":0,"parent":0,"menu_order":0,"comment_status":"closed","ping_status":"closed","template":"elementor_header_footer","meta":{"_seopress_robots_primary_cat":"","_seopress_titles_title":"","_seopress_titles_desc":"","_seopress_robots_index":"","footnotes":""},"class_list":["post-2703","page","type-page","status-publish","hentry"],"_links":{"self":[{"href":"https:\/\/aefernandopessoa.edu.pt\/index.php\/wp-json\/wp\/v2\/pages\/2703","targetHints":{"allow":["GET"]}}],"collection":[{"href":"https:\/\/aefernandopessoa.edu.pt\/index.php\/wp-json\/wp\/v2\/pages"}],"about":[{"href":"https:\/\/aefernandopessoa.edu.pt\/index.php\/wp-json\/wp\/v2\/types\/page"}],"author":[{"embeddable":true,"href":"https:\/\/aefernandopessoa.edu.pt\/index.php\/wp-json\/wp\/v2\/users\/10"}],"replies":[{"embeddable":true,"href":"https:\/\/aefernandopessoa.edu.pt\/index.php\/wp-json\/wp\/v2\/comments?post=2703"}],"version-history":[{"count":16,"href":"https:\/\/aefernandopessoa.edu.pt\/index.php\/wp-json\/wp\/v2\/pages\/2703\/revisions"}],"predecessor-version":[{"id":2720,"href":"https:\/\/aefernandopessoa.edu.pt\/index.php\/wp-json\/wp\/v2\/pages\/2703\/revisions\/2720"}],"wp:attachment":[{"href":"https:\/\/aefernandopessoa.edu.pt\/index.php\/wp-json\/wp\/v2\/media?parent=2703"}],"curies":[{"name":"wp","href":"https:\/\/api.w.org\/{rel}","templated":true}]}}