{"id":2677,"date":"2025-09-26T15:30:15","date_gmt":"2025-09-26T15:30:15","guid":{"rendered":"https:\/\/aefernandopessoa.edu.pt\/?page_id=2677"},"modified":"2025-09-28T16:32:28","modified_gmt":"2025-09-28T16:32:28","slug":"horta-escolar","status":"publish","type":"page","link":"https:\/\/aefernandopessoa.edu.pt\/index.php\/horta-escolar\/","title":{"rendered":"Hortas Escolares"},"content":{"rendered":"\t\t<div data-elementor-type=\"wp-page\" data-elementor-id=\"2677\" class=\"elementor elementor-2677\">\n\t\t\t\t\t\t<section class=\"elementor-section elementor-top-section elementor-element elementor-element-1fce7740 elementor-section-boxed elementor-section-height-default elementor-section-height-default\" data-id=\"1fce7740\" data-element_type=\"section\" data-settings=\"{&quot;background_background&quot;:&quot;classic&quot;}\">\n\t\t\t\t\t\t\t<div class=\"elementor-background-overlay\"><\/div>\n\t\t\t\t\t\t\t<div class=\"elementor-container elementor-column-gap-default\">\n\t\t\t\t\t<div class=\"elementor-column elementor-col-100 elementor-top-column elementor-element elementor-element-15d78d98\" data-id=\"15d78d98\" data-element_type=\"column\">\n\t\t\t<div class=\"elementor-widget-wrap elementor-element-populated\">\n\t\t\t\t\t\t<div class=\"elementor-element elementor-element-73180164 elementor-widget elementor-widget-heading\" data-id=\"73180164\" data-element_type=\"widget\" data-widget_type=\"heading.default\">\n\t\t\t\t<div class=\"elementor-widget-container\">\n\t\t\t\t\t<h2 class=\"elementor-heading-title elementor-size-default\">Hortas Escolares<\/h2>\t\t\t\t<\/div>\n\t\t\t\t<\/div>\n\t\t\t\t\t<\/div>\n\t\t<\/div>\n\t\t\t\t\t<\/div>\n\t\t<\/section>\n\t\t\t\t<section class=\"elementor-section elementor-top-section elementor-element elementor-element-6fd42f4 elementor-section-boxed elementor-section-height-default elementor-section-height-default\" data-id=\"6fd42f4\" data-element_type=\"section\">\n\t\t\t\t\t\t<div class=\"elementor-container elementor-column-gap-default\">\n\t\t\t\t\t<div class=\"elementor-column elementor-col-100 elementor-top-column elementor-element elementor-element-e536814\" data-id=\"e536814\" data-element_type=\"column\">\n\t\t\t<div class=\"elementor-widget-wrap elementor-element-populated\">\n\t\t\t\t\t\t<div class=\"elementor-element elementor-element-556970b elementor-widget elementor-widget-text-editor\" data-id=\"556970b\" data-element_type=\"widget\" data-widget_type=\"text-editor.default\">\n\t\t\t\t<div class=\"elementor-widget-container\">\n\t\t\t\t\t\t\t\t\t<p><span style=\"color: #000000;\">Todas as escolas do Agrupamento integram projetos de Hortas Escolares. Aproveitando os espa\u00e7os exteriores dispon\u00edveis nas escolas, docentes, alunos e com a colabora\u00e7\u00e3o tamb\u00e9m de funcion\u00e1rios, as Hortas Escolares t\u00eam promovido a aquisi\u00e7\u00e3o de diversas compet\u00eancias essenciais por parte dos nossos alunos.<\/span><\/p><p><span style=\"color: #000000;\">Com o objetivo de aproximar os alunos do contacto com a Natureza e com a Biodiversidade, e simultaneamente desenvolvendo, o respeito pela sua preserva\u00e7\u00e3o, este projeto, permite tamb\u00e9m realizar experi\u00eancias, estimular a criatividade, a curiosidade, a solidariedade, a partilha e a coopera\u00e7\u00e3o.<\/span><\/p><p><span style=\"color: #000000;\">A Horta Escolar constitui tamb\u00e9m um oportunidade de inclus\u00e3o e um espa\u00e7o de especial promo\u00e7\u00e3o de autonomia para alunos que integram a val\u00eancia de apoio especializado.\u00a0<\/span><\/p>\t\t\t\t\t\t\t\t<\/div>\n\t\t\t\t<\/div>\n\t\t\t\t\t<\/div>\n\t\t<\/div>\n\t\t\t\t\t<\/div>\n\t\t<\/section>\n\t\t\t\t<\/div>\n\t\t","protected":false},"excerpt":{"rendered":"<p>Hortas Escolares Todas as escolas do Agrupamento integram projetos de Hortas Escolares. Aproveitando os espa\u00e7os exteriores dispon\u00edveis nas escolas, docentes, alunos e com a colabora\u00e7\u00e3o tamb\u00e9m de funcion\u00e1rios, as Hortas Escolares t\u00eam promovido a aquisi\u00e7\u00e3o de diversas compet\u00eancias essenciais por parte dos nossos alunos. Com o objetivo de aproximar os alunos do contacto com a [&hellip;]<\/p>\n","protected":false},"author":10,"featured_media":0,"parent":0,"menu_order":0,"comment_status":"closed","ping_status":"closed","template":"elementor_header_footer","meta":{"_seopress_robots_primary_cat":"","_seopress_titles_title":"","_seopress_titles_desc":"","_seopress_robots_index":"","footnotes":""},"class_list":["post-2677","page","type-page","status-publish","hentry"],"_links":{"self":[{"href":"https:\/\/aefernandopessoa.edu.pt\/index.php\/wp-json\/wp\/v2\/pages\/2677","targetHints":{"allow":["GET"]}}],"collection":[{"href":"https:\/\/aefernandopessoa.edu.pt\/index.php\/wp-json\/wp\/v2\/pages"}],"about":[{"href":"https:\/\/aefernandopessoa.edu.pt\/index.php\/wp-json\/wp\/v2\/types\/page"}],"author":[{"embeddable":true,"href":"https:\/\/aefernandopessoa.edu.pt\/index.php\/wp-json\/wp\/v2\/users\/10"}],"replies":[{"embeddable":true,"href":"https:\/\/aefernandopessoa.edu.pt\/index.php\/wp-json\/wp\/v2\/comments?post=2677"}],"version-history":[{"count":29,"href":"https:\/\/aefernandopessoa.edu.pt\/index.php\/wp-json\/wp\/v2\/pages\/2677\/revisions"}],"predecessor-version":[{"id":2913,"href":"https:\/\/aefernandopessoa.edu.pt\/index.php\/wp-json\/wp\/v2\/pages\/2677\/revisions\/2913"}],"wp:attachment":[{"href":"https:\/\/aefernandopessoa.edu.pt\/index.php\/wp-json\/wp\/v2\/media?parent=2677"}],"curies":[{"name":"wp","href":"https:\/\/api.w.org\/{rel}","templated":true}]}}