{"id":2661,"date":"2025-09-26T14:31:48","date_gmt":"2025-09-26T14:31:48","guid":{"rendered":"https:\/\/aefernandopessoa.edu.pt\/?page_id=2661"},"modified":"2025-09-26T14:57:32","modified_gmt":"2025-09-26T14:57:32","slug":"plano-nacional-de-leitura","status":"publish","type":"page","link":"https:\/\/aefernandopessoa.edu.pt\/index.php\/plano-nacional-de-leitura\/","title":{"rendered":"Plano Nacional de Leitura"},"content":{"rendered":"\t\t<div data-elementor-type=\"wp-page\" data-elementor-id=\"2661\" class=\"elementor elementor-2661\">\n\t\t\t\t\t\t<section class=\"elementor-section elementor-top-section elementor-element elementor-element-1fce7740 elementor-section-boxed elementor-section-height-default elementor-section-height-default\" data-id=\"1fce7740\" data-element_type=\"section\" data-settings=\"{&quot;background_background&quot;:&quot;classic&quot;}\">\n\t\t\t\t\t\t\t<div class=\"elementor-background-overlay\"><\/div>\n\t\t\t\t\t\t\t<div class=\"elementor-container elementor-column-gap-default\">\n\t\t\t\t\t<div class=\"elementor-column elementor-col-100 elementor-top-column elementor-element elementor-element-15d78d98\" data-id=\"15d78d98\" data-element_type=\"column\">\n\t\t\t<div class=\"elementor-widget-wrap elementor-element-populated\">\n\t\t\t\t\t\t<div class=\"elementor-element elementor-element-73180164 elementor-widget elementor-widget-heading\" data-id=\"73180164\" data-element_type=\"widget\" data-widget_type=\"heading.default\">\n\t\t\t\t<div class=\"elementor-widget-container\">\n\t\t\t\t\t<h2 class=\"elementor-heading-title elementor-size-default\">Plano Nacional de Leitura<\/h2>\t\t\t\t<\/div>\n\t\t\t\t<\/div>\n\t\t\t\t\t<\/div>\n\t\t<\/div>\n\t\t\t\t\t<\/div>\n\t\t<\/section>\n\t\t\t\t<section class=\"elementor-section elementor-top-section elementor-element elementor-element-6fd42f4 elementor-section-boxed elementor-section-height-default elementor-section-height-default\" data-id=\"6fd42f4\" data-element_type=\"section\">\n\t\t\t\t\t\t<div class=\"elementor-container elementor-column-gap-default\">\n\t\t\t\t\t<div class=\"elementor-column elementor-col-100 elementor-top-column elementor-element elementor-element-e536814\" data-id=\"e536814\" data-element_type=\"column\">\n\t\t\t<div class=\"elementor-widget-wrap elementor-element-populated\">\n\t\t\t\t\t\t<div class=\"elementor-element elementor-element-556970b elementor-widget elementor-widget-text-editor\" data-id=\"556970b\" data-element_type=\"widget\" data-widget_type=\"text-editor.default\">\n\t\t\t\t<div class=\"elementor-widget-container\">\n\t\t\t\t\t\t\t\t\t<p><span style=\"color: #000000;\">O Plano Nacional de Leitura (PNL) \u00e9 uma iniciativa portuguesa criada em 2006 pelo governo de Portugal com o objetivo de promover a leitura entre a popula\u00e7\u00e3o, especialmente entre crian\u00e7as e jovens.<\/span><\/p><p><span style=\"color: #000000;\">O PNL visa melhorar os n\u00edveis de literacia e fomentar o gosto pela leitura, reconhecendo sua import\u00e2ncia para o desenvolvimento pessoal, educativo e social.<\/span><\/p><p><img fetchpriority=\"high\" decoding=\"async\" class=\"alignnone size-medium wp-image-2673 aligncenter\" src=\"https:\/\/aefernandopessoa.edu.pt\/wp-content\/uploads\/2025\/09\/image_large-300x188.jpeg\" alt=\"\" width=\"300\" height=\"188\" srcset=\"https:\/\/aefernandopessoa.edu.pt\/wp-content\/uploads\/2025\/09\/image_large-300x188.jpeg 300w, https:\/\/aefernandopessoa.edu.pt\/wp-content\/uploads\/2025\/09\/image_large.jpeg 768w\" sizes=\"(max-width: 300px) 100vw, 300px\" \/><\/p>\t\t\t\t\t\t\t\t<\/div>\n\t\t\t\t<\/div>\n\t\t\t\t\t<\/div>\n\t\t<\/div>\n\t\t\t\t\t<\/div>\n\t\t<\/section>\n\t\t\t\t<\/div>\n\t\t","protected":false},"excerpt":{"rendered":"<p>Plano Nacional de Leitura O Plano Nacional de Leitura (PNL) \u00e9 uma iniciativa portuguesa criada em 2006 pelo governo de Portugal com o objetivo de promover a leitura entre a popula\u00e7\u00e3o, especialmente entre crian\u00e7as e jovens. O PNL visa melhorar os n\u00edveis de literacia e fomentar o gosto pela leitura, reconhecendo sua import\u00e2ncia para o [&hellip;]<\/p>\n","protected":false},"author":10,"featured_media":0,"parent":0,"menu_order":0,"comment_status":"closed","ping_status":"closed","template":"elementor_header_footer","meta":{"_seopress_robots_primary_cat":"","_seopress_titles_title":"","_seopress_titles_desc":"","_seopress_robots_index":"","footnotes":""},"class_list":["post-2661","page","type-page","status-publish","hentry"],"_links":{"self":[{"href":"https:\/\/aefernandopessoa.edu.pt\/index.php\/wp-json\/wp\/v2\/pages\/2661","targetHints":{"allow":["GET"]}}],"collection":[{"href":"https:\/\/aefernandopessoa.edu.pt\/index.php\/wp-json\/wp\/v2\/pages"}],"about":[{"href":"https:\/\/aefernandopessoa.edu.pt\/index.php\/wp-json\/wp\/v2\/types\/page"}],"author":[{"embeddable":true,"href":"https:\/\/aefernandopessoa.edu.pt\/index.php\/wp-json\/wp\/v2\/users\/10"}],"replies":[{"embeddable":true,"href":"https:\/\/aefernandopessoa.edu.pt\/index.php\/wp-json\/wp\/v2\/comments?post=2661"}],"version-history":[{"count":13,"href":"https:\/\/aefernandopessoa.edu.pt\/index.php\/wp-json\/wp\/v2\/pages\/2661\/revisions"}],"predecessor-version":[{"id":2676,"href":"https:\/\/aefernandopessoa.edu.pt\/index.php\/wp-json\/wp\/v2\/pages\/2661\/revisions\/2676"}],"wp:attachment":[{"href":"https:\/\/aefernandopessoa.edu.pt\/index.php\/wp-json\/wp\/v2\/media?parent=2661"}],"curies":[{"name":"wp","href":"https:\/\/api.w.org\/{rel}","templated":true}]}}