{"id":265,"date":"2023-09-10T12:07:54","date_gmt":"2023-09-10T12:07:54","guid":{"rendered":"https:\/\/sitetemp.inforabreu.pt\/aefp\/?page_id=265"},"modified":"2025-09-27T20:25:00","modified_gmt":"2025-09-27T20:25:00","slug":"siga","status":"publish","type":"page","link":"https:\/\/aefernandopessoa.edu.pt\/index.php\/siga\/","title":{"rendered":"Siga"},"content":{"rendered":"\t\t<div data-elementor-type=\"wp-page\" data-elementor-id=\"265\" class=\"elementor elementor-265\">\n\t\t\t\t\t\t<section class=\"elementor-section elementor-top-section elementor-element elementor-element-45479545 elementor-section-boxed elementor-section-height-default elementor-section-height-default\" data-id=\"45479545\" data-element_type=\"section\" data-settings=\"{&quot;background_background&quot;:&quot;classic&quot;}\">\n\t\t\t\t\t\t\t<div class=\"elementor-background-overlay\"><\/div>\n\t\t\t\t\t\t\t<div class=\"elementor-container elementor-column-gap-default\">\n\t\t\t\t\t<div class=\"elementor-column elementor-col-100 elementor-top-column elementor-element elementor-element-580dcab7\" data-id=\"580dcab7\" data-element_type=\"column\">\n\t\t\t<div class=\"elementor-widget-wrap elementor-element-populated\">\n\t\t\t\t\t\t<div class=\"elementor-element elementor-element-56bca2cb elementor-widget elementor-widget-heading\" data-id=\"56bca2cb\" data-element_type=\"widget\" data-widget_type=\"heading.default\">\n\t\t\t\t<div class=\"elementor-widget-container\">\n\t\t\t\t\t<h2 class=\"elementor-heading-title elementor-size-default\">Siga - plataforma para marca\u00e7\u00e3o de refei\u00e7\u00f5es<\/h2>\t\t\t\t<\/div>\n\t\t\t\t<\/div>\n\t\t\t\t\t<\/div>\n\t\t<\/div>\n\t\t\t\t\t<\/div>\n\t\t<\/section>\n\t\t\t\t<section class=\"elementor-section elementor-top-section elementor-element elementor-element-75597877 elementor-section-boxed elementor-section-height-default elementor-section-height-default\" data-id=\"75597877\" data-element_type=\"section\">\n\t\t\t\t\t\t<div class=\"elementor-container elementor-column-gap-default\">\n\t\t\t\t\t<div class=\"elementor-column elementor-col-50 elementor-top-column elementor-element elementor-element-1d41c4f1\" data-id=\"1d41c4f1\" data-element_type=\"column\">\n\t\t\t<div class=\"elementor-widget-wrap elementor-element-populated\">\n\t\t\t\t\t\t<div class=\"elementor-element elementor-element-44aa6ce0 elementor-widget elementor-widget-image\" data-id=\"44aa6ce0\" data-element_type=\"widget\" data-widget_type=\"image.default\">\n\t\t\t\t<div class=\"elementor-widget-container\">\n\t\t\t\t\t\t\t\t\t\t\t\t\t\t\t<img decoding=\"async\" width=\"197\" height=\"97\" src=\"https:\/\/aefernandopessoa.edu.pt\/wp-content\/uploads\/2023\/09\/Siga.jpg\" class=\"attachment-full size-full wp-image-270\" alt=\"\" \/>\t\t\t\t\t\t\t\t\t\t\t\t\t\t\t<\/div>\n\t\t\t\t<\/div>\n\t\t\t\t\t<\/div>\n\t\t<\/div>\n\t\t\t\t<div class=\"elementor-column elementor-col-50 elementor-top-column elementor-element elementor-element-4999f45\" data-id=\"4999f45\" data-element_type=\"column\">\n\t\t\t<div class=\"elementor-widget-wrap elementor-element-populated\">\n\t\t\t\t\t\t<div class=\"elementor-element elementor-element-01962a3 elementor-widget elementor-widget-text-editor\" data-id=\"01962a3\" data-element_type=\"widget\" data-widget_type=\"text-editor.default\">\n\t\t\t\t<div class=\"elementor-widget-container\">\n\t\t\t\t\t\t\t\t\t<p>O cart\u00e3o\/plataforma\u00a0<strong>Siga<\/strong>\u00a0serve, exclusivamente, para o\u00a0<strong>consumo de refei\u00e7\u00f5es<\/strong>\u00a0escolares. O Siga pode ser usado em dispositivos m\u00f3veis, instalando a respetiva App.<br \/>Caso os alunos pretendam comprar produtos na papelaria ou no bar da escola devem carregar o seu cart\u00e3o escolar de aluno na papelaria da escola.<\/p><p><strong>Como almo\u00e7ar na escola:<\/strong> <a href=\"https:\/\/aefernandopessoa.edu.pt\/wp-content\/uploads\/2025\/08\/Como-posso-Almoc\u0327ar-na-Escola.pdf\">Consultar &#8211; Como posso Almoc\u0327ar na Escola<\/a><\/p><p><strong>How to have lunch at school:<\/strong> <a href=\"https:\/\/aefernandopessoa.edu.pt\/wp-content\/uploads\/2025\/08\/How-can-i-have-lunch-at-school-.pdf\">How can i have lunch at school<\/a><\/p><p><strong>Como ativar e carregar o cart\u00e3o escolar Municipal para o consumo de refei\u00e7\u00f5es:<\/strong><\/p><ul><li><a href=\"https:\/\/siga1.edubox.pt\/SIGA\/memberLogin.aspx#\">SITE SIGA &#8211; https:\/\/siga1.edubox.pt\/SIGA\/memberLogin.aspx#<\/a><\/li><li><a href=\"https:\/\/edubox.pt\/cartao-escolar\/\">Instru\u00e7\u00f5es para cart\u00e3o Pr\u00e9-Pago &#8211; https:\/\/edubox.pt\/cartao-escolar\/<\/a><\/li><li><a href=\"https:\/\/youtu.be\/5C7kAastkuo\">Instru\u00e7\u00f5es para Cart\u00e3o Pr\u00e9-Pago &#8211; v\u00eddeo &#8211; https:\/\/youtu.be\/5C7kAastkuo<\/a><\/li><\/ul><p>\u00a0<\/p><p><strong>Marca\u00e7\u00e3o e cancelamento de refei\u00e7\u00f5es &#8211; v\u00eddeo:<\/strong><\/p><ul><li><a href=\"https:\/\/www.youtube.com\/watch?v=UNm-Aos9VxY\">https:\/\/www.youtube.com\/watch?v=UNm-Aos9VxY<\/a><\/li><\/ul>\t\t\t\t\t\t\t\t<\/div>\n\t\t\t\t<\/div>\n\t\t\t\t\t<\/div>\n\t\t<\/div>\n\t\t\t\t\t<\/div>\n\t\t<\/section>\n\t\t\t\t<\/div>\n\t\t","protected":false},"excerpt":{"rendered":"<p>Siga &#8211; plataforma para marca\u00e7\u00e3o de refei\u00e7\u00f5es O cart\u00e3o\/plataforma\u00a0Siga\u00a0serve, exclusivamente, para o\u00a0consumo de refei\u00e7\u00f5es\u00a0escolares. O Siga pode ser usado em dispositivos m\u00f3veis, instalando a respetiva App.Caso os alunos pretendam comprar produtos na papelaria ou no bar da escola devem carregar o seu cart\u00e3o escolar de aluno na papelaria da escola. Como almo\u00e7ar na escola: Consultar [&hellip;]<\/p>\n","protected":false},"author":2,"featured_media":0,"parent":0,"menu_order":0,"comment_status":"closed","ping_status":"closed","template":"elementor_header_footer","meta":{"_seopress_robots_primary_cat":"","_seopress_titles_title":"","_seopress_titles_desc":"","_seopress_robots_index":"","footnotes":""},"class_list":["post-265","page","type-page","status-publish","hentry"],"_links":{"self":[{"href":"https:\/\/aefernandopessoa.edu.pt\/index.php\/wp-json\/wp\/v2\/pages\/265","targetHints":{"allow":["GET"]}}],"collection":[{"href":"https:\/\/aefernandopessoa.edu.pt\/index.php\/wp-json\/wp\/v2\/pages"}],"about":[{"href":"https:\/\/aefernandopessoa.edu.pt\/index.php\/wp-json\/wp\/v2\/types\/page"}],"author":[{"embeddable":true,"href":"https:\/\/aefernandopessoa.edu.pt\/index.php\/wp-json\/wp\/v2\/users\/2"}],"replies":[{"embeddable":true,"href":"https:\/\/aefernandopessoa.edu.pt\/index.php\/wp-json\/wp\/v2\/comments?post=265"}],"version-history":[{"count":25,"href":"https:\/\/aefernandopessoa.edu.pt\/index.php\/wp-json\/wp\/v2\/pages\/265\/revisions"}],"predecessor-version":[{"id":2869,"href":"https:\/\/aefernandopessoa.edu.pt\/index.php\/wp-json\/wp\/v2\/pages\/265\/revisions\/2869"}],"wp:attachment":[{"href":"https:\/\/aefernandopessoa.edu.pt\/index.php\/wp-json\/wp\/v2\/media?parent=265"}],"curies":[{"name":"wp","href":"https:\/\/api.w.org\/{rel}","templated":true}]}}