{"id":2640,"date":"2025-09-26T11:58:29","date_gmt":"2025-09-26T11:58:29","guid":{"rendered":"https:\/\/aefernandopessoa.edu.pt\/?page_id=2640"},"modified":"2025-09-27T14:25:06","modified_gmt":"2025-09-27T14:25:06","slug":"laboratorio-de-educacao-digital","status":"publish","type":"page","link":"https:\/\/aefernandopessoa.edu.pt\/index.php\/laboratorio-de-educacao-digital\/","title":{"rendered":"Laborat\u00f3rio de Educa\u00e7\u00e3o DIgital"},"content":{"rendered":"\t\t<div data-elementor-type=\"wp-page\" data-elementor-id=\"2640\" class=\"elementor elementor-2640\">\n\t\t\t\t\t\t<section class=\"elementor-section elementor-top-section elementor-element elementor-element-1fce7740 elementor-section-boxed elementor-section-height-default elementor-section-height-default\" data-id=\"1fce7740\" data-element_type=\"section\" data-settings=\"{&quot;background_background&quot;:&quot;classic&quot;}\">\n\t\t\t\t\t\t\t<div class=\"elementor-background-overlay\"><\/div>\n\t\t\t\t\t\t\t<div class=\"elementor-container elementor-column-gap-default\">\n\t\t\t\t\t<div class=\"elementor-column elementor-col-100 elementor-top-column elementor-element elementor-element-15d78d98\" data-id=\"15d78d98\" data-element_type=\"column\">\n\t\t\t<div class=\"elementor-widget-wrap elementor-element-populated\">\n\t\t\t\t\t\t<div class=\"elementor-element elementor-element-73180164 elementor-widget elementor-widget-heading\" data-id=\"73180164\" data-element_type=\"widget\" data-widget_type=\"heading.default\">\n\t\t\t\t<div class=\"elementor-widget-container\">\n\t\t\t\t\t<h2 class=\"elementor-heading-title elementor-size-default\">Laborat\u00f3rio de Educa\u00e7\u00e3o Digital<\/h2>\t\t\t\t<\/div>\n\t\t\t\t<\/div>\n\t\t\t\t\t<\/div>\n\t\t<\/div>\n\t\t\t\t\t<\/div>\n\t\t<\/section>\n\t\t\t\t<section class=\"elementor-section elementor-top-section elementor-element elementor-element-6fd42f4 elementor-section-boxed elementor-section-height-default elementor-section-height-default\" data-id=\"6fd42f4\" data-element_type=\"section\">\n\t\t\t\t\t\t<div class=\"elementor-container elementor-column-gap-default\">\n\t\t\t\t\t<div class=\"elementor-column elementor-col-100 elementor-top-column elementor-element elementor-element-e536814\" data-id=\"e536814\" data-element_type=\"column\">\n\t\t\t<div class=\"elementor-widget-wrap elementor-element-populated\">\n\t\t\t\t\t\t<div class=\"elementor-element elementor-element-556970b elementor-widget elementor-widget-text-editor\" data-id=\"556970b\" data-element_type=\"widget\" data-widget_type=\"text-editor.default\">\n\t\t\t\t<div class=\"elementor-widget-container\">\n\t\t\t\t\t\t\t\t\t<p><span style=\"color: #000000;\">O Laborat\u00f3rio de Educa\u00e7\u00e3o Digital existe na Escola B\u00e1sica 2,3 Fernando Pessoa, sendo um LED de Tipo 1 (LED 1) constitu\u00eddo pelas seguintes tr\u00eas \u00e1reas: a \u00c1rea Comum, a \u00c1rea da Programa\u00e7\u00e3o e Rob\u00f3tica e a \u00c1rea STEM.<\/span><\/p><p><span style=\"color: #000000;\">Este laborat\u00f3rio foi montado no ano letivo 2024\/2025 e tem tido como objetivo promover o desenvolvimento de compet\u00eancias digitais, cient\u00edficas e tecnol\u00f3gicas nos alunos, atrav\u00e9s de metodologias ativas e experi\u00eancias pr\u00e1ticas. Integram-se diversas atividades estruturadas em torno de recursos tecnol\u00f3gicos e pedag\u00f3gicos inovadores, com destaque para o LEGO Education SPIKE, o kit LED1 STEM \u2013 Laborat\u00f3rio de Energias Renov\u00e1veis e o simulador da placa program\u00e1vel BBC micro:bit.\u00a0<\/span><\/p>\t\t\t\t\t\t\t\t<\/div>\n\t\t\t\t<\/div>\n\t\t\t\t\t<\/div>\n\t\t<\/div>\n\t\t\t\t\t<\/div>\n\t\t<\/section>\n\t\t\t\t<\/div>\n\t\t","protected":false},"excerpt":{"rendered":"<p>Laborat\u00f3rio de Educa\u00e7\u00e3o Digital O Laborat\u00f3rio de Educa\u00e7\u00e3o Digital existe na Escola B\u00e1sica 2,3 Fernando Pessoa, sendo um LED de Tipo 1 (LED 1) constitu\u00eddo pelas seguintes tr\u00eas \u00e1reas: a \u00c1rea Comum, a \u00c1rea da Programa\u00e7\u00e3o e Rob\u00f3tica e a \u00c1rea STEM. Este laborat\u00f3rio foi montado no ano letivo 2024\/2025 e tem tido como objetivo [&hellip;]<\/p>\n","protected":false},"author":10,"featured_media":0,"parent":0,"menu_order":0,"comment_status":"closed","ping_status":"closed","template":"elementor_header_footer","meta":{"_seopress_robots_primary_cat":"","_seopress_titles_title":"","_seopress_titles_desc":"","_seopress_robots_index":"","footnotes":""},"class_list":["post-2640","page","type-page","status-publish","hentry"],"_links":{"self":[{"href":"https:\/\/aefernandopessoa.edu.pt\/index.php\/wp-json\/wp\/v2\/pages\/2640","targetHints":{"allow":["GET"]}}],"collection":[{"href":"https:\/\/aefernandopessoa.edu.pt\/index.php\/wp-json\/wp\/v2\/pages"}],"about":[{"href":"https:\/\/aefernandopessoa.edu.pt\/index.php\/wp-json\/wp\/v2\/types\/page"}],"author":[{"embeddable":true,"href":"https:\/\/aefernandopessoa.edu.pt\/index.php\/wp-json\/wp\/v2\/users\/10"}],"replies":[{"embeddable":true,"href":"https:\/\/aefernandopessoa.edu.pt\/index.php\/wp-json\/wp\/v2\/comments?post=2640"}],"version-history":[{"count":19,"href":"https:\/\/aefernandopessoa.edu.pt\/index.php\/wp-json\/wp\/v2\/pages\/2640\/revisions"}],"predecessor-version":[{"id":2747,"href":"https:\/\/aefernandopessoa.edu.pt\/index.php\/wp-json\/wp\/v2\/pages\/2640\/revisions\/2747"}],"wp:attachment":[{"href":"https:\/\/aefernandopessoa.edu.pt\/index.php\/wp-json\/wp\/v2\/media?parent=2640"}],"curies":[{"name":"wp","href":"https:\/\/api.w.org\/{rel}","templated":true}]}}