{"id":2612,"date":"2025-09-26T11:23:49","date_gmt":"2025-09-26T11:23:49","guid":{"rendered":"https:\/\/aefernandopessoa.edu.pt\/?page_id=2612"},"modified":"2025-09-27T19:17:48","modified_gmt":"2025-09-27T19:17:48","slug":"clube-cavaquinhos","status":"publish","type":"page","link":"https:\/\/aefernandopessoa.edu.pt\/index.php\/clube-cavaquinhos\/","title":{"rendered":"Clube Cavaquinhos"},"content":{"rendered":"\t\t<div data-elementor-type=\"wp-page\" data-elementor-id=\"2612\" class=\"elementor elementor-2612\">\n\t\t\t\t\t\t<section class=\"elementor-section elementor-top-section elementor-element elementor-element-1fce7740 elementor-section-boxed elementor-section-height-default elementor-section-height-default\" data-id=\"1fce7740\" data-element_type=\"section\" data-settings=\"{&quot;background_background&quot;:&quot;classic&quot;}\">\n\t\t\t\t\t\t\t<div class=\"elementor-background-overlay\"><\/div>\n\t\t\t\t\t\t\t<div class=\"elementor-container elementor-column-gap-default\">\n\t\t\t\t\t<div class=\"elementor-column elementor-col-100 elementor-top-column elementor-element elementor-element-15d78d98\" data-id=\"15d78d98\" data-element_type=\"column\">\n\t\t\t<div class=\"elementor-widget-wrap elementor-element-populated\">\n\t\t\t\t\t\t<div class=\"elementor-element elementor-element-73180164 elementor-widget elementor-widget-heading\" data-id=\"73180164\" data-element_type=\"widget\" data-widget_type=\"heading.default\">\n\t\t\t\t<div class=\"elementor-widget-container\">\n\t\t\t\t\t<h2 class=\"elementor-heading-title elementor-size-default\">Clube Cavaquinhos<\/h2>\t\t\t\t<\/div>\n\t\t\t\t<\/div>\n\t\t\t\t\t<\/div>\n\t\t<\/div>\n\t\t\t\t\t<\/div>\n\t\t<\/section>\n\t\t\t\t<section class=\"elementor-section elementor-top-section elementor-element elementor-element-6fd42f4 elementor-section-boxed elementor-section-height-default elementor-section-height-default\" data-id=\"6fd42f4\" data-element_type=\"section\">\n\t\t\t\t\t\t<div class=\"elementor-container elementor-column-gap-default\">\n\t\t\t\t\t<div class=\"elementor-column elementor-col-100 elementor-top-column elementor-element elementor-element-e536814\" data-id=\"e536814\" data-element_type=\"column\">\n\t\t\t<div class=\"elementor-widget-wrap elementor-element-populated\">\n\t\t\t\t\t\t<div class=\"elementor-element elementor-element-556970b elementor-widget elementor-widget-text-editor\" data-id=\"556970b\" data-element_type=\"widget\" data-widget_type=\"text-editor.default\">\n\t\t\t\t<div class=\"elementor-widget-container\">\n\t\t\t\t\t\t\t\t\t<p><span style=\"color: #000000;\" data-olk-copy-source=\"MessageBody\">O Clube Cavaquinhos tem como principal objetivo promover o contacto com o\u00a0<b>cavaquinho<\/b>, instrumento tradicional da m\u00fasica portuguesa, proporcionando aos alunos a oportunidade de desenvolver compet\u00eancias musicais, r\u00edtmicas e expressivas, num ambiente colaborativo e enriquecedor.<\/span><\/p><p><span style=\"color: #000000;\">Para al\u00e9m da aprendizagem pr\u00e1tica do instrumento, o clube pretende tamb\u00e9m fomentar o gosto pela cultura musical popular portuguesa, estimular o esp\u00edrito de grupo e contribuir para o desenvolvimento pessoal e art\u00edstico dos alunos.<\/span><\/p><p><span style=\"color: #000000;\">\u00a0O clube ser\u00e1 dinamizado por professores da escola e poder\u00e1 contar com apresenta\u00e7\u00f5es em contextos escolares e comunit\u00e1rios.<\/span><\/p>\t\t\t\t\t\t\t\t<\/div>\n\t\t\t\t<\/div>\n\t\t\t\t\t<\/div>\n\t\t<\/div>\n\t\t\t\t\t<\/div>\n\t\t<\/section>\n\t\t\t\t<\/div>\n\t\t","protected":false},"excerpt":{"rendered":"<p>Clube Cavaquinhos O Clube Cavaquinhos tem como principal objetivo promover o contacto com o\u00a0cavaquinho, instrumento tradicional da m\u00fasica portuguesa, proporcionando aos alunos a oportunidade de desenvolver compet\u00eancias musicais, r\u00edtmicas e expressivas, num ambiente colaborativo e enriquecedor. Para al\u00e9m da aprendizagem pr\u00e1tica do instrumento, o clube pretende tamb\u00e9m fomentar o gosto pela cultura musical popular portuguesa, [&hellip;]<\/p>\n","protected":false},"author":10,"featured_media":0,"parent":0,"menu_order":0,"comment_status":"closed","ping_status":"closed","template":"elementor_header_footer","meta":{"_seopress_robots_primary_cat":"","_seopress_titles_title":"","_seopress_titles_desc":"","_seopress_robots_index":"","footnotes":""},"class_list":["post-2612","page","type-page","status-publish","hentry"],"_links":{"self":[{"href":"https:\/\/aefernandopessoa.edu.pt\/index.php\/wp-json\/wp\/v2\/pages\/2612","targetHints":{"allow":["GET"]}}],"collection":[{"href":"https:\/\/aefernandopessoa.edu.pt\/index.php\/wp-json\/wp\/v2\/pages"}],"about":[{"href":"https:\/\/aefernandopessoa.edu.pt\/index.php\/wp-json\/wp\/v2\/types\/page"}],"author":[{"embeddable":true,"href":"https:\/\/aefernandopessoa.edu.pt\/index.php\/wp-json\/wp\/v2\/users\/10"}],"replies":[{"embeddable":true,"href":"https:\/\/aefernandopessoa.edu.pt\/index.php\/wp-json\/wp\/v2\/comments?post=2612"}],"version-history":[{"count":16,"href":"https:\/\/aefernandopessoa.edu.pt\/index.php\/wp-json\/wp\/v2\/pages\/2612\/revisions"}],"predecessor-version":[{"id":2865,"href":"https:\/\/aefernandopessoa.edu.pt\/index.php\/wp-json\/wp\/v2\/pages\/2612\/revisions\/2865"}],"wp:attachment":[{"href":"https:\/\/aefernandopessoa.edu.pt\/index.php\/wp-json\/wp\/v2\/media?parent=2612"}],"curies":[{"name":"wp","href":"https:\/\/api.w.org\/{rel}","templated":true}]}}