{"id":2470,"date":"2025-09-20T09:26:51","date_gmt":"2025-09-20T09:26:51","guid":{"rendered":"https:\/\/aefernandopessoa.edu.pt\/?page_id=2470"},"modified":"2025-09-20T10:12:14","modified_gmt":"2025-09-20T10:12:14","slug":"projeto-ginja","status":"publish","type":"page","link":"https:\/\/aefernandopessoa.edu.pt\/index.php\/projeto-ginja\/","title":{"rendered":"Projeto GINJA"},"content":{"rendered":"\t\t<div data-elementor-type=\"wp-page\" data-elementor-id=\"2470\" class=\"elementor elementor-2470\">\n\t\t\t\t\t\t<section class=\"elementor-section elementor-top-section elementor-element elementor-element-1fce7740 elementor-section-boxed elementor-section-height-default elementor-section-height-default\" data-id=\"1fce7740\" data-element_type=\"section\" data-settings=\"{&quot;background_background&quot;:&quot;classic&quot;}\">\n\t\t\t\t\t\t\t<div class=\"elementor-background-overlay\"><\/div>\n\t\t\t\t\t\t\t<div class=\"elementor-container elementor-column-gap-default\">\n\t\t\t\t\t<div class=\"elementor-column elementor-col-100 elementor-top-column elementor-element elementor-element-15d78d98\" data-id=\"15d78d98\" data-element_type=\"column\">\n\t\t\t<div class=\"elementor-widget-wrap elementor-element-populated\">\n\t\t\t\t\t\t<div class=\"elementor-element elementor-element-73180164 elementor-widget elementor-widget-heading\" data-id=\"73180164\" data-element_type=\"widget\" data-widget_type=\"heading.default\">\n\t\t\t\t<div class=\"elementor-widget-container\">\n\t\t\t\t\t<h2 class=\"elementor-heading-title elementor-size-default\">Projeto GINJA<\/h2>\t\t\t\t<\/div>\n\t\t\t\t<\/div>\n\t\t\t\t\t<\/div>\n\t\t<\/div>\n\t\t\t\t\t<\/div>\n\t\t<\/section>\n\t\t\t\t<section class=\"elementor-section elementor-top-section elementor-element elementor-element-6fd42f4 elementor-section-boxed elementor-section-height-default elementor-section-height-default\" data-id=\"6fd42f4\" data-element_type=\"section\">\n\t\t\t\t\t\t<div class=\"elementor-container elementor-column-gap-default\">\n\t\t\t\t\t<div class=\"elementor-column elementor-col-100 elementor-top-column elementor-element elementor-element-e536814\" data-id=\"e536814\" data-element_type=\"column\">\n\t\t\t<div class=\"elementor-widget-wrap elementor-element-populated\">\n\t\t\t\t\t\t<div class=\"elementor-element elementor-element-556970b elementor-widget elementor-widget-text-editor\" data-id=\"556970b\" data-element_type=\"widget\" data-widget_type=\"text-editor.default\">\n\t\t\t\t<div class=\"elementor-widget-container\">\n\t\t\t\t\t\t\t\t\t<p><span style=\"color: #000000;\">O Ginja \u00e9 um programa de desenvolvimento socioemocional, para crian\u00e7as e alunos desde o pr\u00e9-escolar ao 3.\u00ba Ciclo do Ensino B\u00e1sico (CEB), tendo como objetivos:<\/span><\/p><p><span style=\"color: #000000;\"><strong>1)<\/strong>\u00a0Trabalhar as emo\u00e7\u00f5es com crian\u00e7as e jovens;<\/span><br \/><span style=\"color: #000000;\"><strong>2)\u00a0<\/strong>Desenvolver compet\u00eancias socioemocionais;<\/span><br \/><span style=\"color: #000000;\"><strong>3)<\/strong>\u00a0Promover a consci\u00eancia, a intelig\u00eancia e a express\u00e3o emocional; e<\/span><br \/><span style=\"color: #000000;\"><strong>4)<\/strong>\u00a0Melhorar a sa\u00fade mental.<\/span><\/p><p><span style=\"color: #000000;\">Dinamizado pelos professores, tem por base v\u00eddeos, can\u00e7\u00f5es, atividades manuais e diversos materiais, jogos de grupo e tabuleiro, para trabalharem as emo\u00e7\u00f5es.<\/span><\/p><p><span style=\"color: #000000;\">Promovido pela C\u00e2mara Municipal de Lisboa, no ano letivo 2024\/2025 ,o Agrupamento de Escolas de Fernando Pessoa integrou o conjunto de escolas da edi\u00e7\u00e3o piloto deste programa que ir\u00e1 continuar a ser implementado sendo um contributo para a melhoria da gest\u00e3o das emo\u00e7\u00f5es e sa\u00fade mental de todas as crian\u00e7as.<\/span><\/p>\t\t\t\t\t\t\t\t<\/div>\n\t\t\t\t<\/div>\n\t\t\t\t\t<\/div>\n\t\t<\/div>\n\t\t\t\t\t<\/div>\n\t\t<\/section>\n\t\t\t\t<\/div>\n\t\t","protected":false},"excerpt":{"rendered":"<p>Projeto GINJA O Ginja \u00e9 um programa de desenvolvimento socioemocional, para crian\u00e7as e alunos desde o pr\u00e9-escolar ao 3.\u00ba Ciclo do Ensino B\u00e1sico (CEB), tendo como objetivos: 1)\u00a0Trabalhar as emo\u00e7\u00f5es com crian\u00e7as e jovens;2)\u00a0Desenvolver compet\u00eancias socioemocionais;3)\u00a0Promover a consci\u00eancia, a intelig\u00eancia e a express\u00e3o emocional; e4)\u00a0Melhorar a sa\u00fade mental. Dinamizado pelos professores, tem por base v\u00eddeos, [&hellip;]<\/p>\n","protected":false},"author":10,"featured_media":0,"parent":0,"menu_order":0,"comment_status":"closed","ping_status":"closed","template":"elementor_header_footer","meta":{"_seopress_robots_primary_cat":"","_seopress_titles_title":"","_seopress_titles_desc":"","_seopress_robots_index":"","footnotes":""},"class_list":["post-2470","page","type-page","status-publish","hentry"],"_links":{"self":[{"href":"https:\/\/aefernandopessoa.edu.pt\/index.php\/wp-json\/wp\/v2\/pages\/2470","targetHints":{"allow":["GET"]}}],"collection":[{"href":"https:\/\/aefernandopessoa.edu.pt\/index.php\/wp-json\/wp\/v2\/pages"}],"about":[{"href":"https:\/\/aefernandopessoa.edu.pt\/index.php\/wp-json\/wp\/v2\/types\/page"}],"author":[{"embeddable":true,"href":"https:\/\/aefernandopessoa.edu.pt\/index.php\/wp-json\/wp\/v2\/users\/10"}],"replies":[{"embeddable":true,"href":"https:\/\/aefernandopessoa.edu.pt\/index.php\/wp-json\/wp\/v2\/comments?post=2470"}],"version-history":[{"count":19,"href":"https:\/\/aefernandopessoa.edu.pt\/index.php\/wp-json\/wp\/v2\/pages\/2470\/revisions"}],"predecessor-version":[{"id":2493,"href":"https:\/\/aefernandopessoa.edu.pt\/index.php\/wp-json\/wp\/v2\/pages\/2470\/revisions\/2493"}],"wp:attachment":[{"href":"https:\/\/aefernandopessoa.edu.pt\/index.php\/wp-json\/wp\/v2\/media?parent=2470"}],"curies":[{"name":"wp","href":"https:\/\/api.w.org\/{rel}","templated":true}]}}