{"id":2387,"date":"2025-09-19T17:59:44","date_gmt":"2025-09-19T17:59:44","guid":{"rendered":"https:\/\/aefernandopessoa.edu.pt\/?page_id=2387"},"modified":"2026-01-23T12:37:01","modified_gmt":"2026-01-23T12:37:01","slug":"desporto-escolar-copy","status":"publish","type":"page","link":"https:\/\/aefernandopessoa.edu.pt\/index.php\/desporto-escolar-copy\/","title":{"rendered":"Jornal Escolar Heter\u00f3nimos"},"content":{"rendered":"\t\t<div data-elementor-type=\"wp-page\" data-elementor-id=\"2387\" class=\"elementor elementor-2387\">\n\t\t\t\t\t\t<section class=\"elementor-section elementor-top-section elementor-element elementor-element-1fce7740 elementor-section-boxed elementor-section-height-default elementor-section-height-default\" data-id=\"1fce7740\" data-element_type=\"section\" data-settings=\"{&quot;background_background&quot;:&quot;classic&quot;}\">\n\t\t\t\t\t\t\t<div class=\"elementor-background-overlay\"><\/div>\n\t\t\t\t\t\t\t<div class=\"elementor-container elementor-column-gap-default\">\n\t\t\t\t\t<div class=\"elementor-column elementor-col-100 elementor-top-column elementor-element elementor-element-15d78d98\" data-id=\"15d78d98\" data-element_type=\"column\">\n\t\t\t<div class=\"elementor-widget-wrap elementor-element-populated\">\n\t\t\t\t\t\t<div class=\"elementor-element elementor-element-73180164 elementor-widget elementor-widget-heading\" data-id=\"73180164\" data-element_type=\"widget\" data-widget_type=\"heading.default\">\n\t\t\t\t<div class=\"elementor-widget-container\">\n\t\t\t\t\t<h2 class=\"elementor-heading-title elementor-size-default\">Jornal Escolar Heter\u00f3nimos<\/h2>\t\t\t\t<\/div>\n\t\t\t\t<\/div>\n\t\t\t\t\t<\/div>\n\t\t<\/div>\n\t\t\t\t\t<\/div>\n\t\t<\/section>\n\t\t\t\t<section class=\"elementor-section elementor-top-section elementor-element elementor-element-6fd42f4 elementor-section-boxed elementor-section-height-default elementor-section-height-default\" data-id=\"6fd42f4\" data-element_type=\"section\">\n\t\t\t\t\t\t<div class=\"elementor-container elementor-column-gap-default\">\n\t\t\t\t\t<div class=\"elementor-column elementor-col-100 elementor-top-column elementor-element elementor-element-e536814\" data-id=\"e536814\" data-element_type=\"column\">\n\t\t\t<div class=\"elementor-widget-wrap elementor-element-populated\">\n\t\t\t\t\t\t<div class=\"elementor-element elementor-element-556970b elementor-widget elementor-widget-text-editor\" data-id=\"556970b\" data-element_type=\"widget\" data-widget_type=\"text-editor.default\">\n\t\t\t\t<div class=\"elementor-widget-container\">\n\t\t\t\t\t\t\t\t\t<p><span style=\"color: #000000;\">O &#8220;Heter\u00f3nimos&#8221; \u00e9 um jornal escolar e surge da necessidade de melhorar a comunica\u00e7\u00e3o no nosso Agrupamento. Com um nome que evoca os heter\u00f3nimos de Fernando Pessoa, o jornal reflete tamb\u00e9m a diversidade de vozes que comp\u00f5em a nossa comunidade escolar. Com um logotipo desenhado por um aluno dos nossos alunos do 9.\u00ba ano, \u00e9 um projeto constru\u00eddo e concretizado por quem estuda e trabalha no Agrupamento.<\/span><\/p><p><span style=\"color: #000000;\">Este jornal conta com a colabora\u00e7\u00e3o de todos &#8211; desde os alunos do pr\u00e9-escolar aos do 9\u00ba ano, passando pelo corpo docente. A ideia \u00e9 simples: dar a conhecer o que acontece na escola, partilhar trabalhos dos alunos e apresentar as pessoas que fazem parte da Fernando Pessoa.<\/span><\/p><p><span style=\"color: #000000;\">Queremos mostrar projetos interessantes, celebrar conquistas, mas tamb\u00e9m conhecer melhor quem nos rodeia. H\u00e1 professores que deixam marca nos alunos, funcion\u00e1rios com hist\u00f3rias acumuladas ao longo dos anos &#8211; s\u00e3o estas pessoas que tornam a escola mais do que um edif\u00edcio.<\/span><\/p><p><span style=\"color: #000000;\">O &#8220;Heter\u00f3nimos&#8221; pretende ser um espa\u00e7o onde cada um pode contribuir com a sua perspetiva. Tal como os heter\u00f3nimos do poeta, aqui cabem diferentes vozes e olhares sobre o quotidiano escolar.<\/span><\/p>\t\t\t\t\t\t\t\t<\/div>\n\t\t\t\t<\/div>\n\t\t\t\t\t<\/div>\n\t\t<\/div>\n\t\t\t\t\t<\/div>\n\t\t<\/section>\n\t\t\t\t<section class=\"elementor-section elementor-top-section elementor-element elementor-element-7599875 elementor-section-boxed elementor-section-height-default elementor-section-height-default\" data-id=\"7599875\" data-element_type=\"section\">\n\t\t\t\t\t\t<div class=\"elementor-container elementor-column-gap-default\">\n\t\t\t\t\t<div class=\"elementor-column elementor-col-100 elementor-top-column elementor-element elementor-element-7fa3ddb\" data-id=\"7fa3ddb\" data-element_type=\"column\">\n\t\t\t<div class=\"elementor-widget-wrap elementor-element-populated\">\n\t\t\t\t\t\t<div class=\"elementor-element elementor-element-0c79ebb elementor-widget elementor-widget-text-editor\" data-id=\"0c79ebb\" data-element_type=\"widget\" data-widget_type=\"text-editor.default\">\n\t\t\t\t<div class=\"elementor-widget-container\">\n\t\t\t\t\t\t\t\t\t<p><span style=\"color: #000000;\">Pode consultar as edi\u00e7\u00f5es do Heter\u00f3nimos atrav\u00e9s dos links:<\/span><\/p><p><span style=\"color: #000000;\"><a href=\"https:\/\/aefernandopessoa.edu.pt\/wp-content\/uploads\/2026\/01\/2024-2025_Hetero\u0301nimos-Ano-0-Numero-1.pdf\">2024-2025_Hetero\u0301nimos Ano 0 &#8211; Numero 1<\/a><\/span><\/p><p><a href=\"https:\/\/aefernandopessoa.edu.pt\/wp-content\/uploads\/2026\/01\/2025-2026_Hetero\u0301nimos-Ano-1-Numero-1.pdf\">2025-2026_Hetero\u0301nimos Ano 1 &#8211; Numero 1<\/a><\/p>\t\t\t\t\t\t\t\t<\/div>\n\t\t\t\t<\/div>\n\t\t\t\t\t<\/div>\n\t\t<\/div>\n\t\t\t\t\t<\/div>\n\t\t<\/section>\n\t\t\t\t<\/div>\n\t\t","protected":false},"excerpt":{"rendered":"<p>Jornal Escolar Heter\u00f3nimos O &#8220;Heter\u00f3nimos&#8221; \u00e9 um jornal escolar e surge da necessidade de melhorar a comunica\u00e7\u00e3o no nosso Agrupamento. Com um nome que evoca os heter\u00f3nimos de Fernando Pessoa, o jornal reflete tamb\u00e9m a diversidade de vozes que comp\u00f5em a nossa comunidade escolar. Com um logotipo desenhado por um aluno dos nossos alunos do [&hellip;]<\/p>\n","protected":false},"author":10,"featured_media":0,"parent":0,"menu_order":0,"comment_status":"closed","ping_status":"closed","template":"elementor_header_footer","meta":{"_seopress_robots_primary_cat":"","_seopress_titles_title":"","_seopress_titles_desc":"","_seopress_robots_index":"","footnotes":""},"class_list":["post-2387","page","type-page","status-publish","hentry"],"_links":{"self":[{"href":"https:\/\/aefernandopessoa.edu.pt\/index.php\/wp-json\/wp\/v2\/pages\/2387","targetHints":{"allow":["GET"]}}],"collection":[{"href":"https:\/\/aefernandopessoa.edu.pt\/index.php\/wp-json\/wp\/v2\/pages"}],"about":[{"href":"https:\/\/aefernandopessoa.edu.pt\/index.php\/wp-json\/wp\/v2\/types\/page"}],"author":[{"embeddable":true,"href":"https:\/\/aefernandopessoa.edu.pt\/index.php\/wp-json\/wp\/v2\/users\/10"}],"replies":[{"embeddable":true,"href":"https:\/\/aefernandopessoa.edu.pt\/index.php\/wp-json\/wp\/v2\/comments?post=2387"}],"version-history":[{"count":22,"href":"https:\/\/aefernandopessoa.edu.pt\/index.php\/wp-json\/wp\/v2\/pages\/2387\/revisions"}],"predecessor-version":[{"id":3518,"href":"https:\/\/aefernandopessoa.edu.pt\/index.php\/wp-json\/wp\/v2\/pages\/2387\/revisions\/3518"}],"wp:attachment":[{"href":"https:\/\/aefernandopessoa.edu.pt\/index.php\/wp-json\/wp\/v2\/media?parent=2387"}],"curies":[{"name":"wp","href":"https:\/\/api.w.org\/{rel}","templated":true}]}}