{"id":165,"date":"2023-09-09T10:45:40","date_gmt":"2023-09-09T10:45:40","guid":{"rendered":"https:\/\/sitetemp.inforabreu.pt\/aefp\/?page_id=165"},"modified":"2025-09-20T21:25:31","modified_gmt":"2025-09-20T21:25:31","slug":"escolas-agrupamento","status":"publish","type":"page","link":"https:\/\/aefernandopessoa.edu.pt\/index.php\/escolas-agrupamento\/","title":{"rendered":"Escolas do Agrupamento"},"content":{"rendered":"\t\t<div data-elementor-type=\"wp-page\" data-elementor-id=\"165\" class=\"elementor elementor-165\">\n\t\t\t\t\t\t<section class=\"elementor-section elementor-top-section elementor-element elementor-element-1fce7740 elementor-section-boxed elementor-section-height-default elementor-section-height-default\" data-id=\"1fce7740\" data-element_type=\"section\" data-settings=\"{&quot;background_background&quot;:&quot;classic&quot;}\">\n\t\t\t\t\t\t\t<div class=\"elementor-background-overlay\"><\/div>\n\t\t\t\t\t\t\t<div class=\"elementor-container elementor-column-gap-default\">\n\t\t\t\t\t<div class=\"elementor-column elementor-col-100 elementor-top-column elementor-element elementor-element-15d78d98\" data-id=\"15d78d98\" data-element_type=\"column\">\n\t\t\t<div class=\"elementor-widget-wrap elementor-element-populated\">\n\t\t\t\t\t\t<div class=\"elementor-element elementor-element-73180164 elementor-widget elementor-widget-heading\" data-id=\"73180164\" data-element_type=\"widget\" data-widget_type=\"heading.default\">\n\t\t\t\t<div class=\"elementor-widget-container\">\n\t\t\t\t\t<h2 class=\"elementor-heading-title elementor-size-default\">Escolas do Agrupamento<\/h2>\t\t\t\t<\/div>\n\t\t\t\t<\/div>\n\t\t\t\t\t<\/div>\n\t\t<\/div>\n\t\t\t\t\t<\/div>\n\t\t<\/section>\n\t\t\t\t<section class=\"elementor-section elementor-top-section elementor-element elementor-element-19137f8b elementor-section-boxed elementor-section-height-default elementor-section-height-default\" data-id=\"19137f8b\" data-element_type=\"section\">\n\t\t\t\t\t\t<div class=\"elementor-container elementor-column-gap-default\">\n\t\t\t\t\t<div class=\"elementor-column elementor-col-100 elementor-top-column elementor-element elementor-element-75e95e2b\" data-id=\"75e95e2b\" data-element_type=\"column\">\n\t\t\t<div class=\"elementor-widget-wrap elementor-element-populated\">\n\t\t\t\t\t\t<section class=\"elementor-section elementor-inner-section elementor-element elementor-element-035fb55 elementor-section-boxed elementor-section-height-default elementor-section-height-default\" data-id=\"035fb55\" data-element_type=\"section\">\n\t\t\t\t\t\t<div class=\"elementor-container elementor-column-gap-default\">\n\t\t\t\t\t<div class=\"elementor-column elementor-col-50 elementor-inner-column elementor-element elementor-element-b158369\" data-id=\"b158369\" data-element_type=\"column\">\n\t\t\t<div class=\"elementor-widget-wrap elementor-element-populated\">\n\t\t\t\t\t\t<div class=\"elementor-element elementor-element-a347c5f elementor-widget elementor-widget-image\" data-id=\"a347c5f\" data-element_type=\"widget\" data-widget_type=\"image.default\">\n\t\t\t\t<div class=\"elementor-widget-container\">\n\t\t\t\t\t\t\t\t\t\t\t\t\t\t\t<img fetchpriority=\"high\" decoding=\"async\" width=\"800\" height=\"600\" src=\"https:\/\/aefernandopessoa.edu.pt\/wp-content\/uploads\/2023\/09\/Imagem2.jpg\" class=\"attachment-large size-large wp-image-492\" alt=\"\" srcset=\"https:\/\/aefernandopessoa.edu.pt\/wp-content\/uploads\/2023\/09\/Imagem2.jpg 850w, https:\/\/aefernandopessoa.edu.pt\/wp-content\/uploads\/2023\/09\/Imagem2-300x225.jpg 300w, https:\/\/aefernandopessoa.edu.pt\/wp-content\/uploads\/2023\/09\/Imagem2-768x576.jpg 768w\" sizes=\"(max-width: 800px) 100vw, 800px\" \/>\t\t\t\t\t\t\t\t\t\t\t\t\t\t\t<\/div>\n\t\t\t\t<\/div>\n\t\t\t\t\t<\/div>\n\t\t<\/div>\n\t\t\t\t<div class=\"elementor-column elementor-col-50 elementor-inner-column elementor-element elementor-element-0bef9f5\" data-id=\"0bef9f5\" data-element_type=\"column\">\n\t\t\t<div class=\"elementor-widget-wrap elementor-element-populated\">\n\t\t\t\t\t\t<div class=\"elementor-element elementor-element-996c6b1 elementor-widget elementor-widget-heading\" data-id=\"996c6b1\" data-element_type=\"widget\" data-widget_type=\"heading.default\">\n\t\t\t\t<div class=\"elementor-widget-container\">\n\t\t\t\t\t<h2 class=\"elementor-heading-title elementor-size-default\">Escola EB 2,3 de Fernando Pessoa<\/h2>\t\t\t\t<\/div>\n\t\t\t\t<\/div>\n\t\t\t\t<div class=\"elementor-element elementor-element-50a8fa3e elementor-align-left elementor-widget elementor-widget-button\" data-id=\"50a8fa3e\" data-element_type=\"widget\" data-widget_type=\"button.default\">\n\t\t\t\t<div class=\"elementor-widget-container\">\n\t\t\t\t\t\t\t\t\t<div class=\"elementor-button-wrapper\">\n\t\t\t\t\t<a class=\"elementor-button elementor-button-link elementor-size-lg\" href=\"https:\/\/aefernandopessoa.edu.pt\/index.php\/escola-eb23-fernando-pessoa\/\">\n\t\t\t\t\t\t<span class=\"elementor-button-content-wrapper\">\n\t\t\t\t\t\t\t\t\t<span class=\"elementor-button-text\">Mais informa\u00e7\u00f5es<\/span>\n\t\t\t\t\t<\/span>\n\t\t\t\t\t<\/a>\n\t\t\t\t<\/div>\n\t\t\t\t\t\t\t\t<\/div>\n\t\t\t\t<\/div>\n\t\t\t\t\t<\/div>\n\t\t<\/div>\n\t\t\t\t\t<\/div>\n\t\t<\/section>\n\t\t\t\t\t<\/div>\n\t\t<\/div>\n\t\t\t\t\t<\/div>\n\t\t<\/section>\n\t\t\t\t<section class=\"elementor-section elementor-top-section elementor-element elementor-element-52d27be elementor-section-boxed elementor-section-height-default elementor-section-height-default\" data-id=\"52d27be\" data-element_type=\"section\">\n\t\t\t\t\t\t<div class=\"elementor-container elementor-column-gap-default\">\n\t\t\t\t\t<div class=\"elementor-column elementor-col-100 elementor-top-column elementor-element elementor-element-2c1fa50\" data-id=\"2c1fa50\" data-element_type=\"column\">\n\t\t\t<div class=\"elementor-widget-wrap elementor-element-populated\">\n\t\t\t\t\t\t<section class=\"elementor-section elementor-inner-section elementor-element elementor-element-d7c1167 elementor-section-boxed elementor-section-height-default elementor-section-height-default\" data-id=\"d7c1167\" data-element_type=\"section\">\n\t\t\t\t\t\t<div class=\"elementor-container elementor-column-gap-default\">\n\t\t\t\t\t<div class=\"elementor-column elementor-col-50 elementor-inner-column elementor-element elementor-element-84d35b2\" data-id=\"84d35b2\" data-element_type=\"column\">\n\t\t\t<div class=\"elementor-widget-wrap elementor-element-populated\">\n\t\t\t\t\t\t<div class=\"elementor-element elementor-element-4bef323 elementor-widget elementor-widget-image\" data-id=\"4bef323\" data-element_type=\"widget\" data-widget_type=\"image.default\">\n\t\t\t\t<div class=\"elementor-widget-container\">\n\t\t\t\t\t\t\t\t\t\t\t\t\t\t\t<img decoding=\"async\" width=\"324\" height=\"262\" src=\"https:\/\/aefernandopessoa.edu.pt\/wp-content\/uploads\/2025\/08\/Imagem1.jpg\" class=\"attachment-large size-large wp-image-2212\" alt=\"\" srcset=\"https:\/\/aefernandopessoa.edu.pt\/wp-content\/uploads\/2025\/08\/Imagem1.jpg 324w, https:\/\/aefernandopessoa.edu.pt\/wp-content\/uploads\/2025\/08\/Imagem1-300x243.jpg 300w\" sizes=\"(max-width: 324px) 100vw, 324px\" \/>\t\t\t\t\t\t\t\t\t\t\t\t\t\t\t<\/div>\n\t\t\t\t<\/div>\n\t\t\t\t\t<\/div>\n\t\t<\/div>\n\t\t\t\t<div class=\"elementor-column elementor-col-50 elementor-inner-column elementor-element elementor-element-5d6a532\" data-id=\"5d6a532\" data-element_type=\"column\">\n\t\t\t<div class=\"elementor-widget-wrap elementor-element-populated\">\n\t\t\t\t\t\t<div class=\"elementor-element elementor-element-c1d14d7 elementor-widget elementor-widget-heading\" data-id=\"c1d14d7\" data-element_type=\"widget\" data-widget_type=\"heading.default\">\n\t\t\t\t<div class=\"elementor-widget-container\">\n\t\t\t\t\t<h2 class=\"elementor-heading-title elementor-size-default\">Escola EB1 c\/ JI Adriano Correia de Oliveira\n<\/h2>\t\t\t\t<\/div>\n\t\t\t\t<\/div>\n\t\t\t\t<div class=\"elementor-element elementor-element-3ccc44e elementor-align-left elementor-widget elementor-widget-button\" data-id=\"3ccc44e\" data-element_type=\"widget\" data-widget_type=\"button.default\">\n\t\t\t\t<div class=\"elementor-widget-container\">\n\t\t\t\t\t\t\t\t\t<div class=\"elementor-button-wrapper\">\n\t\t\t\t\t<a class=\"elementor-button elementor-button-link elementor-size-lg\" href=\"https:\/\/aefernandopessoa.edu.pt\/index.php\/escola-eb1-ji-adriano-correia-de-oliveira\/\">\n\t\t\t\t\t\t<span class=\"elementor-button-content-wrapper\">\n\t\t\t\t\t\t\t\t\t<span class=\"elementor-button-text\">Mais informa\u00e7\u00f5es<\/span>\n\t\t\t\t\t<\/span>\n\t\t\t\t\t<\/a>\n\t\t\t\t<\/div>\n\t\t\t\t\t\t\t\t<\/div>\n\t\t\t\t<\/div>\n\t\t\t\t\t<\/div>\n\t\t<\/div>\n\t\t\t\t\t<\/div>\n\t\t<\/section>\n\t\t\t\t\t<\/div>\n\t\t<\/div>\n\t\t\t\t\t<\/div>\n\t\t<\/section>\n\t\t\t\t<section class=\"elementor-section elementor-top-section elementor-element elementor-element-49ba691 elementor-section-boxed elementor-section-height-default elementor-section-height-default\" data-id=\"49ba691\" data-element_type=\"section\">\n\t\t\t\t\t\t<div class=\"elementor-container elementor-column-gap-default\">\n\t\t\t\t\t<div class=\"elementor-column elementor-col-100 elementor-top-column elementor-element elementor-element-5181c23\" data-id=\"5181c23\" data-element_type=\"column\">\n\t\t\t<div class=\"elementor-widget-wrap elementor-element-populated\">\n\t\t\t\t\t\t<section class=\"elementor-section elementor-inner-section elementor-element elementor-element-d779b96 elementor-section-boxed elementor-section-height-default elementor-section-height-default\" data-id=\"d779b96\" data-element_type=\"section\">\n\t\t\t\t\t\t<div class=\"elementor-container elementor-column-gap-default\">\n\t\t\t\t\t<div class=\"elementor-column elementor-col-50 elementor-inner-column elementor-element elementor-element-8273324\" data-id=\"8273324\" data-element_type=\"column\">\n\t\t\t<div class=\"elementor-widget-wrap elementor-element-populated\">\n\t\t\t\t\t\t<div class=\"elementor-element elementor-element-d95be9d elementor-widget elementor-widget-image\" data-id=\"d95be9d\" data-element_type=\"widget\" data-widget_type=\"image.default\">\n\t\t\t\t<div class=\"elementor-widget-container\">\n\t\t\t\t\t\t\t\t\t\t\t\t\t\t\t<img decoding=\"async\" width=\"800\" height=\"600\" src=\"https:\/\/aefernandopessoa.edu.pt\/wp-content\/uploads\/2023\/10\/Arco-i\u0301ris-5-1024x768.jpeg\" class=\"attachment-large size-large wp-image-520\" alt=\"\" srcset=\"https:\/\/aefernandopessoa.edu.pt\/wp-content\/uploads\/2023\/10\/Arco-i\u0301ris-5-1024x768.jpeg 1024w, https:\/\/aefernandopessoa.edu.pt\/wp-content\/uploads\/2023\/10\/Arco-i\u0301ris-5-300x225.jpeg 300w, https:\/\/aefernandopessoa.edu.pt\/wp-content\/uploads\/2023\/10\/Arco-i\u0301ris-5-768x576.jpeg 768w, https:\/\/aefernandopessoa.edu.pt\/wp-content\/uploads\/2023\/10\/Arco-i\u0301ris-5-1536x1152.jpeg 1536w, https:\/\/aefernandopessoa.edu.pt\/wp-content\/uploads\/2023\/10\/Arco-i\u0301ris-5.jpeg 2048w\" sizes=\"(max-width: 800px) 100vw, 800px\" \/>\t\t\t\t\t\t\t\t\t\t\t\t\t\t\t<\/div>\n\t\t\t\t<\/div>\n\t\t\t\t\t<\/div>\n\t\t<\/div>\n\t\t\t\t<div class=\"elementor-column elementor-col-50 elementor-inner-column elementor-element elementor-element-16736de\" data-id=\"16736de\" data-element_type=\"column\">\n\t\t\t<div class=\"elementor-widget-wrap elementor-element-populated\">\n\t\t\t\t\t\t<div class=\"elementor-element elementor-element-329f425 elementor-widget elementor-widget-heading\" data-id=\"329f425\" data-element_type=\"widget\" data-widget_type=\"heading.default\">\n\t\t\t\t<div class=\"elementor-widget-container\">\n\t\t\t\t\t<h2 class=\"elementor-heading-title elementor-size-default\">Escola EB1 c\/ JI Arco-\u00cdris<\/h2>\t\t\t\t<\/div>\n\t\t\t\t<\/div>\n\t\t\t\t<div class=\"elementor-element elementor-element-7ec69cc elementor-align-left elementor-widget elementor-widget-button\" data-id=\"7ec69cc\" data-element_type=\"widget\" data-widget_type=\"button.default\">\n\t\t\t\t<div class=\"elementor-widget-container\">\n\t\t\t\t\t\t\t\t\t<div class=\"elementor-button-wrapper\">\n\t\t\t\t\t<a class=\"elementor-button elementor-button-link elementor-size-lg\" href=\"https:\/\/aefernandopessoa.edu.pt\/index.php\/escola-eb1-ji-arco-iris\/\">\n\t\t\t\t\t\t<span class=\"elementor-button-content-wrapper\">\n\t\t\t\t\t\t\t\t\t<span class=\"elementor-button-text\">Mais informa\u00e7\u00f5es<\/span>\n\t\t\t\t\t<\/span>\n\t\t\t\t\t<\/a>\n\t\t\t\t<\/div>\n\t\t\t\t\t\t\t\t<\/div>\n\t\t\t\t<\/div>\n\t\t\t\t\t<\/div>\n\t\t<\/div>\n\t\t\t\t\t<\/div>\n\t\t<\/section>\n\t\t\t\t\t<\/div>\n\t\t<\/div>\n\t\t\t\t\t<\/div>\n\t\t<\/section>\n\t\t\t\t<section class=\"elementor-section elementor-top-section elementor-element elementor-element-0b4c036 elementor-section-boxed elementor-section-height-default elementor-section-height-default\" data-id=\"0b4c036\" data-element_type=\"section\">\n\t\t\t\t\t\t<div class=\"elementor-container elementor-column-gap-default\">\n\t\t\t\t\t<div class=\"elementor-column elementor-col-100 elementor-top-column elementor-element elementor-element-9e05c5e\" data-id=\"9e05c5e\" data-element_type=\"column\">\n\t\t\t<div class=\"elementor-widget-wrap elementor-element-populated\">\n\t\t\t\t\t\t<section class=\"elementor-section elementor-inner-section elementor-element elementor-element-6d96ad6 elementor-section-boxed elementor-section-height-default elementor-section-height-default\" data-id=\"6d96ad6\" data-element_type=\"section\">\n\t\t\t\t\t\t<div class=\"elementor-container elementor-column-gap-default\">\n\t\t\t\t\t<div class=\"elementor-column elementor-col-50 elementor-inner-column elementor-element elementor-element-8352bf5\" data-id=\"8352bf5\" data-element_type=\"column\">\n\t\t\t<div class=\"elementor-widget-wrap elementor-element-populated\">\n\t\t\t\t\t\t<div class=\"elementor-element elementor-element-125b2ff elementor-widget elementor-widget-image\" data-id=\"125b2ff\" data-element_type=\"widget\" data-widget_type=\"image.default\">\n\t\t\t\t<div class=\"elementor-widget-container\">\n\t\t\t\t\t\t\t\t\t\t\t\t\t\t\t<img loading=\"lazy\" decoding=\"async\" width=\"800\" height=\"534\" src=\"https:\/\/aefernandopessoa.edu.pt\/wp-content\/uploads\/2025\/06\/Esc_Bas_Infante_D_Henrique__2_-1024x683.jpg\" class=\"attachment-large size-large wp-image-1967\" alt=\"\" srcset=\"https:\/\/aefernandopessoa.edu.pt\/wp-content\/uploads\/2025\/06\/Esc_Bas_Infante_D_Henrique__2_-1024x683.jpg 1024w, https:\/\/aefernandopessoa.edu.pt\/wp-content\/uploads\/2025\/06\/Esc_Bas_Infante_D_Henrique__2_-300x200.jpg 300w, https:\/\/aefernandopessoa.edu.pt\/wp-content\/uploads\/2025\/06\/Esc_Bas_Infante_D_Henrique__2_-768x512.jpg 768w, https:\/\/aefernandopessoa.edu.pt\/wp-content\/uploads\/2025\/06\/Esc_Bas_Infante_D_Henrique__2_.jpg 1200w\" sizes=\"(max-width: 800px) 100vw, 800px\" \/>\t\t\t\t\t\t\t\t\t\t\t\t\t\t\t<\/div>\n\t\t\t\t<\/div>\n\t\t\t\t\t<\/div>\n\t\t<\/div>\n\t\t\t\t<div class=\"elementor-column elementor-col-50 elementor-inner-column elementor-element elementor-element-7f468ed\" data-id=\"7f468ed\" data-element_type=\"column\">\n\t\t\t<div class=\"elementor-widget-wrap elementor-element-populated\">\n\t\t\t\t\t\t<div class=\"elementor-element elementor-element-4480cda elementor-widget elementor-widget-heading\" data-id=\"4480cda\" data-element_type=\"widget\" data-widget_type=\"heading.default\">\n\t\t\t\t<div class=\"elementor-widget-container\">\n\t\t\t\t\t<h2 class=\"elementor-heading-title elementor-size-default\">Escola EB1 c\/ JI Infante D. Henrique\n<\/h2>\t\t\t\t<\/div>\n\t\t\t\t<\/div>\n\t\t\t\t<div class=\"elementor-element elementor-element-ef47f10 elementor-align-left elementor-widget elementor-widget-button\" data-id=\"ef47f10\" data-element_type=\"widget\" data-widget_type=\"button.default\">\n\t\t\t\t<div class=\"elementor-widget-container\">\n\t\t\t\t\t\t\t\t\t<div class=\"elementor-button-wrapper\">\n\t\t\t\t\t<a class=\"elementor-button elementor-button-link elementor-size-lg\" href=\"https:\/\/aefernandopessoa.edu.pt\/index.php\/escola-eb1-ji-infante-dao-henrique\/\">\n\t\t\t\t\t\t<span class=\"elementor-button-content-wrapper\">\n\t\t\t\t\t\t\t\t\t<span class=\"elementor-button-text\">Mais informa\u00e7\u00f5es<\/span>\n\t\t\t\t\t<\/span>\n\t\t\t\t\t<\/a>\n\t\t\t\t<\/div>\n\t\t\t\t\t\t\t\t<\/div>\n\t\t\t\t<\/div>\n\t\t\t\t\t<\/div>\n\t\t<\/div>\n\t\t\t\t\t<\/div>\n\t\t<\/section>\n\t\t\t\t\t<\/div>\n\t\t<\/div>\n\t\t\t\t\t<\/div>\n\t\t<\/section>\n\t\t\t\t<\/div>\n\t\t","protected":false},"excerpt":{"rendered":"<p>Escolas do Agrupamento Escola EB 2,3 de Fernando Pessoa Mais informa\u00e7\u00f5es Escola EB1 c\/ JI Adriano Correia de Oliveira Mais informa\u00e7\u00f5es Escola EB1 c\/ JI Arco-\u00cdris Mais informa\u00e7\u00f5es Escola EB1 c\/ JI Infante D. Henrique Mais informa\u00e7\u00f5es<\/p>\n","protected":false},"author":2,"featured_media":0,"parent":0,"menu_order":0,"comment_status":"closed","ping_status":"closed","template":"elementor_header_footer","meta":{"_seopress_robots_primary_cat":"","_seopress_titles_title":"","_seopress_titles_desc":"","_seopress_robots_index":"","footnotes":""},"class_list":["post-165","page","type-page","status-publish","hentry"],"_links":{"self":[{"href":"https:\/\/aefernandopessoa.edu.pt\/index.php\/wp-json\/wp\/v2\/pages\/165","targetHints":{"allow":["GET"]}}],"collection":[{"href":"https:\/\/aefernandopessoa.edu.pt\/index.php\/wp-json\/wp\/v2\/pages"}],"about":[{"href":"https:\/\/aefernandopessoa.edu.pt\/index.php\/wp-json\/wp\/v2\/types\/page"}],"author":[{"embeddable":true,"href":"https:\/\/aefernandopessoa.edu.pt\/index.php\/wp-json\/wp\/v2\/users\/2"}],"replies":[{"embeddable":true,"href":"https:\/\/aefernandopessoa.edu.pt\/index.php\/wp-json\/wp\/v2\/comments?post=165"}],"version-history":[{"count":16,"href":"https:\/\/aefernandopessoa.edu.pt\/index.php\/wp-json\/wp\/v2\/pages\/165\/revisions"}],"predecessor-version":[{"id":2543,"href":"https:\/\/aefernandopessoa.edu.pt\/index.php\/wp-json\/wp\/v2\/pages\/165\/revisions\/2543"}],"wp:attachment":[{"href":"https:\/\/aefernandopessoa.edu.pt\/index.php\/wp-json\/wp\/v2\/media?parent=165"}],"curies":[{"name":"wp","href":"https:\/\/api.w.org\/{rel}","templated":true}]}}