{"id":1606,"date":"2025-03-24T11:44:27","date_gmt":"2025-03-24T11:44:27","guid":{"rendered":"https:\/\/aefernandopessoa.edu.pt\/?page_id=1606"},"modified":"2026-04-16T10:11:28","modified_gmt":"2026-04-16T10:11:28","slug":"matriculas","status":"publish","type":"page","link":"https:\/\/aefernandopessoa.edu.pt\/index.php\/matriculas\/","title":{"rendered":"Matr\u00edculas"},"content":{"rendered":"\t\t<div data-elementor-type=\"wp-page\" data-elementor-id=\"1606\" class=\"elementor elementor-1606\">\n\t\t\t\t\t\t<section class=\"elementor-section elementor-top-section elementor-element elementor-element-6c814056 elementor-section-boxed elementor-section-height-default elementor-section-height-default\" data-id=\"6c814056\" data-element_type=\"section\" data-settings=\"{&quot;background_background&quot;:&quot;classic&quot;}\">\n\t\t\t\t\t\t\t<div class=\"elementor-background-overlay\"><\/div>\n\t\t\t\t\t\t\t<div class=\"elementor-container elementor-column-gap-default\">\n\t\t\t\t\t<div class=\"elementor-column elementor-col-100 elementor-top-column elementor-element elementor-element-7ff27ec9\" data-id=\"7ff27ec9\" data-element_type=\"column\">\n\t\t\t<div class=\"elementor-widget-wrap elementor-element-populated\">\n\t\t\t\t\t\t<div class=\"elementor-element elementor-element-68b4929 elementor-widget elementor-widget-heading\" data-id=\"68b4929\" data-element_type=\"widget\" data-widget_type=\"heading.default\">\n\t\t\t\t<div class=\"elementor-widget-container\">\n\t\t\t\t\t<h2 class=\"elementor-heading-title elementor-size-default\">Matr\u00edculas<\/h2>\t\t\t\t<\/div>\n\t\t\t\t<\/div>\n\t\t\t\t\t<\/div>\n\t\t<\/div>\n\t\t\t\t\t<\/div>\n\t\t<\/section>\n\t\t\t\t<section class=\"elementor-section elementor-top-section elementor-element elementor-element-ebcfba9 elementor-section-boxed elementor-section-height-default elementor-section-height-default\" data-id=\"ebcfba9\" data-element_type=\"section\">\n\t\t\t\t\t\t<div class=\"elementor-container elementor-column-gap-default\">\n\t\t\t\t\t<div class=\"elementor-column elementor-col-100 elementor-top-column elementor-element elementor-element-38f7571\" data-id=\"38f7571\" data-element_type=\"column\">\n\t\t\t<div class=\"elementor-widget-wrap elementor-element-populated\">\n\t\t\t\t\t\t<div class=\"elementor-element elementor-element-55409f0 elementor-widget elementor-widget-toggle\" data-id=\"55409f0\" data-element_type=\"widget\" data-widget_type=\"toggle.default\">\n\t\t\t\t<div class=\"elementor-widget-container\">\n\t\t\t\t\t\t\t<div class=\"elementor-toggle\">\n\t\t\t\t\t\t\t<div class=\"elementor-toggle-item\">\n\t\t\t\t\t<h4 id=\"elementor-tab-title-8931\" class=\"elementor-tab-title\" data-tab=\"1\" role=\"button\" aria-controls=\"elementor-tab-content-8931\" aria-expanded=\"false\">\n\t\t\t\t\t\t\t\t\t\t\t\t<span class=\"elementor-toggle-icon elementor-toggle-icon-left\" aria-hidden=\"true\">\n\t\t\t\t\t\t\t\t\t\t\t\t\t\t\t<span class=\"elementor-toggle-icon-closed\"><i class=\"fas fa-angle-right\"><\/i><\/span>\n\t\t\t\t\t\t\t\t<span class=\"elementor-toggle-icon-opened\"><i class=\"elementor-toggle-icon-opened fas fa-caret-up\"><\/i><\/span>\n\t\t\t\t\t\t\t\t\t\t\t\t\t<\/span>\n\t\t\t\t\t\t\t\t\t\t\t\t<a class=\"elementor-toggle-title\" tabindex=\"0\">Matr\u00edculas 2026\/2027<\/a>\n\t\t\t\t\t<\/h4>\n\n\t\t\t\t\t<div id=\"elementor-tab-content-8931\" class=\"elementor-tab-content elementor-clearfix\" data-tab=\"1\" role=\"region\" aria-labelledby=\"elementor-tab-title-8931\"><p><strong><span style=\"color: #000000;\">Calend\u00e1rio das matr\u00edculas para o ano letivo 2026\/2027:<\/span><\/strong><\/p><p><a href=\"https:\/\/aefernandopessoa.edu.pt\/wp-content\/uploads\/2026\/04\/WhatsApp-Image-2026-04-07-at-17.45.42.jpeg\"><img fetchpriority=\"high\" decoding=\"async\" class=\"alignnone wp-image-3820 size-medium\" src=\"https:\/\/aefernandopessoa.edu.pt\/wp-content\/uploads\/2026\/04\/WhatsApp-Image-2026-04-07-at-17.45.42-240x300.jpeg\" alt=\"\" width=\"240\" height=\"300\" srcset=\"https:\/\/aefernandopessoa.edu.pt\/wp-content\/uploads\/2026\/04\/WhatsApp-Image-2026-04-07-at-17.45.42-240x300.jpeg 240w, https:\/\/aefernandopessoa.edu.pt\/wp-content\/uploads\/2026\/04\/WhatsApp-Image-2026-04-07-at-17.45.42-819x1024.jpeg 819w, https:\/\/aefernandopessoa.edu.pt\/wp-content\/uploads\/2026\/04\/WhatsApp-Image-2026-04-07-at-17.45.42-768x960.jpeg 768w, https:\/\/aefernandopessoa.edu.pt\/wp-content\/uploads\/2026\/04\/WhatsApp-Image-2026-04-07-at-17.45.42.jpeg 1080w\" sizes=\"(max-width: 240px) 100vw, 240px\" \/><\/a><\/p><p>\u00a0<\/p><p><strong><span style=\"color: #000000;\">Calend\u00e1rio e Procedimentos para Matr\u00edculas:<\/span><\/strong><\/p><p><span style=\"color: #000000;\">Consultar documento:<\/span> <a href=\"https:\/\/aefernandopessoa.edu.pt\/wp-content\/uploads\/2026\/04\/Calenda\u0301rio-e-Procedimentos-de-Matri\u0301culas_26.27.pdf\">Calenda\u0301rio e Procedimentos de Matri\u0301culas_26.27<\/a><\/p><p>\u00a0<\/p><p><strong><span style=\"color: #000000;\">Informa\u00e7\u00f5es em Decreto de Lei:<\/span><\/strong><\/p><p><a href=\"https:\/\/diariodarepublica.pt\/dr\/detalhe\/despacho\/4472-a-2026-1081867449?fbclid=IwY2xjawRByLRleHRuA2FlbQIxMQBzcnRjBmFwcF9pZAwzNTA2ODU1MzE3MjgAAR5JBll3W4mCa6ZaP7-AYCQZ3pkS4asy8Yt0iEVWZ3hqJZIdTKd51Mda40hfWw_aem_NYftYIh2ynt0N_5KWMuskA\"><span style=\"color: #000000;\">https:\/\/diariodarepublica.pt\/dr\/detalhe\/despacho\/4472-a-2026-1081867449?fbclid=IwY2xjawRByLRleHRuA2FlbQIxMQBzcnRjBmFwcF9pZAwzNTA2ODU1MzE3MjgAAR5JBll3W4mCa6ZaP7-AYCQZ3pkS4asy8Yt0iEVWZ3hqJZIdTKd51Mda40hfWw_aem_NYftYIh2ynt0N_5KWMuskA<\/span><\/a><\/p><\/div>\n\t\t\t\t<\/div>\n\t\t\t\t\t\t\t\t<\/div>\n\t\t\t\t\t\t<\/div>\n\t\t\t\t<\/div>\n\t\t\t\t\t<\/div>\n\t\t<\/div>\n\t\t\t\t\t<\/div>\n\t\t<\/section>\n\t\t\t\t<section class=\"elementor-section elementor-top-section elementor-element elementor-element-1ef3101f elementor-section-boxed elementor-section-height-default elementor-section-height-default\" data-id=\"1ef3101f\" data-element_type=\"section\">\n\t\t\t\t\t\t<div class=\"elementor-container elementor-column-gap-default\">\n\t\t\t\t\t<div class=\"elementor-column elementor-col-100 elementor-top-column elementor-element elementor-element-1883b0fb\" data-id=\"1883b0fb\" data-element_type=\"column\">\n\t\t\t<div class=\"elementor-widget-wrap elementor-element-populated\">\n\t\t\t\t\t\t<div class=\"elementor-element elementor-element-8433491 elementor-widget elementor-widget-toggle\" data-id=\"8433491\" data-element_type=\"widget\" data-widget_type=\"toggle.default\">\n\t\t\t\t<div class=\"elementor-widget-container\">\n\t\t\t\t\t\t\t<div class=\"elementor-toggle\">\n\t\t\t\t\t\t\t<div class=\"elementor-toggle-item\">\n\t\t\t\t\t<div id=\"elementor-tab-title-1381\" class=\"elementor-tab-title\" data-tab=\"1\" role=\"button\" aria-controls=\"elementor-tab-content-1381\" aria-expanded=\"false\">\n\t\t\t\t\t\t\t\t\t\t\t\t<span class=\"elementor-toggle-icon elementor-toggle-icon-left\" aria-hidden=\"true\">\n\t\t\t\t\t\t\t\t\t\t\t\t\t\t\t<span class=\"elementor-toggle-icon-closed\"><i class=\"fas fa-caret-right\"><\/i><\/span>\n\t\t\t\t\t\t\t\t<span class=\"elementor-toggle-icon-opened\"><i class=\"elementor-toggle-icon-opened fas fa-caret-up\"><\/i><\/span>\n\t\t\t\t\t\t\t\t\t\t\t\t\t<\/span>\n\t\t\t\t\t\t\t\t\t\t\t\t<a class=\"elementor-toggle-title\" tabindex=\"0\">Matr\u00edculas 2025\/2026<\/a>\n\t\t\t\t\t<\/div>\n\n\t\t\t\t\t<div id=\"elementor-tab-content-1381\" class=\"elementor-tab-content elementor-clearfix\" data-tab=\"1\" role=\"region\" aria-labelledby=\"elementor-tab-title-1381\"><p>Para consultar todas as informa\u00e7\u00f5es relativas \u00e0s matr\u00edculas 2025\/2026 de todos os anos de escolaridade aceda ao seguinte documento: <a href=\"https:\/\/aefernandopessoa.edu.pt\/wp-content\/uploads\/2025\/04\/Calenda\u0301rio-e-Procedimentos-de-Matri\u0301culas-.pdf\">Calenda\u0301rio e Procedimentos de Matri\u0301culas<\/a>.<\/p><p><span style=\"font-size: 1rem;\">Para aceder ao portal das matr\u00edculas poder\u00e1 faz\u00ea-lo clicando na imagem que se segue:<\/span><\/p><p><a href=\"https:\/\/www.portaldasmatriculas.edu.gov.pt\/\"><img decoding=\"async\" class=\"alignnone wp-image-1779 size-medium\" src=\"https:\/\/aefernandopessoa.edu.pt\/wp-content\/uploads\/2025\/04\/491425159_1080680774095810_4261136577993373770_n-215x300.jpg\" alt=\"\" width=\"215\" height=\"300\" srcset=\"https:\/\/aefernandopessoa.edu.pt\/wp-content\/uploads\/2025\/04\/491425159_1080680774095810_4261136577993373770_n-215x300.jpg 215w, https:\/\/aefernandopessoa.edu.pt\/wp-content\/uploads\/2025\/04\/491425159_1080680774095810_4261136577993373770_n-733x1024.jpg 733w, https:\/\/aefernandopessoa.edu.pt\/wp-content\/uploads\/2025\/04\/491425159_1080680774095810_4261136577993373770_n-768x1072.jpg 768w, https:\/\/aefernandopessoa.edu.pt\/wp-content\/uploads\/2025\/04\/491425159_1080680774095810_4261136577993373770_n.jpg 828w\" sizes=\"(max-width: 215px) 100vw, 215px\" \/><\/a><\/p><\/div>\n\t\t\t\t<\/div>\n\t\t\t\t\t\t\t\t<\/div>\n\t\t\t\t\t\t<\/div>\n\t\t\t\t<\/div>\n\t\t\t\t\t<\/div>\n\t\t<\/div>\n\t\t\t\t\t<\/div>\n\t\t<\/section>\n\t\t\t\t<\/div>\n\t\t","protected":false},"excerpt":{"rendered":"<p>Matr\u00edculas Matr\u00edculas 2026\/2027 Calend\u00e1rio das matr\u00edculas para o ano letivo 2026\/2027: \u00a0 Calend\u00e1rio e Procedimentos para Matr\u00edculas: Consultar documento: Calenda\u0301rio e Procedimentos de Matri\u0301culas_26.27 \u00a0 Informa\u00e7\u00f5es em Decreto de Lei: https:\/\/diariodarepublica.pt\/dr\/detalhe\/despacho\/4472-a-2026-1081867449?fbclid=IwY2xjawRByLRleHRuA2FlbQIxMQBzcnRjBmFwcF9pZAwzNTA2ODU1MzE3MjgAAR5JBll3W4mCa6ZaP7-AYCQZ3pkS4asy8Yt0iEVWZ3hqJZIdTKd51Mda40hfWw_aem_NYftYIh2ynt0N_5KWMuskA Matr\u00edculas 2025\/2026 Para consultar todas as informa\u00e7\u00f5es relativas \u00e0s matr\u00edculas 2025\/2026 de todos os anos de escolaridade aceda ao seguinte documento: Calenda\u0301rio e Procedimentos [&hellip;]<\/p>\n","protected":false},"author":10,"featured_media":0,"parent":0,"menu_order":0,"comment_status":"closed","ping_status":"closed","template":"elementor_header_footer","meta":{"_seopress_robots_primary_cat":"","_seopress_titles_title":"","_seopress_titles_desc":"","_seopress_robots_index":"","footnotes":""},"class_list":["post-1606","page","type-page","status-publish","hentry"],"_links":{"self":[{"href":"https:\/\/aefernandopessoa.edu.pt\/index.php\/wp-json\/wp\/v2\/pages\/1606","targetHints":{"allow":["GET"]}}],"collection":[{"href":"https:\/\/aefernandopessoa.edu.pt\/index.php\/wp-json\/wp\/v2\/pages"}],"about":[{"href":"https:\/\/aefernandopessoa.edu.pt\/index.php\/wp-json\/wp\/v2\/types\/page"}],"author":[{"embeddable":true,"href":"https:\/\/aefernandopessoa.edu.pt\/index.php\/wp-json\/wp\/v2\/users\/10"}],"replies":[{"embeddable":true,"href":"https:\/\/aefernandopessoa.edu.pt\/index.php\/wp-json\/wp\/v2\/comments?post=1606"}],"version-history":[{"count":43,"href":"https:\/\/aefernandopessoa.edu.pt\/index.php\/wp-json\/wp\/v2\/pages\/1606\/revisions"}],"predecessor-version":[{"id":3862,"href":"https:\/\/aefernandopessoa.edu.pt\/index.php\/wp-json\/wp\/v2\/pages\/1606\/revisions\/3862"}],"wp:attachment":[{"href":"https:\/\/aefernandopessoa.edu.pt\/index.php\/wp-json\/wp\/v2\/media?parent=1606"}],"curies":[{"name":"wp","href":"https:\/\/api.w.org\/{rel}","templated":true}]}}