{"id":1592,"date":"2025-03-22T14:22:25","date_gmt":"2025-03-22T14:22:25","guid":{"rendered":"https:\/\/aefernandopessoa.edu.pt\/?page_id=1592"},"modified":"2025-03-22T14:59:33","modified_gmt":"2025-03-22T14:59:33","slug":"menac","status":"publish","type":"page","link":"https:\/\/aefernandopessoa.edu.pt\/index.php\/menac\/","title":{"rendered":"MENAC"},"content":{"rendered":"\t\t<div data-elementor-type=\"wp-page\" data-elementor-id=\"1592\" class=\"elementor elementor-1592\">\n\t\t\t\t\t\t<section class=\"elementor-section elementor-top-section elementor-element elementor-element-1fce7740 elementor-section-boxed elementor-section-height-default elementor-section-height-default\" data-id=\"1fce7740\" data-element_type=\"section\" data-settings=\"{&quot;background_background&quot;:&quot;classic&quot;}\">\n\t\t\t\t\t\t\t<div class=\"elementor-background-overlay\"><\/div>\n\t\t\t\t\t\t\t<div class=\"elementor-container elementor-column-gap-default\">\n\t\t\t\t\t<div class=\"elementor-column elementor-col-100 elementor-top-column elementor-element elementor-element-15d78d98\" data-id=\"15d78d98\" data-element_type=\"column\">\n\t\t\t<div class=\"elementor-widget-wrap elementor-element-populated\">\n\t\t\t\t\t\t<div class=\"elementor-element elementor-element-73180164 elementor-widget elementor-widget-heading\" data-id=\"73180164\" data-element_type=\"widget\" data-widget_type=\"heading.default\">\n\t\t\t\t<div class=\"elementor-widget-container\">\n\t\t\t\t\t<h2 class=\"elementor-heading-title elementor-size-default\">Mecanismo Nacional Anticorrup\u00e7\u00e3o<\/h2>\t\t\t\t<\/div>\n\t\t\t\t<\/div>\n\t\t\t\t\t<\/div>\n\t\t<\/div>\n\t\t\t\t\t<\/div>\n\t\t<\/section>\n\t\t\t\t<section class=\"elementor-section elementor-top-section elementor-element elementor-element-feccb99 elementor-section-boxed elementor-section-height-default elementor-section-height-default\" data-id=\"feccb99\" data-element_type=\"section\">\n\t\t\t\t\t\t<div class=\"elementor-container elementor-column-gap-default\">\n\t\t\t\t\t<div class=\"elementor-column elementor-col-100 elementor-top-column elementor-element elementor-element-d8bc502\" data-id=\"d8bc502\" data-element_type=\"column\">\n\t\t\t<div class=\"elementor-widget-wrap elementor-element-populated\">\n\t\t\t\t\t\t<div class=\"elementor-element elementor-element-ea6922c elementor-widget elementor-widget-text-editor\" data-id=\"ea6922c\" data-element_type=\"widget\" data-widget_type=\"text-editor.default\">\n\t\t\t\t<div class=\"elementor-widget-container\">\n\t\t\t\t\t\t\t\t\t<p><span style=\"color: #000000;\">No \u00e2mbito da aplica\u00e7\u00e3o do artigo 6.\u00ba do Regime Geral da Preven\u00e7\u00e3o da Corrup\u00e7\u00e3o (RGPC), previsto na al\u00ednea b) do artigo 1.\u00ba do Decreto-Lei n.\u00ba 109-E\/2021, de 9 de dezembro, o Agrupamento de Escolas de Fernando Pessoa (AEFP) apresenta o seu Plano de Preven\u00e7\u00e3o de Riscos de Corrup\u00e7\u00e3o e Infra\u00e7\u00f5es Conexas (PPR).<\/span><\/p><p><span style=\"color: #000000;\">Nos termos do RGPC, bem como da\u00a0<a style=\"color: #000000;\" href=\"https:\/\/files.dre.pt\/1s\/2021\/12\/24400\/0000300015.pdf\" target=\"_blank\" rel=\"noopener\">Lei n.\u00ba 93\/2021, de 20 de dezembro<\/a>, que aprova o Regime Geral de Prote\u00e7\u00e3o de Denunciantes de Infra\u00e7\u00f5es, o Agrupamento de Escolas Fernando Pessoa disponibiliza um Canal de Den\u00fancias.<\/span><\/p><p><span style=\"color: #000000;\">O Canal destina-se \u00e0 comunica\u00e7\u00e3o de den\u00fancias relativas a alegados atos de corrup\u00e7\u00e3o e\/ou infra\u00e7\u00f5es conexas, que possam ter sido praticados por trabalhadores, docentes ou n\u00e3o docentes, no exerc\u00edcio de fun\u00e7\u00f5es no AEFP e \u00e9 apenas para esse fim.<\/span><\/p>\t\t\t\t\t\t\t\t<\/div>\n\t\t\t\t<\/div>\n\t\t\t\t\t<\/div>\n\t\t<\/div>\n\t\t\t\t\t<\/div>\n\t\t<\/section>\n\t\t\t\t<section class=\"elementor-section elementor-top-section elementor-element elementor-element-1547900 elementor-section-boxed elementor-section-height-default elementor-section-height-default\" data-id=\"1547900\" data-element_type=\"section\">\n\t\t\t\t\t\t<div class=\"elementor-container elementor-column-gap-default\">\n\t\t\t\t\t<div class=\"elementor-column elementor-col-100 elementor-top-column elementor-element elementor-element-ef0f6af\" data-id=\"ef0f6af\" data-element_type=\"column\">\n\t\t\t<div class=\"elementor-widget-wrap elementor-element-populated\">\n\t\t\t\t\t\t<section class=\"elementor-section elementor-inner-section elementor-element elementor-element-e066840 elementor-section-boxed elementor-section-height-default elementor-section-height-default\" data-id=\"e066840\" data-element_type=\"section\">\n\t\t\t\t\t\t<div class=\"elementor-container elementor-column-gap-default\">\n\t\t\t\t\t<div class=\"elementor-column elementor-col-100 elementor-inner-column elementor-element elementor-element-8bda14c\" data-id=\"8bda14c\" data-element_type=\"column\">\n\t\t\t<div class=\"elementor-widget-wrap elementor-element-populated\">\n\t\t\t\t\t\t<div class=\"elementor-element elementor-element-0f8f2a8 elementor-widget elementor-widget-text-editor\" data-id=\"0f8f2a8\" data-element_type=\"widget\" data-widget_type=\"text-editor.default\">\n\t\t\t\t<div class=\"elementor-widget-container\">\n\t\t\t\t\t\t\t\t\t<h5 data-start=\"1525\" data-end=\"1564\"><span style=\"color: #000000;\"><strong>Canal de Den\u00fancia Interno<\/strong><\/span><\/h5><p>\u00a0<\/p>\t\t\t\t\t\t\t\t<\/div>\n\t\t\t\t<\/div>\n\t\t\t\t\t<\/div>\n\t\t<\/div>\n\t\t\t\t\t<\/div>\n\t\t<\/section>\n\t\t\t\t\t<\/div>\n\t\t<\/div>\n\t\t\t\t\t<\/div>\n\t\t<\/section>\n\t\t\t\t<\/div>\n\t\t","protected":false},"excerpt":{"rendered":"<p>Mecanismo Nacional Anticorrup\u00e7\u00e3o No \u00e2mbito da aplica\u00e7\u00e3o do artigo 6.\u00ba do Regime Geral da Preven\u00e7\u00e3o da Corrup\u00e7\u00e3o (RGPC), previsto na al\u00ednea b) do artigo 1.\u00ba do Decreto-Lei n.\u00ba 109-E\/2021, de 9 de dezembro, o Agrupamento de Escolas de Fernando Pessoa (AEFP) apresenta o seu Plano de Preven\u00e7\u00e3o de Riscos de Corrup\u00e7\u00e3o e Infra\u00e7\u00f5es Conexas (PPR). [&hellip;]<\/p>\n","protected":false},"author":10,"featured_media":0,"parent":0,"menu_order":0,"comment_status":"closed","ping_status":"closed","template":"elementor_header_footer","meta":{"_seopress_robots_primary_cat":"","_seopress_titles_title":"","_seopress_titles_desc":"","_seopress_robots_index":"","footnotes":""},"class_list":["post-1592","page","type-page","status-publish","hentry"],"_links":{"self":[{"href":"https:\/\/aefernandopessoa.edu.pt\/index.php\/wp-json\/wp\/v2\/pages\/1592","targetHints":{"allow":["GET"]}}],"collection":[{"href":"https:\/\/aefernandopessoa.edu.pt\/index.php\/wp-json\/wp\/v2\/pages"}],"about":[{"href":"https:\/\/aefernandopessoa.edu.pt\/index.php\/wp-json\/wp\/v2\/types\/page"}],"author":[{"embeddable":true,"href":"https:\/\/aefernandopessoa.edu.pt\/index.php\/wp-json\/wp\/v2\/users\/10"}],"replies":[{"embeddable":true,"href":"https:\/\/aefernandopessoa.edu.pt\/index.php\/wp-json\/wp\/v2\/comments?post=1592"}],"version-history":[{"count":10,"href":"https:\/\/aefernandopessoa.edu.pt\/index.php\/wp-json\/wp\/v2\/pages\/1592\/revisions"}],"predecessor-version":[{"id":1604,"href":"https:\/\/aefernandopessoa.edu.pt\/index.php\/wp-json\/wp\/v2\/pages\/1592\/revisions\/1604"}],"wp:attachment":[{"href":"https:\/\/aefernandopessoa.edu.pt\/index.php\/wp-json\/wp\/v2\/media?parent=1592"}],"curies":[{"name":"wp","href":"https:\/\/api.w.org\/{rel}","templated":true}]}}