{"id":1493,"date":"2025-03-20T12:40:06","date_gmt":"2025-03-20T12:40:06","guid":{"rendered":"https:\/\/aefernandopessoa.edu.pt\/?page_id=1493"},"modified":"2025-09-26T11:01:53","modified_gmt":"2025-09-26T11:01:53","slug":"paradiddle","status":"publish","type":"page","link":"https:\/\/aefernandopessoa.edu.pt\/index.php\/paradiddle\/","title":{"rendered":"Paradiddle"},"content":{"rendered":"\t\t<div data-elementor-type=\"wp-page\" data-elementor-id=\"1493\" class=\"elementor elementor-1493\">\n\t\t\t\t\t\t<section class=\"elementor-section elementor-top-section elementor-element elementor-element-1fce7740 elementor-section-boxed elementor-section-height-default elementor-section-height-default\" data-id=\"1fce7740\" data-element_type=\"section\" data-settings=\"{&quot;background_background&quot;:&quot;classic&quot;}\">\n\t\t\t\t\t\t\t<div class=\"elementor-background-overlay\"><\/div>\n\t\t\t\t\t\t\t<div class=\"elementor-container elementor-column-gap-default\">\n\t\t\t\t\t<div class=\"elementor-column elementor-col-100 elementor-top-column elementor-element elementor-element-15d78d98\" data-id=\"15d78d98\" data-element_type=\"column\">\n\t\t\t<div class=\"elementor-widget-wrap elementor-element-populated\">\n\t\t\t\t\t\t<div class=\"elementor-element elementor-element-73180164 elementor-widget elementor-widget-heading\" data-id=\"73180164\" data-element_type=\"widget\" data-widget_type=\"heading.default\">\n\t\t\t\t<div class=\"elementor-widget-container\">\n\t\t\t\t\t<h2 class=\"elementor-heading-title elementor-size-default\">Clube Paradiddle<\/h2>\t\t\t\t<\/div>\n\t\t\t\t<\/div>\n\t\t\t\t\t<\/div>\n\t\t<\/div>\n\t\t\t\t\t<\/div>\n\t\t<\/section>\n\t\t\t\t<section class=\"elementor-section elementor-top-section elementor-element elementor-element-6fd42f4 elementor-section-boxed elementor-section-height-default elementor-section-height-default\" data-id=\"6fd42f4\" data-element_type=\"section\">\n\t\t\t\t\t\t<div class=\"elementor-container elementor-column-gap-default\">\n\t\t\t\t\t<div class=\"elementor-column elementor-col-100 elementor-top-column elementor-element elementor-element-e536814\" data-id=\"e536814\" data-element_type=\"column\">\n\t\t\t<div class=\"elementor-widget-wrap elementor-element-populated\">\n\t\t\t\t\t\t<div class=\"elementor-element elementor-element-556970b elementor-widget elementor-widget-text-editor\" data-id=\"556970b\" data-element_type=\"widget\" data-widget_type=\"text-editor.default\">\n\t\t\t\t<div class=\"elementor-widget-container\">\n\t\t\t\t\t\t\t\t\t<p><span style=\"color: #000000;\">\u00c9 um clube de atividade extracurricular do Agrupamento de Escolas Fernando Pessoa \u2013 Olivais \u2013 Lisboa, criado, coordenado e dirigido pelo professor Jorge Domingues, desde 2001.<\/span><\/p><p><span style=\"color: #000000;\">Este Clube desenvolve o gosto pela M\u00fasica Popular Portuguesa na \u00e1rea da Percuss\u00e3o, a todos os alunos interessados do Agrupamento, desde o 5\u00ba ano at\u00e9 ao 9\u00ba ano e tamb\u00e9m a antigos alunos que pretendam continuar, mesmo depois terminarem o seu percurso na escola.<\/span><\/p><p><span style=\"color: #000000;\">Ao longo destes 24 anos j\u00e1 integraram este projeto mais de 2500 alunos, tendo vindo a aumentar o n\u00famero de elementos que fazem parte do grupo. Neste momento o PARADIDDLE \u00e9 constitu\u00eddo por 56 elementos: 15 alunos do 5\u00ba ano em inicia\u00e7\u00e3o; 32 alunos do 6\u00ba ao 9\u00ba e 9, antigos alunos do Secund\u00e1rio e Faculdade no Grupo Principal.<\/span><\/p><p><span style=\"color: #000000;\">O Grupo Paradiddle realiza atua\u00e7\u00f5es em todo o pa\u00eds e apresenta pe\u00e7as de percuss\u00e3o com os seus instrumentos caracter\u00edsticos: Bombos; Timbal\u00f5es e Caixas. <\/span><span style=\"color: #000000;\">As pe\u00e7as apresentadas s\u00e3o essencialmente baseadas na M\u00fasica Popular Portuguesa e Africana, com alguns apontamentos de m\u00fasica Brasileira e Pop\/Rock.<\/span><\/p><p><span style=\"color: #000000;\">Destacam- se as atua\u00e7\u00f5es em 2018 no Concurso \u201c Got Talent Portugal\u201d &#8211;<span style=\"color: #0000ff;\">\u00a0<\/span><\/span><span style=\"color: #0000ff;\"><a style=\"color: #0000ff;\" href=\"https:\/\/drive.google.com\/file\/d\/1D8JiP2iSZ5CYaSmMx9Anq5VPjbsivSEc\/view?usp=drive_link\" target=\"_blank\" rel=\"noopener\">https:\/\/www.youtube.com\/watch?v=XU-BLMMbg4<\/a><\/span><\/p><p><span style=\"color: #000000;\">Participa\u00e7\u00e3o no Concerto do cantor Fernando Daniel, realizado no \u201cRock in Rio 2024\u201d na can\u00e7\u00e3o \u201cCASA\u201d e participa\u00e7\u00e3o especial Lukas Graham &#8211; <span style=\"color: #0000ff;\"><a style=\"color: #0000ff;\" href=\"https:\/\/drive.google.com\/file\/d\/1RfNEHOYFsz369IlNDoIknJFIC67vKT34\/view?usp=sharing\" target=\"_blank\" rel=\"noopener\">https:\/\/drive.google.com\/file\/d\/1RfNEHOYFsz369IlNDoIknJFIC67vKT34\/view?usp=sharing<\/a><\/span><\/span><\/p><p><span style=\"color: #0000ff;\"><a style=\"color: #0000ff;\" href=\"https:\/\/www.youtube.com\/watch?v=9PL7MDaZ1l0\" target=\"_blank\" rel=\"noopener\">https:\/\/www.youtube.com\/watch?v=9PL7MDaZ1l0<\/a><\/span><\/p>\t\t\t\t\t\t\t\t<\/div>\n\t\t\t\t<\/div>\n\t\t\t\t\t<\/div>\n\t\t<\/div>\n\t\t\t\t\t<\/div>\n\t\t<\/section>\n\t\t\t\t<\/div>\n\t\t","protected":false},"excerpt":{"rendered":"<p>Clube Paradiddle \u00c9 um clube de atividade extracurricular do Agrupamento de Escolas Fernando Pessoa \u2013 Olivais \u2013 Lisboa, criado, coordenado e dirigido pelo professor Jorge Domingues, desde 2001. Este Clube desenvolve o gosto pela M\u00fasica Popular Portuguesa na \u00e1rea da Percuss\u00e3o, a todos os alunos interessados do Agrupamento, desde o 5\u00ba ano at\u00e9 ao 9\u00ba [&hellip;]<\/p>\n","protected":false},"author":10,"featured_media":0,"parent":0,"menu_order":0,"comment_status":"closed","ping_status":"closed","template":"elementor_header_footer","meta":{"_seopress_robots_primary_cat":"","_seopress_titles_title":"","_seopress_titles_desc":"","_seopress_robots_index":"","footnotes":""},"class_list":["post-1493","page","type-page","status-publish","hentry"],"_links":{"self":[{"href":"https:\/\/aefernandopessoa.edu.pt\/index.php\/wp-json\/wp\/v2\/pages\/1493","targetHints":{"allow":["GET"]}}],"collection":[{"href":"https:\/\/aefernandopessoa.edu.pt\/index.php\/wp-json\/wp\/v2\/pages"}],"about":[{"href":"https:\/\/aefernandopessoa.edu.pt\/index.php\/wp-json\/wp\/v2\/types\/page"}],"author":[{"embeddable":true,"href":"https:\/\/aefernandopessoa.edu.pt\/index.php\/wp-json\/wp\/v2\/users\/10"}],"replies":[{"embeddable":true,"href":"https:\/\/aefernandopessoa.edu.pt\/index.php\/wp-json\/wp\/v2\/comments?post=1493"}],"version-history":[{"count":28,"href":"https:\/\/aefernandopessoa.edu.pt\/index.php\/wp-json\/wp\/v2\/pages\/1493\/revisions"}],"predecessor-version":[{"id":2606,"href":"https:\/\/aefernandopessoa.edu.pt\/index.php\/wp-json\/wp\/v2\/pages\/1493\/revisions\/2606"}],"wp:attachment":[{"href":"https:\/\/aefernandopessoa.edu.pt\/index.php\/wp-json\/wp\/v2\/media?parent=1493"}],"curies":[{"name":"wp","href":"https:\/\/api.w.org\/{rel}","templated":true}]}}