{"id":1461,"date":"2025-03-20T11:24:00","date_gmt":"2025-03-20T11:24:00","guid":{"rendered":"https:\/\/aefernandopessoa.edu.pt\/?page_id=1461"},"modified":"2025-09-29T09:56:08","modified_gmt":"2025-09-29T09:56:08","slug":"desporto-escolar-duplicate-1443-3","status":"publish","type":"page","link":"https:\/\/aefernandopessoa.edu.pt\/index.php\/desporto-escolar-duplicate-1443-3\/","title":{"rendered":"PPES"},"content":{"rendered":"\t\t<div data-elementor-type=\"wp-page\" data-elementor-id=\"1461\" class=\"elementor elementor-1461\">\n\t\t\t\t\t\t<section class=\"elementor-section elementor-top-section elementor-element elementor-element-1fce7740 elementor-section-boxed elementor-section-height-default elementor-section-height-default\" data-id=\"1fce7740\" data-element_type=\"section\" data-settings=\"{&quot;background_background&quot;:&quot;classic&quot;}\">\n\t\t\t\t\t\t\t<div class=\"elementor-background-overlay\"><\/div>\n\t\t\t\t\t\t\t<div class=\"elementor-container elementor-column-gap-default\">\n\t\t\t\t\t<div class=\"elementor-column elementor-col-100 elementor-top-column elementor-element elementor-element-15d78d98\" data-id=\"15d78d98\" data-element_type=\"column\">\n\t\t\t<div class=\"elementor-widget-wrap elementor-element-populated\">\n\t\t\t\t\t\t<div class=\"elementor-element elementor-element-73180164 elementor-widget elementor-widget-heading\" data-id=\"73180164\" data-element_type=\"widget\" data-widget_type=\"heading.default\">\n\t\t\t\t<div class=\"elementor-widget-container\">\n\t\t\t\t\t<h2 class=\"elementor-heading-title elementor-size-default\">Programa de Promo\u00e7\u00e3o e Educa\u00e7\u00e3o para a Sa\u00fade<\/h2>\t\t\t\t<\/div>\n\t\t\t\t<\/div>\n\t\t\t\t\t<\/div>\n\t\t<\/div>\n\t\t\t\t\t<\/div>\n\t\t<\/section>\n\t\t\t\t<section class=\"elementor-section elementor-top-section elementor-element elementor-element-e4a73b0 elementor-section-boxed elementor-section-height-default elementor-section-height-default\" data-id=\"e4a73b0\" data-element_type=\"section\">\n\t\t\t\t\t\t<div class=\"elementor-container elementor-column-gap-default\">\n\t\t\t\t\t<div class=\"elementor-column elementor-col-100 elementor-top-column elementor-element elementor-element-fb42db6\" data-id=\"fb42db6\" data-element_type=\"column\">\n\t\t\t<div class=\"elementor-widget-wrap elementor-element-populated\">\n\t\t\t\t\t\t<div class=\"elementor-element elementor-element-f24a61c elementor-widget elementor-widget-text-editor\" data-id=\"f24a61c\" data-element_type=\"widget\" data-widget_type=\"text-editor.default\">\n\t\t\t\t<div class=\"elementor-widget-container\">\n\t\t\t\t\t\t\t\t\t<p><span style=\"color: #000000;\">A Organiza\u00e7\u00e3o Mundial de Sa\u00fade em 2009 definiu como\u00a0<em>Escola Promotora da Sa\u00fade<\/em>\u00a0(EPS) \u201c<em>uma escola que fortalece sistematicamente a sua capacidade de criar um ambiente saud\u00e1vel para a aprendizagem. A EPS \u00e9, assim, um espa\u00e7o em que todos os membros da comunidade escolar trabalham, em conjunto, para proporcionar aos alunos, professores e funcion\u00e1rios, experi\u00eancias e estruturas integradas e positivas que promovam e protejam a sa\u00fade<\/em>\u201d.<\/span><\/p>\t\t\t\t\t\t\t\t<\/div>\n\t\t\t\t<\/div>\n\t\t\t\t\t<\/div>\n\t\t<\/div>\n\t\t\t\t\t<\/div>\n\t\t<\/section>\n\t\t\t\t<section class=\"elementor-section elementor-top-section elementor-element elementor-element-d993e15 elementor-section-boxed elementor-section-height-default elementor-section-height-default\" data-id=\"d993e15\" data-element_type=\"section\">\n\t\t\t\t\t\t<div class=\"elementor-container elementor-column-gap-default\">\n\t\t\t\t\t<div class=\"elementor-column elementor-col-100 elementor-top-column elementor-element elementor-element-1efd74d\" data-id=\"1efd74d\" data-element_type=\"column\">\n\t\t\t<div class=\"elementor-widget-wrap elementor-element-populated\">\n\t\t\t\t\t\t<div class=\"elementor-element elementor-element-4beffd1 elementor-widget elementor-widget-text-editor\" data-id=\"4beffd1\" data-element_type=\"widget\" data-widget_type=\"text-editor.default\">\n\t\t\t\t<div class=\"elementor-widget-container\">\n\t\t\t\t\t\t\t\t\t<p class=\"rtejustify\"><span style=\"color: #000000;\">Interven\u00e7\u00e3o nas seguintes \u00e1reas:<\/span><\/p><ul><li class=\"rtejustify\"><span style=\"color: #000000;\"><a style=\"color: #000000;\" href=\"https:\/\/www.dge.mec.pt\/saude-mental-e-prevencao-da-violencia\">Sa\u00fade Mental e Preven\u00e7\u00e3o da Viol\u00eancia<\/a><\/span><\/li><li class=\"rtejustify\"><span style=\"color: #000000;\"><a style=\"color: #000000;\" href=\"https:\/\/www.dge.mec.pt\/educacao-alimentar-e-atividade-fisica\">Educa\u00e7\u00e3o Alimentar e Atividade F\u00edsica<\/a><\/span><\/li><li class=\"rtejustify\"><span style=\"color: #000000;\"><a style=\"color: #000000;\" href=\"https:\/\/www.dge.mec.pt\/comportamentos-aditivos-e-dependencias\">Comportamentos Aditivos e Depend\u00eancias<\/a><\/span><\/li><li class=\"rtejustify\"><span style=\"color: #000000;\"><a style=\"color: #000000;\" href=\"https:\/\/www.dge.mec.pt\/afetos-e-educacao-para-sexualidade\">Afetos e Educa\u00e7\u00e3o para a Sexualidade<\/a><\/span><\/li><\/ul><p>\u00a0<\/p><p class=\"rtejustify\"><span style=\"color: #000000;\">As finalidades deste Programa s\u00e3o:<\/span><\/p><ul><li class=\"rtejustify\"><span style=\"color: #000000;\">promover a literacia em sa\u00fade;<\/span><\/li><li class=\"rtejustify\"><span style=\"color: #000000;\">promover atitudes e valores que suportem comportamentos saud\u00e1veis;<\/span><\/li><li class=\"rtejustify\"><span style=\"color: #000000;\">valorizar comportamentos que conduzam a estilos de vida saud\u00e1veis;<\/span><\/li><li class=\"rtejustify\"><span style=\"color: #000000;\">criar condi\u00e7\u00f5es ambientais para uma Escola Promotora de Sa\u00fade;<\/span><\/li><li class=\"rtejustify\"><span style=\"color: #000000;\">universalizar o acesso \u00e0 educa\u00e7\u00e3o para a sa\u00fade em meio escolar;<\/span><\/li><li class=\"rtejustify\"><span style=\"color: #000000;\">qualificar a oferta da educa\u00e7\u00e3o para a sa\u00fade em meio escolar;<\/span><\/li><li class=\"rtejustify\"><span style=\"color: #000000;\">consolidar o apoio aos projetos em meio escolar.<\/span><\/li><\/ul>\t\t\t\t\t\t\t\t<\/div>\n\t\t\t\t<\/div>\n\t\t\t\t\t<\/div>\n\t\t<\/div>\n\t\t\t\t\t<\/div>\n\t\t<\/section>\n\t\t\t\t<\/div>\n\t\t","protected":false},"excerpt":{"rendered":"<p>Programa de Promo\u00e7\u00e3o e Educa\u00e7\u00e3o para a Sa\u00fade A Organiza\u00e7\u00e3o Mundial de Sa\u00fade em 2009 definiu como\u00a0Escola Promotora da Sa\u00fade\u00a0(EPS) \u201cuma escola que fortalece sistematicamente a sua capacidade de criar um ambiente saud\u00e1vel para a aprendizagem. A EPS \u00e9, assim, um espa\u00e7o em que todos os membros da comunidade escolar trabalham, em conjunto, para proporcionar [&hellip;]<\/p>\n","protected":false},"author":10,"featured_media":0,"parent":0,"menu_order":0,"comment_status":"closed","ping_status":"closed","template":"elementor_header_footer","meta":{"_seopress_robots_primary_cat":"","_seopress_titles_title":"","_seopress_titles_desc":"","_seopress_robots_index":"","footnotes":""},"class_list":["post-1461","page","type-page","status-publish","hentry"],"_links":{"self":[{"href":"https:\/\/aefernandopessoa.edu.pt\/index.php\/wp-json\/wp\/v2\/pages\/1461","targetHints":{"allow":["GET"]}}],"collection":[{"href":"https:\/\/aefernandopessoa.edu.pt\/index.php\/wp-json\/wp\/v2\/pages"}],"about":[{"href":"https:\/\/aefernandopessoa.edu.pt\/index.php\/wp-json\/wp\/v2\/types\/page"}],"author":[{"embeddable":true,"href":"https:\/\/aefernandopessoa.edu.pt\/index.php\/wp-json\/wp\/v2\/users\/10"}],"replies":[{"embeddable":true,"href":"https:\/\/aefernandopessoa.edu.pt\/index.php\/wp-json\/wp\/v2\/comments?post=1461"}],"version-history":[{"count":16,"href":"https:\/\/aefernandopessoa.edu.pt\/index.php\/wp-json\/wp\/v2\/pages\/1461\/revisions"}],"predecessor-version":[{"id":2943,"href":"https:\/\/aefernandopessoa.edu.pt\/index.php\/wp-json\/wp\/v2\/pages\/1461\/revisions\/2943"}],"wp:attachment":[{"href":"https:\/\/aefernandopessoa.edu.pt\/index.php\/wp-json\/wp\/v2\/media?parent=1461"}],"curies":[{"name":"wp","href":"https:\/\/api.w.org\/{rel}","templated":true}]}}