{"id":1443,"date":"2025-03-20T09:39:12","date_gmt":"2025-03-20T09:39:12","guid":{"rendered":"https:\/\/aefernandopessoa.edu.pt\/?page_id=1443"},"modified":"2025-10-07T14:50:21","modified_gmt":"2025-10-07T14:50:21","slug":"desporto-escolar","status":"publish","type":"page","link":"https:\/\/aefernandopessoa.edu.pt\/index.php\/desporto-escolar\/","title":{"rendered":"Desporto Escolar"},"content":{"rendered":"\t\t<div data-elementor-type=\"wp-page\" data-elementor-id=\"1443\" class=\"elementor elementor-1443\">\n\t\t\t\t\t\t<section class=\"elementor-section elementor-top-section elementor-element elementor-element-1fce7740 elementor-section-boxed elementor-section-height-default elementor-section-height-default\" data-id=\"1fce7740\" data-element_type=\"section\" data-settings=\"{&quot;background_background&quot;:&quot;classic&quot;}\">\n\t\t\t\t\t\t\t<div class=\"elementor-background-overlay\"><\/div>\n\t\t\t\t\t\t\t<div class=\"elementor-container elementor-column-gap-default\">\n\t\t\t\t\t<div class=\"elementor-column elementor-col-100 elementor-top-column elementor-element elementor-element-15d78d98\" data-id=\"15d78d98\" data-element_type=\"column\">\n\t\t\t<div class=\"elementor-widget-wrap elementor-element-populated\">\n\t\t\t\t\t\t<div class=\"elementor-element elementor-element-73180164 elementor-widget elementor-widget-heading\" data-id=\"73180164\" data-element_type=\"widget\" data-widget_type=\"heading.default\">\n\t\t\t\t<div class=\"elementor-widget-container\">\n\t\t\t\t\t<h2 class=\"elementor-heading-title elementor-size-default\">Desporto Escolar<\/h2>\t\t\t\t<\/div>\n\t\t\t\t<\/div>\n\t\t\t\t\t<\/div>\n\t\t<\/div>\n\t\t\t\t\t<\/div>\n\t\t<\/section>\n\t\t\t\t<section class=\"elementor-section elementor-top-section elementor-element elementor-element-6fd42f4 elementor-section-boxed elementor-section-height-default elementor-section-height-default\" data-id=\"6fd42f4\" data-element_type=\"section\">\n\t\t\t\t\t\t<div class=\"elementor-container elementor-column-gap-default\">\n\t\t\t\t\t<div class=\"elementor-column elementor-col-100 elementor-top-column elementor-element elementor-element-e536814\" data-id=\"e536814\" data-element_type=\"column\">\n\t\t\t<div class=\"elementor-widget-wrap elementor-element-populated\">\n\t\t\t\t\t\t<div class=\"elementor-element elementor-element-556970b elementor-widget elementor-widget-text-editor\" data-id=\"556970b\" data-element_type=\"widget\" data-widget_type=\"text-editor.default\">\n\t\t\t\t<div class=\"elementor-widget-container\">\n\t\t\t\t\t\t\t\t\t<p>\u00a0<\/p><p><span style=\"color: #000000;\">O Desporto Escolar \u00e9 uma atividade de complemento curricular, <strong>gratuita<\/strong>, estando definido no Decreto-Lei n.\u00ba 95\/91, de 26 de fevereiro, na sua atual reda\u00e7\u00e3o, como o conjunto das pr\u00e1ticas l\u00fadico-desportivas e de forma\u00e7\u00e3o com objeto desportivo desenvolvidas como complemento curricular e ocupa\u00e7\u00e3o dos tempos livres, num regime de liberdade de participa\u00e7\u00e3o e de escolha, integradas no plano de atividade da escola e coordenadas no \u00e2mbito do sistema educativo, desenvolvendo as suas atividade nas escolas dos 2.\u00ba e 3.\u00ba ciclos do ensino b\u00e1sico e nas escolas do ensino secund\u00e1rio. De referir que inclui-se tamb\u00e9m um n\u00facleo de Desporto Escolar Adaptado.<\/span><\/p><p><span style=\"color: #000000;\">Consultar os hor\u00e1rios e modalidades do Desporto Escolar no Agrupamento &#8211; <a href=\"https:\/\/aefernandopessoa.edu.pt\/wp-content\/uploads\/2025\/09\/Hora\u0301rios-e-Modalidades-DE.pdf\">Hora\u0301rios e Modalidades Desporto Escolar\u00a0 2025\/26<\/a><\/span><\/p>\t\t\t\t\t\t\t\t<\/div>\n\t\t\t\t<\/div>\n\t\t\t\t\t<\/div>\n\t\t<\/div>\n\t\t\t\t\t<\/div>\n\t\t<\/section>\n\t\t\t\t<\/div>\n\t\t","protected":false},"excerpt":{"rendered":"<p>Desporto Escolar \u00a0 O Desporto Escolar \u00e9 uma atividade de complemento curricular, gratuita, estando definido no Decreto-Lei n.\u00ba 95\/91, de 26 de fevereiro, na sua atual reda\u00e7\u00e3o, como o conjunto das pr\u00e1ticas l\u00fadico-desportivas e de forma\u00e7\u00e3o com objeto desportivo desenvolvidas como complemento curricular e ocupa\u00e7\u00e3o dos tempos livres, num regime de liberdade de participa\u00e7\u00e3o e [&hellip;]<\/p>\n","protected":false},"author":10,"featured_media":0,"parent":0,"menu_order":0,"comment_status":"closed","ping_status":"closed","template":"elementor_header_footer","meta":{"_seopress_robots_primary_cat":"","_seopress_titles_title":"","_seopress_titles_desc":"","_seopress_robots_index":"","footnotes":""},"class_list":["post-1443","page","type-page","status-publish","hentry"],"_links":{"self":[{"href":"https:\/\/aefernandopessoa.edu.pt\/index.php\/wp-json\/wp\/v2\/pages\/1443","targetHints":{"allow":["GET"]}}],"collection":[{"href":"https:\/\/aefernandopessoa.edu.pt\/index.php\/wp-json\/wp\/v2\/pages"}],"about":[{"href":"https:\/\/aefernandopessoa.edu.pt\/index.php\/wp-json\/wp\/v2\/types\/page"}],"author":[{"embeddable":true,"href":"https:\/\/aefernandopessoa.edu.pt\/index.php\/wp-json\/wp\/v2\/users\/10"}],"replies":[{"embeddable":true,"href":"https:\/\/aefernandopessoa.edu.pt\/index.php\/wp-json\/wp\/v2\/comments?post=1443"}],"version-history":[{"count":25,"href":"https:\/\/aefernandopessoa.edu.pt\/index.php\/wp-json\/wp\/v2\/pages\/1443\/revisions"}],"predecessor-version":[{"id":3154,"href":"https:\/\/aefernandopessoa.edu.pt\/index.php\/wp-json\/wp\/v2\/pages\/1443\/revisions\/3154"}],"wp:attachment":[{"href":"https:\/\/aefernandopessoa.edu.pt\/index.php\/wp-json\/wp\/v2\/media?parent=1443"}],"curies":[{"name":"wp","href":"https:\/\/api.w.org\/{rel}","templated":true}]}}