{"id":1412,"date":"2025-03-19T22:02:00","date_gmt":"2025-03-19T22:02:00","guid":{"rendered":"https:\/\/aefernandopessoa.edu.pt\/?page_id=1412"},"modified":"2025-10-02T09:58:59","modified_gmt":"2025-10-02T09:58:59","slug":"biblioteca","status":"publish","type":"page","link":"https:\/\/aefernandopessoa.edu.pt\/index.php\/biblioteca\/","title":{"rendered":"Biblioteca"},"content":{"rendered":"\t\t<div data-elementor-type=\"wp-page\" data-elementor-id=\"1412\" class=\"elementor elementor-1412\">\n\t\t\t\t\t\t<section class=\"elementor-section elementor-top-section elementor-element elementor-element-441948bb elementor-section-boxed elementor-section-height-default elementor-section-height-default\" data-id=\"441948bb\" data-element_type=\"section\" data-settings=\"{&quot;background_background&quot;:&quot;classic&quot;}\">\n\t\t\t\t\t\t\t<div class=\"elementor-background-overlay\"><\/div>\n\t\t\t\t\t\t\t<div class=\"elementor-container elementor-column-gap-default\">\n\t\t\t\t\t<div class=\"elementor-column elementor-col-100 elementor-top-column elementor-element elementor-element-6621002c\" data-id=\"6621002c\" data-element_type=\"column\">\n\t\t\t<div class=\"elementor-widget-wrap elementor-element-populated\">\n\t\t\t\t\t\t<div class=\"elementor-element elementor-element-372914db elementor-widget elementor-widget-heading\" data-id=\"372914db\" data-element_type=\"widget\" data-widget_type=\"heading.default\">\n\t\t\t\t<div class=\"elementor-widget-container\">\n\t\t\t\t\t<h2 class=\"elementor-heading-title elementor-size-default\">Bibliotecas Escolares<\/h2>\t\t\t\t<\/div>\n\t\t\t\t<\/div>\n\t\t\t\t\t<\/div>\n\t\t<\/div>\n\t\t\t\t\t<\/div>\n\t\t<\/section>\n\t\t\t\t<section class=\"elementor-section elementor-top-section elementor-element elementor-element-1fc2bd0 elementor-section-boxed elementor-section-height-default elementor-section-height-default\" data-id=\"1fc2bd0\" data-element_type=\"section\">\n\t\t\t\t\t\t<div class=\"elementor-container elementor-column-gap-default\">\n\t\t\t\t\t<div class=\"elementor-column elementor-col-100 elementor-top-column elementor-element elementor-element-f89905d\" data-id=\"f89905d\" data-element_type=\"column\">\n\t\t\t<div class=\"elementor-widget-wrap elementor-element-populated\">\n\t\t\t\t\t\t<div class=\"elementor-element elementor-element-d8d1b95 elementor-widget elementor-widget-text-editor\" data-id=\"d8d1b95\" data-element_type=\"widget\" data-widget_type=\"text-editor.default\">\n\t\t\t\t<div class=\"elementor-widget-container\">\n\t\t\t\t\t\t\t\t\t<p><span style=\"color: #000000;\"><strong>MISS\u00c3O DA BIBLIOTECA ESCOLAR<\/strong><\/span><\/p><p><span style=\"color: #000000;\">\u201cEst\u00e1 demonstrado que, quando professores e professores bibliotec\u00e1rios trabalham em conjunto, os estudantes atingem maiores n\u00edveis de literacia, de leitura, de capacidade de resolu\u00e7\u00e3o de problemas, bem como que adquirem compet\u00eancias de informa\u00e7\u00e3o e comunica\u00e7\u00e3o.\u201d<\/span><\/p><p><span style=\"color: #000000;\"><em>in Manifesto das Bibliotecas Escolares da<\/em> IFLA\/UNESCO (2000)<\/span><\/p><p>\u00a0<\/p><p class=\"p1\"><span style=\"color: #000000;\">Do Agrupamento, tr\u00eas bibliotecas escolares est\u00e3o integradas na Rede de Bibliotecas Escolares (RBE):<\/span><\/p><p class=\"p1\"><strong><span style=\"color: #000000;\">Biblioteca da Escola B\u00e1sica EB 2,3 Fernando Pessoa;<\/span><\/strong><\/p><p class=\"p1\"><strong><span style=\"color: #000000;\">Biblioteca da Escola B\u00e1sica EB1 c\/JI Adriano Correia de Oliveira;<\/span><\/strong><\/p><p class=\"p1\"><strong><span style=\"color: #000000;\">Biblioteca da Escola EB1 c\/ JI Arco-\u00cdris.<\/span><\/strong><\/p>\t\t\t\t\t\t\t\t<\/div>\n\t\t\t\t<\/div>\n\t\t\t\t\t<\/div>\n\t\t<\/div>\n\t\t\t\t\t<\/div>\n\t\t<\/section>\n\t\t\t\t<section class=\"elementor-section elementor-top-section elementor-element elementor-element-3850a33 elementor-section-boxed elementor-section-height-default elementor-section-height-default\" data-id=\"3850a33\" data-element_type=\"section\">\n\t\t\t\t\t\t<div class=\"elementor-container elementor-column-gap-default\">\n\t\t\t\t\t<div class=\"elementor-column elementor-col-50 elementor-top-column elementor-element elementor-element-eebcb35\" data-id=\"eebcb35\" data-element_type=\"column\">\n\t\t\t<div class=\"elementor-widget-wrap elementor-element-populated\">\n\t\t\t\t\t\t<div class=\"elementor-element elementor-element-4df8ad7 elementor-widget elementor-widget-text-editor\" data-id=\"4df8ad7\" data-element_type=\"widget\" data-widget_type=\"text-editor.default\">\n\t\t\t\t<div class=\"elementor-widget-container\">\n\t\t\t\t\t\t\t\t\t<div class=\"elementor-background-overlay\">\u00a0<\/div><div class=\"elementor-element elementor-element-edit-mode elementor-element-ccc11d7 elementor-element--toggle-edit-tools elementor-widget elementor-widget-text-editor ui-resizable\" data-id=\"ccc11d7\" data-element_type=\"widget\" data-model-cid=\"c50\" data-widget_type=\"text-editor.default\"><div class=\"elementor-widget-container\"><div class=\"elementor-text-editor elementor-clearfix elementor-inline-editing\" data-elementor-setting-key=\"editor\" data-elementor-inline-editing-toolbar=\"advanced\"><h5><span style=\"color: #000000;\"><strong>Biblioteca da EB2,3 de Fernando Pessoa<\/strong><\/span><\/h5><p><span style=\"color: #000000;\">Est\u00e1 integrada na Rede de Bibliotecas Escolares (RBE) desde 2004.<\/span><\/p><p><span style=\"color: #000000;\">A Biblioteca Escolar tem como papel pedag\u00f3gico: a promo\u00e7\u00e3o da leitura e da escrita, o apoio ao estudo, a pesquisa e tratamento de informa\u00e7\u00e3o e dos m\u00e9dios, a disponibiliza\u00e7\u00e3o de recursos para as atividades letivas, o empr\u00e9stimo domicili\u00e1rio, um espa\u00e7o de lazer e de dinamiza\u00e7\u00e3o de atividades culturais.<\/span><\/p><p><span style=\"color: #000000;\">A miss\u00e3o da Biblioteca Escolar da Escola EB2,3 de Fernando Pessoa \u00e9 formar leitores competentes e cr\u00edticos.<\/span><\/p><p><span style=\"color: #000000;\"><em>Numa Escola ter um ambiente como o da Biblioteca \u00e9 fundamental. Nele, \u00e9 poss\u00edvel incentivar\/promover o gosto pela leitura, pela escrita e pelos estudos dos alunos. Mesmo com os recursos tecnol\u00f3gicos tendo cada vez mais espa\u00e7o na educa\u00e7\u00e3o, disponibilizar livros de diversas \u00e1reas e assuntos, \u00e9 muito importante. Os livros estimulam a criatividade, a imagina\u00e7\u00e3o, a curiosidade, o contacto com outras culturas e, claro, ajudam na flu\u00eancia leitora, na compet\u00eancia de escrita e na alfabetiza\u00e7\u00e3o.<\/em><\/span><\/p><p><span style=\"color: #000000;\"><em>Na biblioteca, os alunos encontram v\u00e1rios caminhos para o conhecimento.\u00a0<\/em><\/span><\/p><\/div><div class=\"elementor-element elementor-element-edit-mode elementor-element-8120898 elementor-element--toggle-edit-tools elementor-widget elementor-widget-text-editor ui-resizable\" data-id=\"8120898\" data-element_type=\"widget\" data-model-cid=\"c59\" data-widget_type=\"text-editor.default\"><div class=\"elementor-element-overlay\">\u00a0<\/div><div class=\"elementor-widget-container\"><div class=\"elementor-text-editor elementor-clearfix elementor-inline-editing\" data-elementor-setting-key=\"editor\" data-elementor-inline-editing-toolbar=\"advanced\"><p><span style=\"color: #000000;\"><strong>Blog da Biblioteca<\/strong>:<\/span> <a href=\"http:\/\/bibliotecafernandopessoa.blogspot.com\/\">http:\/\/bibliotecafernandopessoa.blogspot.com\/\u00a0<\/a><\/p><p><span style=\"color: #000000;\">Hor\u00e1rio de funcionamento: 8h30 \u00e0s 16h30 | Local: Pavilh\u00e3o Central<\/span><\/p><p><span style=\"color: #000000;\">Professora Bibliotec\u00e1ria: Em\u00edlia Viegas Louren\u00e7o<\/span><\/p><p><span style=\"color: #000000;\">Assistente Operacional: Manuela David<\/span><\/p><\/div><\/div><\/div><\/div><\/div>\t\t\t\t\t\t\t\t<\/div>\n\t\t\t\t<\/div>\n\t\t\t\t\t<\/div>\n\t\t<\/div>\n\t\t\t\t<div class=\"elementor-column elementor-col-50 elementor-top-column elementor-element elementor-element-824b06f\" data-id=\"824b06f\" data-element_type=\"column\">\n\t\t\t<div class=\"elementor-widget-wrap elementor-element-populated\">\n\t\t\t\t\t\t<div class=\"elementor-element elementor-element-d60805d elementor-widget elementor-widget-image\" data-id=\"d60805d\" data-element_type=\"widget\" data-widget_type=\"image.default\">\n\t\t\t\t<div class=\"elementor-widget-container\">\n\t\t\t\t\t\t\t\t\t\t\t\t\t\t\t<img fetchpriority=\"high\" decoding=\"async\" width=\"490\" height=\"701\" src=\"https:\/\/aefernandopessoa.edu.pt\/wp-content\/uploads\/2025\/04\/Biblioteca.png\" class=\"attachment-1536x1536 size-1536x1536 wp-image-1741\" alt=\"\" srcset=\"https:\/\/aefernandopessoa.edu.pt\/wp-content\/uploads\/2025\/04\/Biblioteca.png 490w, https:\/\/aefernandopessoa.edu.pt\/wp-content\/uploads\/2025\/04\/Biblioteca-210x300.png 210w\" sizes=\"(max-width: 490px) 100vw, 490px\" \/>\t\t\t\t\t\t\t\t\t\t\t\t\t\t\t<\/div>\n\t\t\t\t<\/div>\n\t\t\t\t\t<\/div>\n\t\t<\/div>\n\t\t\t\t\t<\/div>\n\t\t<\/section>\n\t\t\t\t<section class=\"elementor-section elementor-top-section elementor-element elementor-element-39c0260 elementor-section-boxed elementor-section-height-default elementor-section-height-default\" data-id=\"39c0260\" data-element_type=\"section\">\n\t\t\t\t\t\t<div class=\"elementor-container elementor-column-gap-default\">\n\t\t\t\t\t<div class=\"elementor-column elementor-col-100 elementor-top-column elementor-element elementor-element-2863975\" data-id=\"2863975\" data-element_type=\"column\">\n\t\t\t<div class=\"elementor-widget-wrap elementor-element-populated\">\n\t\t\t\t\t\t<div class=\"elementor-element elementor-element-0169416 elementor-widget elementor-widget-text-editor\" data-id=\"0169416\" data-element_type=\"widget\" data-widget_type=\"text-editor.default\">\n\t\t\t\t<div class=\"elementor-widget-container\">\n\t\t\t\t\t\t\t\t\t<h5><strong><span style=\"color: #000000;\">Biblioteca da EB1 c\/JI Adriano Correia de Oliveira<\/span><\/strong><\/h5><p><span style=\"color: #000000;\">Hor\u00e1rio de funcionamento:<\/span><\/p><p><span style=\"color: #000000;\">Professor Bibliotec\u00e1rio: Vitor Louren\u00e7o<\/span><\/p><p><span style=\"color: #000000;\">Est\u00e1 integrada na Rede de Bibliotecas Escolares (RBE) desde 2010.<\/span><\/p><p><a href=\"https:\/\/aefernandopessoa.edu.pt\/wp-content\/uploads\/2025\/09\/bibliot-ACO.png\"><img decoding=\"async\" src=\"https:\/\/aefernandopessoa.edu.pt\/wp-content\/uploads\/2025\/09\/bibliot-ACO-300x198.png\" alt=\"\" width=\"330\" height=\"218\" \/><\/a><\/p>\t\t\t\t\t\t\t\t<\/div>\n\t\t\t\t<\/div>\n\t\t\t\t\t<\/div>\n\t\t<\/div>\n\t\t\t\t\t<\/div>\n\t\t<\/section>\n\t\t\t\t<section class=\"elementor-section elementor-top-section elementor-element elementor-element-2bf035f elementor-section-boxed elementor-section-height-default elementor-section-height-default\" data-id=\"2bf035f\" data-element_type=\"section\">\n\t\t\t\t\t\t<div class=\"elementor-container elementor-column-gap-default\">\n\t\t\t\t\t<div class=\"elementor-column elementor-col-100 elementor-top-column elementor-element elementor-element-384dac2\" data-id=\"384dac2\" data-element_type=\"column\">\n\t\t\t<div class=\"elementor-widget-wrap elementor-element-populated\">\n\t\t\t\t\t\t<div class=\"elementor-element elementor-element-b881140 elementor-widget elementor-widget-text-editor\" data-id=\"b881140\" data-element_type=\"widget\" data-widget_type=\"text-editor.default\">\n\t\t\t\t<div class=\"elementor-widget-container\">\n\t\t\t\t\t\t\t\t\t<h5><strong><span style=\"color: #000000;\">Biblioteca da EB1 c\/JI Arco \u00cdris<\/span><\/strong><\/h5>\n<p><span style=\"color: #000000;\">Hor\u00e1rio de funcionamento: 9h00 \u00e0s 15h30<\/span><\/p>\n<p><span style=\"color: #000000;\">Professor Bibliotec\u00e1rio: Vitor Louren\u00e7o<\/span><\/p>\n<p><span style=\"color: #000000;\">Assistente Operacional: Sandra Esteves<\/span><\/p><p><span style=\"color: rgb(0, 0, 0);\">Est\u00e1 integrada na Rede de Bibliotecas Escolares (RBE) desde 2023.<\/span><span style=\"color: #000000;\"><\/span><\/p>\n<p><a href=\"https:\/\/aefernandopessoa.edu.pt\/wp-content\/uploads\/2025\/09\/biblioteca-AI-scaled.png\"><img decoding=\"async\" src=\"https:\/\/aefernandopessoa.edu.pt\/wp-content\/uploads\/2025\/09\/biblioteca-AI-300x144.png\" alt=\"\" width=\"437\" height=\"210\"><\/a><\/p>\t\t\t\t\t\t\t\t<\/div>\n\t\t\t\t<\/div>\n\t\t\t\t\t<\/div>\n\t\t<\/div>\n\t\t\t\t\t<\/div>\n\t\t<\/section>\n\t\t\t\t<section class=\"elementor-section elementor-top-section elementor-element elementor-element-aee330e elementor-section-boxed elementor-section-height-default elementor-section-height-default\" data-id=\"aee330e\" data-element_type=\"section\">\n\t\t\t\t\t\t<div class=\"elementor-container elementor-column-gap-default\">\n\t\t\t\t\t<div class=\"elementor-column elementor-col-100 elementor-top-column elementor-element elementor-element-a05679e\" data-id=\"a05679e\" data-element_type=\"column\">\n\t\t\t<div class=\"elementor-widget-wrap elementor-element-populated\">\n\t\t\t\t\t\t<div class=\"elementor-element elementor-element-75109ca elementor-widget elementor-widget-text-editor\" data-id=\"75109ca\" data-element_type=\"widget\" data-widget_type=\"text-editor.default\">\n\t\t\t\t<div class=\"elementor-widget-container\">\n\t\t\t\t\t\t\t\t\t<h5><strong><span style=\"color: #000000;\">Biblioteca da EB1 c\/JI Infante D.Henrique<\/span><\/strong><\/h5><h5><strong><span style=\"color: #000000;\"><a href=\"https:\/\/aefernandopessoa.edu.pt\/wp-content\/uploads\/2025\/09\/biblio-idh-scaled.png\"><img loading=\"lazy\" decoding=\"async\" class=\"alignnone wp-image-2959\" src=\"https:\/\/aefernandopessoa.edu.pt\/wp-content\/uploads\/2025\/09\/biblio-idh-300x124.png\" alt=\"\" width=\"439\" height=\"181\" srcset=\"https:\/\/aefernandopessoa.edu.pt\/wp-content\/uploads\/2025\/09\/biblio-idh-300x124.png 300w, https:\/\/aefernandopessoa.edu.pt\/wp-content\/uploads\/2025\/09\/biblio-idh-1024x424.png 1024w, https:\/\/aefernandopessoa.edu.pt\/wp-content\/uploads\/2025\/09\/biblio-idh-768x318.png 768w, https:\/\/aefernandopessoa.edu.pt\/wp-content\/uploads\/2025\/09\/biblio-idh-1536x636.png 1536w, https:\/\/aefernandopessoa.edu.pt\/wp-content\/uploads\/2025\/09\/biblio-idh-2048x849.png 2048w\" sizes=\"(max-width: 439px) 100vw, 439px\" \/><\/a><\/span><\/strong><\/h5>\t\t\t\t\t\t\t\t<\/div>\n\t\t\t\t<\/div>\n\t\t\t\t\t<\/div>\n\t\t<\/div>\n\t\t\t\t\t<\/div>\n\t\t<\/section>\n\t\t\t\t<\/div>\n\t\t","protected":false},"excerpt":{"rendered":"<p>Bibliotecas Escolares MISS\u00c3O DA BIBLIOTECA ESCOLAR \u201cEst\u00e1 demonstrado que, quando professores e professores bibliotec\u00e1rios trabalham em conjunto, os estudantes atingem maiores n\u00edveis de literacia, de leitura, de capacidade de resolu\u00e7\u00e3o de problemas, bem como que adquirem compet\u00eancias de informa\u00e7\u00e3o e comunica\u00e7\u00e3o.\u201d in Manifesto das Bibliotecas Escolares da IFLA\/UNESCO (2000) \u00a0 Do Agrupamento, tr\u00eas bibliotecas escolares [&hellip;]<\/p>\n","protected":false},"author":10,"featured_media":0,"parent":0,"menu_order":0,"comment_status":"closed","ping_status":"closed","template":"elementor_header_footer","meta":{"_seopress_robots_primary_cat":"","_seopress_titles_title":"","_seopress_titles_desc":"","_seopress_robots_index":"","footnotes":""},"class_list":["post-1412","page","type-page","status-publish","hentry"],"_links":{"self":[{"href":"https:\/\/aefernandopessoa.edu.pt\/index.php\/wp-json\/wp\/v2\/pages\/1412","targetHints":{"allow":["GET"]}}],"collection":[{"href":"https:\/\/aefernandopessoa.edu.pt\/index.php\/wp-json\/wp\/v2\/pages"}],"about":[{"href":"https:\/\/aefernandopessoa.edu.pt\/index.php\/wp-json\/wp\/v2\/types\/page"}],"author":[{"embeddable":true,"href":"https:\/\/aefernandopessoa.edu.pt\/index.php\/wp-json\/wp\/v2\/users\/10"}],"replies":[{"embeddable":true,"href":"https:\/\/aefernandopessoa.edu.pt\/index.php\/wp-json\/wp\/v2\/comments?post=1412"}],"version-history":[{"count":88,"href":"https:\/\/aefernandopessoa.edu.pt\/index.php\/wp-json\/wp\/v2\/pages\/1412\/revisions"}],"predecessor-version":[{"id":3015,"href":"https:\/\/aefernandopessoa.edu.pt\/index.php\/wp-json\/wp\/v2\/pages\/1412\/revisions\/3015"}],"wp:attachment":[{"href":"https:\/\/aefernandopessoa.edu.pt\/index.php\/wp-json\/wp\/v2\/media?parent=1412"}],"curies":[{"name":"wp","href":"https:\/\/api.w.org\/{rel}","templated":true}]}}