{"id":1397,"date":"2025-03-19T21:54:39","date_gmt":"2025-03-19T21:54:39","guid":{"rendered":"https:\/\/aefernandopessoa.edu.pt\/?page_id=1397"},"modified":"2025-09-27T17:36:21","modified_gmt":"2025-09-27T17:36:21","slug":"servico-de-psicologia-e-orientacao-spo","status":"publish","type":"page","link":"https:\/\/aefernandopessoa.edu.pt\/index.php\/servico-de-psicologia-e-orientacao-spo\/","title":{"rendered":"Servi\u00e7o de Psicologia e Orienta\u00e7\u00e3o (SPO)"},"content":{"rendered":"\t\t<div data-elementor-type=\"wp-page\" data-elementor-id=\"1397\" class=\"elementor elementor-1397\">\n\t\t\t\t\t\t<section class=\"elementor-section elementor-top-section elementor-element elementor-element-441948bb elementor-section-boxed elementor-section-height-default elementor-section-height-default\" data-id=\"441948bb\" data-element_type=\"section\" data-settings=\"{&quot;background_background&quot;:&quot;classic&quot;}\">\n\t\t\t\t\t\t\t<div class=\"elementor-background-overlay\"><\/div>\n\t\t\t\t\t\t\t<div class=\"elementor-container elementor-column-gap-default\">\n\t\t\t\t\t<div class=\"elementor-column elementor-col-100 elementor-top-column elementor-element elementor-element-6621002c\" data-id=\"6621002c\" data-element_type=\"column\">\n\t\t\t<div class=\"elementor-widget-wrap elementor-element-populated\">\n\t\t\t\t\t\t<div class=\"elementor-element elementor-element-372914db elementor-widget elementor-widget-heading\" data-id=\"372914db\" data-element_type=\"widget\" data-widget_type=\"heading.default\">\n\t\t\t\t<div class=\"elementor-widget-container\">\n\t\t\t\t\t<h2 class=\"elementor-heading-title elementor-size-default\">Servi\u00e7o de Psicologia e Orienta\u00e7\u00e3o<\/h2>\t\t\t\t<\/div>\n\t\t\t\t<\/div>\n\t\t\t\t\t<\/div>\n\t\t<\/div>\n\t\t\t\t\t<\/div>\n\t\t<\/section>\n\t\t\t\t<section class=\"elementor-section elementor-top-section elementor-element elementor-element-29d70c0 elementor-section-boxed elementor-section-height-default elementor-section-height-default\" data-id=\"29d70c0\" data-element_type=\"section\">\n\t\t\t\t\t\t<div class=\"elementor-container elementor-column-gap-default\">\n\t\t\t\t\t<div class=\"elementor-column elementor-col-100 elementor-top-column elementor-element elementor-element-fdcdd65\" data-id=\"fdcdd65\" data-element_type=\"column\">\n\t\t\t<div class=\"elementor-widget-wrap elementor-element-populated\">\n\t\t\t\t\t\t<div class=\"elementor-element elementor-element-cef4fd4 elementor-widget elementor-widget-text-editor\" data-id=\"cef4fd4\" data-element_type=\"widget\" data-widget_type=\"text-editor.default\">\n\t\t\t\t<div class=\"elementor-widget-container\">\n\t\t\t\t\t\t\t\t\t<p><span style=\"color: #000000;\">O Servi\u00e7o de Psicologia e Orienta\u00e7\u00e3o (SPO) \u00e9 um servi\u00e7o especializado de apoio educativo, com autonomia t\u00e9cnica, cient\u00edfica e deontol\u00f3gica, que articula com os \u00f3rg\u00e3os e estruturas do agrupamento e com outros servi\u00e7os externos para promover condi\u00e7\u00f5es que assegurem a integra\u00e7\u00e3o escolar e social dos alunos e facilitem a sua transi\u00e7\u00e3o para a vida ativa.<span class=\"font-size-14\"><br \/><\/span><\/span><\/p><p class=\"ql-indent-1\"><span style=\"color: #000000;\">Integra um gabinete multidisciplinar constitu\u00eddo tamb\u00e9m pelo Gabinete de Apoio ao Aluno e \u00e0 Fam\u00edlia (GAAF) e pela mediadora Lingu\u00edstica e Cultural, cuja a interven\u00e7\u00e3o abrange todo o Agrupamento.<\/span><\/p><p><span style=\"color: #000000;\">Para aceder a todas as informa\u00e7\u00f5es sobre o SPO consulte: <\/span><a href=\"https:\/\/aefernandopessoa.edu.pt\/wp-content\/uploads\/2025\/09\/SPOGAAFMLC.pdf\">SPO:GAAF:MLC<\/a><\/p>\t\t\t\t\t\t\t\t<\/div>\n\t\t\t\t<\/div>\n\t\t\t\t\t<\/div>\n\t\t<\/div>\n\t\t\t\t\t<\/div>\n\t\t<\/section>\n\t\t\t\t<\/div>\n\t\t","protected":false},"excerpt":{"rendered":"<p>Servi\u00e7o de Psicologia e Orienta\u00e7\u00e3o O Servi\u00e7o de Psicologia e Orienta\u00e7\u00e3o (SPO) \u00e9 um servi\u00e7o especializado de apoio educativo, com autonomia t\u00e9cnica, cient\u00edfica e deontol\u00f3gica, que articula com os \u00f3rg\u00e3os e estruturas do agrupamento e com outros servi\u00e7os externos para promover condi\u00e7\u00f5es que assegurem a integra\u00e7\u00e3o escolar e social dos alunos e facilitem a sua [&hellip;]<\/p>\n","protected":false},"author":10,"featured_media":0,"parent":0,"menu_order":0,"comment_status":"closed","ping_status":"closed","template":"elementor_header_footer","meta":{"_seopress_robots_primary_cat":"","_seopress_titles_title":"","_seopress_titles_desc":"","_seopress_robots_index":"","footnotes":""},"class_list":["post-1397","page","type-page","status-publish","hentry"],"_links":{"self":[{"href":"https:\/\/aefernandopessoa.edu.pt\/index.php\/wp-json\/wp\/v2\/pages\/1397","targetHints":{"allow":["GET"]}}],"collection":[{"href":"https:\/\/aefernandopessoa.edu.pt\/index.php\/wp-json\/wp\/v2\/pages"}],"about":[{"href":"https:\/\/aefernandopessoa.edu.pt\/index.php\/wp-json\/wp\/v2\/types\/page"}],"author":[{"embeddable":true,"href":"https:\/\/aefernandopessoa.edu.pt\/index.php\/wp-json\/wp\/v2\/users\/10"}],"replies":[{"embeddable":true,"href":"https:\/\/aefernandopessoa.edu.pt\/index.php\/wp-json\/wp\/v2\/comments?post=1397"}],"version-history":[{"count":10,"href":"https:\/\/aefernandopessoa.edu.pt\/index.php\/wp-json\/wp\/v2\/pages\/1397\/revisions"}],"predecessor-version":[{"id":2833,"href":"https:\/\/aefernandopessoa.edu.pt\/index.php\/wp-json\/wp\/v2\/pages\/1397\/revisions\/2833"}],"wp:attachment":[{"href":"https:\/\/aefernandopessoa.edu.pt\/index.php\/wp-json\/wp\/v2\/media?parent=1397"}],"curies":[{"name":"wp","href":"https:\/\/api.w.org\/{rel}","templated":true}]}}