{"id":1314,"date":"2025-03-19T14:39:28","date_gmt":"2025-03-19T14:39:28","guid":{"rendered":"https:\/\/aefernandopessoa.edu.pt\/?page_id=1314"},"modified":"2026-03-24T09:05:56","modified_gmt":"2026-03-24T09:05:56","slug":"provas-e-exames","status":"publish","type":"page","link":"https:\/\/aefernandopessoa.edu.pt\/index.php\/provas-e-exames\/","title":{"rendered":"Provas e Exames"},"content":{"rendered":"\t\t<div data-elementor-type=\"wp-page\" data-elementor-id=\"1314\" class=\"elementor elementor-1314\">\n\t\t\t\t\t\t<section class=\"elementor-section elementor-top-section elementor-element elementor-element-1fce7740 elementor-section-boxed elementor-section-height-default elementor-section-height-default\" data-id=\"1fce7740\" data-element_type=\"section\" data-settings=\"{&quot;background_background&quot;:&quot;classic&quot;}\">\n\t\t\t\t\t\t\t<div class=\"elementor-background-overlay\"><\/div>\n\t\t\t\t\t\t\t<div class=\"elementor-container elementor-column-gap-default\">\n\t\t\t\t\t<div class=\"elementor-column elementor-col-100 elementor-top-column elementor-element elementor-element-15d78d98\" data-id=\"15d78d98\" data-element_type=\"column\">\n\t\t\t<div class=\"elementor-widget-wrap elementor-element-populated\">\n\t\t\t\t\t\t<div class=\"elementor-element elementor-element-73180164 elementor-widget elementor-widget-heading\" data-id=\"73180164\" data-element_type=\"widget\" data-widget_type=\"heading.default\">\n\t\t\t\t<div class=\"elementor-widget-container\">\n\t\t\t\t\t<h2 class=\"elementor-heading-title elementor-size-default\">Provas e Exames<\/h2>\t\t\t\t<\/div>\n\t\t\t\t<\/div>\n\t\t\t\t\t<\/div>\n\t\t<\/div>\n\t\t\t\t\t<\/div>\n\t\t<\/section>\n\t\t\t\t<section class=\"elementor-section elementor-top-section elementor-element elementor-element-7d922b9 elementor-section-boxed elementor-section-height-default elementor-section-height-default\" data-id=\"7d922b9\" data-element_type=\"section\">\n\t\t\t\t\t\t<div class=\"elementor-container elementor-column-gap-default\">\n\t\t\t\t\t<div class=\"elementor-column elementor-col-100 elementor-top-column elementor-element elementor-element-8023e44\" data-id=\"8023e44\" data-element_type=\"column\">\n\t\t\t<div class=\"elementor-widget-wrap elementor-element-populated\">\n\t\t\t\t\t\t<div class=\"elementor-element elementor-element-8b98728 elementor-widget elementor-widget-heading\" data-id=\"8b98728\" data-element_type=\"widget\" data-widget_type=\"heading.default\">\n\t\t\t\t<div class=\"elementor-widget-container\">\n\t\t\t\t\t<h2 class=\"elementor-heading-title elementor-size-default\"><b>Provas 2025 - 2026<\/b><\/h2>\t\t\t\t<\/div>\n\t\t\t\t<\/div>\n\t\t\t\t\t<\/div>\n\t\t<\/div>\n\t\t\t\t\t<\/div>\n\t\t<\/section>\n\t\t\t\t<section class=\"elementor-section elementor-top-section elementor-element elementor-element-d5090be elementor-section-boxed elementor-section-height-default elementor-section-height-default\" data-id=\"d5090be\" data-element_type=\"section\">\n\t\t\t\t\t\t<div class=\"elementor-container elementor-column-gap-default\">\n\t\t\t\t\t<div class=\"elementor-column elementor-col-100 elementor-top-column elementor-element elementor-element-7391c48\" data-id=\"7391c48\" data-element_type=\"column\">\n\t\t\t<div class=\"elementor-widget-wrap elementor-element-populated\">\n\t\t\t\t\t\t<div class=\"elementor-element elementor-element-4d0acf9 elementor-widget elementor-widget-text-editor\" data-id=\"4d0acf9\" data-element_type=\"widget\" data-widget_type=\"text-editor.default\">\n\t\t\t\t<div class=\"elementor-widget-container\">\n\t\t\t\t\t\t\t\t\t<p><span style=\"color: #000000;\">Informa\u00e7\u00e3o Prova &#8211; 4.\u00ba ano | 6.\u00ba ano | 9.\u00ba ano<\/span><\/p><p><span style=\"color: #000000;\">Consultar<\/span>\u00a0<a href=\"https:\/\/aefernandopessoa.edu.pt\/wp-content\/uploads\/2025\/12\/Informac\u0327a\u0303o-Prova-Geral-2026_29nov.pdf\">Informac\u0327a\u0303o Prova-Geral-2026_29nov<\/a><\/p>\t\t\t\t\t\t\t\t<\/div>\n\t\t\t\t<\/div>\n\t\t\t\t\t<\/div>\n\t\t<\/div>\n\t\t\t\t\t<\/div>\n\t\t<\/section>\n\t\t\t\t<section class=\"elementor-section elementor-top-section elementor-element elementor-element-e719458 elementor-section-boxed elementor-section-height-default elementor-section-height-default\" data-id=\"e719458\" data-element_type=\"section\">\n\t\t\t\t\t\t<div class=\"elementor-container elementor-column-gap-default\">\n\t\t\t\t\t<div class=\"elementor-column elementor-col-100 elementor-top-column elementor-element elementor-element-0da8134\" data-id=\"0da8134\" data-element_type=\"column\">\n\t\t\t<div class=\"elementor-widget-wrap elementor-element-populated\">\n\t\t\t\t\t\t<div class=\"elementor-element elementor-element-db559e6 elementor-widget elementor-widget-heading\" data-id=\"db559e6\" data-element_type=\"widget\" data-widget_type=\"heading.default\">\n\t\t\t\t<div class=\"elementor-widget-container\">\n\t\t\t\t\t<h2 class=\"elementor-heading-title elementor-size-default\">Calend\u00e1rio de Provas Ensaio, Provas ModA e Provas Finais 2025\/2026\n<\/h2>\t\t\t\t<\/div>\n\t\t\t\t<\/div>\n\t\t\t\t\t<\/div>\n\t\t<\/div>\n\t\t\t\t\t<\/div>\n\t\t<\/section>\n\t\t\t\t<section class=\"elementor-section elementor-top-section elementor-element elementor-element-dbee5c5 elementor-section-boxed elementor-section-height-default elementor-section-height-default\" data-id=\"dbee5c5\" data-element_type=\"section\">\n\t\t\t\t\t\t<div class=\"elementor-container elementor-column-gap-default\">\n\t\t\t\t\t<div class=\"elementor-column elementor-col-100 elementor-top-column elementor-element elementor-element-f963f49\" data-id=\"f963f49\" data-element_type=\"column\">\n\t\t\t<div class=\"elementor-widget-wrap elementor-element-populated\">\n\t\t\t\t\t\t<div class=\"elementor-element elementor-element-d84e008 elementor-widget elementor-widget-text-editor\" data-id=\"d84e008\" data-element_type=\"widget\" data-widget_type=\"text-editor.default\">\n\t\t\t\t<div class=\"elementor-widget-container\">\n\t\t\t\t\t\t\t\t\t<p><span style=\"color: #000000;\">Informa\u00e7\u00e3o Minist\u00e9rio da Educa\u00e7\u00e3o &#8211; recalendariza\u00e7\u00e3o de Provas<\/span><\/p><p><span style=\"color: #000000;\">Consultar<\/span> &#8211; <a href=\"https:\/\/aefernandopessoa.edu.pt\/wp-content\/uploads\/2026\/03\/MECI_-recalendarizac\u0327a\u0303o-das-provas-ensaio-2025-2026_.pdf\">MECI_ recalendarizac\u0327a\u0303o das provas ensaio 2025-2026_<\/a><\/p>\t\t\t\t\t\t\t\t<\/div>\n\t\t\t\t<\/div>\n\t\t\t\t<div class=\"elementor-element elementor-element-0e42795 elementor-widget elementor-widget-text-editor\" data-id=\"0e42795\" data-element_type=\"widget\" data-widget_type=\"text-editor.default\">\n\t\t\t\t<div class=\"elementor-widget-container\">\n\t\t\t\t\t\t\t\t\t<p><strong><span style=\"color: #000000;\">Calend\u00e1rio das Provas Ensaio &#8211; Agrupamento Escolas Fernando Pessoa<\/span><\/strong><\/p><p><span style=\"color: #000000;\">Consultar &#8211; <a href=\"https:\/\/aefernandopessoa.edu.pt\/wp-content\/uploads\/2026\/03\/Calenda\u0301rio-Provas_Ensaio-2026.pdf\">Calenda\u0301rio Provas_Ensaio 2026<\/a><\/span><\/p>\t\t\t\t\t\t\t\t<\/div>\n\t\t\t\t<\/div>\n\t\t\t\t<div class=\"elementor-element elementor-element-eac2102 elementor-widget elementor-widget-text-editor\" data-id=\"eac2102\" data-element_type=\"widget\" data-widget_type=\"text-editor.default\">\n\t\t\t\t<div class=\"elementor-widget-container\">\n\t\t\t\t\t\t\t\t\t<p><span style=\"color: #000000;\"><strong>Calend\u00e1rio das Provas ModA e Provas Finais<\/strong><\/span><\/p><p><span style=\"color: #000000;\">Consultar<\/span> &#8211; <a href=\"https:\/\/aefernandopessoa.edu.pt\/wp-content\/uploads\/2026\/03\/Calenda\u0301rio-Provas-ModA-e-Finais-_25_26_Despacho-n.o-14616-A202.pdf\">Calenda\u0301rio Provas ModA e Finais _25_26_Despacho n.\u00ba 14616-A202<\/a><\/p>\t\t\t\t\t\t\t\t<\/div>\n\t\t\t\t<\/div>\n\t\t\t\t\t<\/div>\n\t\t<\/div>\n\t\t\t\t\t<\/div>\n\t\t<\/section>\n\t\t\t\t<section class=\"elementor-section elementor-top-section elementor-element elementor-element-0df5835 elementor-section-boxed elementor-section-height-default elementor-section-height-default\" data-id=\"0df5835\" data-element_type=\"section\">\n\t\t\t\t\t\t<div class=\"elementor-container elementor-column-gap-default\">\n\t\t\t\t\t<div class=\"elementor-column elementor-col-100 elementor-top-column elementor-element elementor-element-bf3b39a\" data-id=\"bf3b39a\" data-element_type=\"column\">\n\t\t\t<div class=\"elementor-widget-wrap elementor-element-populated\">\n\t\t\t\t\t\t<div class=\"elementor-element elementor-element-b50006e elementor-widget elementor-widget-heading\" data-id=\"b50006e\" data-element_type=\"widget\" data-widget_type=\"heading.default\">\n\t\t\t\t<div class=\"elementor-widget-container\">\n\t\t\t\t\t<h2 class=\"elementor-heading-title elementor-size-default\">Regulamento das Provas de Avaliac\u0327a\u0303o Externa e das Provas de Equivale\u0302ncia<\/h2>\t\t\t\t<\/div>\n\t\t\t\t<\/div>\n\t\t\t\t\t<\/div>\n\t\t<\/div>\n\t\t\t\t\t<\/div>\n\t\t<\/section>\n\t\t\t\t<section class=\"elementor-section elementor-top-section elementor-element elementor-element-c699161 elementor-section-boxed elementor-section-height-default elementor-section-height-default\" data-id=\"c699161\" data-element_type=\"section\">\n\t\t\t\t\t\t<div class=\"elementor-container elementor-column-gap-default\">\n\t\t\t\t\t<div class=\"elementor-column elementor-col-100 elementor-top-column elementor-element elementor-element-d63fed7\" data-id=\"d63fed7\" data-element_type=\"column\">\n\t\t\t<div class=\"elementor-widget-wrap elementor-element-populated\">\n\t\t\t\t\t\t<div class=\"elementor-element elementor-element-2642ef4 elementor-widget elementor-widget-text-editor\" data-id=\"2642ef4\" data-element_type=\"widget\" data-widget_type=\"text-editor.default\">\n\t\t\t\t<div class=\"elementor-widget-container\">\n\t\t\t\t\t\t\t\t\t<p><span style=\"color: #000000;\">Consultar Regulamento &#8211;<\/span> <a href=\"https:\/\/aefernandopessoa.edu.pt\/wp-content\/uploads\/2026\/03\/Regulamento-das-Provas-de-Avaliac\u0327a\u0303o-Externa-e-das-Provas-de-Equivale\u0302ncia-_DN-3_2026.pdf\">Regulamento das Provas de Avaliac\u0327a\u0303o Externa e das Provas de Equivale\u0302ncia _DN 3_2026<\/a><\/p>\t\t\t\t\t\t\t\t<\/div>\n\t\t\t\t<\/div>\n\t\t\t\t\t<\/div>\n\t\t<\/div>\n\t\t\t\t\t<\/div>\n\t\t<\/section>\n\t\t\t\t<\/div>\n\t\t","protected":false},"excerpt":{"rendered":"<p>Provas e Exames Provas 2025 &#8211; 2026 Informa\u00e7\u00e3o Prova &#8211; 4.\u00ba ano | 6.\u00ba ano | 9.\u00ba ano Consultar\u00a0Informac\u0327a\u0303o Prova-Geral-2026_29nov Calend\u00e1rio de Provas Ensaio, Provas ModA e Provas Finais 2025\/2026 Informa\u00e7\u00e3o Minist\u00e9rio da Educa\u00e7\u00e3o &#8211; recalendariza\u00e7\u00e3o de Provas Consultar &#8211; MECI_ recalendarizac\u0327a\u0303o das provas ensaio 2025-2026_ Calend\u00e1rio das Provas Ensaio &#8211; Agrupamento Escolas Fernando Pessoa [&hellip;]<\/p>\n","protected":false},"author":10,"featured_media":0,"parent":0,"menu_order":0,"comment_status":"closed","ping_status":"closed","template":"elementor_header_footer","meta":{"_seopress_robots_primary_cat":"","_seopress_titles_title":"","_seopress_titles_desc":"","_seopress_robots_index":"","footnotes":""},"class_list":["post-1314","page","type-page","status-publish","hentry"],"_links":{"self":[{"href":"https:\/\/aefernandopessoa.edu.pt\/index.php\/wp-json\/wp\/v2\/pages\/1314","targetHints":{"allow":["GET"]}}],"collection":[{"href":"https:\/\/aefernandopessoa.edu.pt\/index.php\/wp-json\/wp\/v2\/pages"}],"about":[{"href":"https:\/\/aefernandopessoa.edu.pt\/index.php\/wp-json\/wp\/v2\/types\/page"}],"author":[{"embeddable":true,"href":"https:\/\/aefernandopessoa.edu.pt\/index.php\/wp-json\/wp\/v2\/users\/10"}],"replies":[{"embeddable":true,"href":"https:\/\/aefernandopessoa.edu.pt\/index.php\/wp-json\/wp\/v2\/comments?post=1314"}],"version-history":[{"count":61,"href":"https:\/\/aefernandopessoa.edu.pt\/index.php\/wp-json\/wp\/v2\/pages\/1314\/revisions"}],"predecessor-version":[{"id":3760,"href":"https:\/\/aefernandopessoa.edu.pt\/index.php\/wp-json\/wp\/v2\/pages\/1314\/revisions\/3760"}],"wp:attachment":[{"href":"https:\/\/aefernandopessoa.edu.pt\/index.php\/wp-json\/wp\/v2\/media?parent=1314"}],"curies":[{"name":"wp","href":"https:\/\/api.w.org\/{rel}","templated":true}]}}